{"id":5131,"date":"2022-07-07T18:49:19","date_gmt":"2022-07-07T21:49:19","guid":{"rendered":"https:\/\/itsmariagrande-ers.infd.edu.ar\/sitio\/?page_id=5131"},"modified":"2022-07-08T08:45:42","modified_gmt":"2022-07-08T11:45:42","slug":"maestria-en-didactica-de-la-educacion-fisica","status":"publish","type":"page","link":"https:\/\/itsmariagrande-ers.infd.edu.ar\/sitio\/maestria-en-didactica-de-la-educacion-fisica\/","title":{"rendered":"Maestr\u00eda en Did\u00e1ctica de la Educaci\u00f3n F\u00edsica"},"content":{"rendered":"\n<figure class=\"wp-block-image size-large\"><img decoding=\"async\" loading=\"lazy\" width=\"1900\" height=\"160\" src=\"https:\/\/itsmariagrande-ers.infd.edu.ar\/sitio\/wp-content\/uploads\/2022\/07\/Banner-Maestria-Educ.-Fisica.-Logos-UNR-1900x160.png\" alt=\"\" class=\"wp-image-5132\" srcset=\"https:\/\/itsmariagrande-ers.infd.edu.ar\/sitio\/wp-content\/uploads\/2022\/07\/Banner-Maestria-Educ.-Fisica.-Logos-UNR-1900x160.png 1900w, https:\/\/itsmariagrande-ers.infd.edu.ar\/sitio\/wp-content\/uploads\/2022\/07\/Banner-Maestria-Educ.-Fisica.-Logos-UNR-1000x84.png 1000w, https:\/\/itsmariagrande-ers.infd.edu.ar\/sitio\/wp-content\/uploads\/2022\/07\/Banner-Maestria-Educ.-Fisica.-Logos-UNR-768x65.png 768w, https:\/\/itsmariagrande-ers.infd.edu.ar\/sitio\/wp-content\/uploads\/2022\/07\/Banner-Maestria-Educ.-Fisica.-Logos-UNR-1536x129.png 1536w, https:\/\/itsmariagrande-ers.infd.edu.ar\/sitio\/wp-content\/uploads\/2022\/07\/Banner-Maestria-Educ.-Fisica.-Logos-UNR-2048x172.png 2048w\" sizes=\"(max-width: 1900px) 100vw, 1900px\" \/><\/figure>\n\n\n\n<figure class=\"wp-block-image size-large\"><a href=\"https:\/\/forms.gle\/LFfBcQRxZzs3oFoA6\" target=\"_blank\" rel=\"noopener\"><img decoding=\"async\" loading=\"lazy\" width=\"1900\" height=\"235\" src=\"https:\/\/itsmariagrande-ers.infd.edu.ar\/sitio\/wp-content\/uploads\/2022\/07\/Banner-Maestria-Educ.-Fisica.-Preinscripcion-online-1900x235.png\" alt=\"\" class=\"wp-image-5133\" srcset=\"https:\/\/itsmariagrande-ers.infd.edu.ar\/sitio\/wp-content\/uploads\/2022\/07\/Banner-Maestria-Educ.-Fisica.-Preinscripcion-online-1900x235.png 1900w, https:\/\/itsmariagrande-ers.infd.edu.ar\/sitio\/wp-content\/uploads\/2022\/07\/Banner-Maestria-Educ.-Fisica.-Preinscripcion-online-1000x124.png 1000w, https:\/\/itsmariagrande-ers.infd.edu.ar\/sitio\/wp-content\/uploads\/2022\/07\/Banner-Maestria-Educ.-Fisica.-Preinscripcion-online-768x95.png 768w, https:\/\/itsmariagrande-ers.infd.edu.ar\/sitio\/wp-content\/uploads\/2022\/07\/Banner-Maestria-Educ.-Fisica.-Preinscripcion-online-1536x190.png 1536w, https:\/\/itsmariagrande-ers.infd.edu.ar\/sitio\/wp-content\/uploads\/2022\/07\/Banner-Maestria-Educ.-Fisica.-Preinscripcion-online-2048x253.png 2048w\" sizes=\"(max-width: 1900px) 100vw, 1900px\" \/><\/a><\/figure>\n\n\n\n<p><strong><span style=\"color:#084f35\" class=\"has-inline-color\">Aprobada: CONEAU ACTA N\u00b0 457\/17 &#8211; Universidad Nacional de Rosario Resoluci\u00f3n N\u00b0 1556\/16<\/span><\/strong><\/p>\n\n\n\n<p><strong><span style=\"color:#084f35\" class=\"has-inline-color\">INSTITUCI\u00d3N RESPONSABLE:<\/span><\/strong> Facultad de Humanidades y Artes. Universidad Nacional de Rosario (UNR)<\/p>\n\n\n\n<p><strong><span style=\"color:#084f35\" class=\"has-inline-color\">NIVEL:<\/span><\/strong><span class=\"has-inline-color has-vivid-red-color\"> <\/span>Posgrado<\/p>\n\n\n\n<p><span style=\"color:#084f35\" class=\"has-inline-color\"><strong>TIPO DE MAESTR\u00cdA<\/strong>:<\/span><span class=\"has-inline-color has-vivid-red-color\"> <\/span>Profesional, , concluye con la aprobaci\u00f3n de un Proyecto de Intervenci\u00f3n Institucional.<\/p>\n\n\n\n<p><span style=\"color:#084f35\" class=\"has-inline-color\"><strong>MODALIDAD de Cursado:<\/strong> <\/span><\/p>\n\n\n\n<ul><li>Presencial.<\/li><li>Dos (2) encuentros o jornadas completa por mes (viernes y s\u00e1bado del mismo fin de semana)<\/li><li>Env\u00edo de Trabajos Finales de cada seminario: Primera hoja Car\u00e1tula (Sede \u2013 Seminario \u2013 Docente \u2013 Nombre y Apellido del Maestrando \u2013 agregar su email).<\/li><li>Deben enviar los Trabajos Pr\u00e1cticos al correo: maestriaeducfisica2018@gmail.com<\/li><\/ul>\n\n\n\n<p><strong><span style=\"color:#084f35\" class=\"has-inline-color\">Duraci\u00f3n del Cursado:<\/span> <\/strong>2 (dos) a\u00f1os.<\/p>\n\n\n\n<p><strong><span style=\"color:#084f35\" class=\"has-inline-color\">LUGAR de Cursado:<\/span> <\/strong>SUM del Instituto de Educaci\u00f3n Superior \u00abRep\u00fablica de Entre R\u00edos\u00bb, Carlos L\u00f3pez 517, Mar\u00eda Grande, Entre R\u00edos. <\/p>\n\n\n\n<p><strong><span style=\"color:#084f35\" class=\"has-inline-color\">INICIO:<\/span><\/strong><span class=\"has-inline-color has-vivid-red-color\"><strong> <\/strong><\/span>Agosto de 2022 (esta fecha es la planificada, si para la misma se completa el m\u00ednimo de inscriptos que abonen la matr\u00edcula).<\/p>\n\n\n\n<p><span style=\"color:#084f35\" class=\"has-inline-color\"><strong>ACREDITACI\u00d3N<\/strong>: <\/span>Quienes cumplimenten la totalidad de los requisitos acad\u00e9micos del presente Plan de Estudios obtendr\u00e1n el T\u00edtulo de <strong>Mag\u00edster en Did\u00e1ctica de la Educaci\u00f3n F\u00edsica <\/strong>.<\/p>\n\n\n\n<p><strong><span style=\"color:#084f35\" class=\"has-inline-color\">PERFIL DEL T\u00cdTULO: <\/span><\/strong>Los\/as graduados\/as estar\u00e1n capacitados para intervenir en instituciones educativas y deportivas gracias a la s\u00f3lida formaci\u00f3n interdisciplinaria en el conocimiento de la problem\u00e1tica actual de la Educaci\u00f3n F\u00edsica, con competencias espec\u00edficas para gestionar transformaciones tanto en el \u00e1mbito formal como no formal promoviendo organizaciones inteligentes en un entorno complejo.<\/p>\n\n\n\n<p><span style=\"color:#084f35\" class=\"has-inline-color\"><strong>ARANCELES<\/strong>: <\/span><strong>El detalle del arancel se encuentra en la descripci\u00f3n del Formulario de Preinscripci\u00f3n<\/strong><\/p>\n\n\n\n<p><strong><span style=\"color:#084f35\" class=\"has-inline-color\">CONTACTO: <\/span><\/strong>Por informaci\u00f3n, aranceles e inscripci\u00f3n comunicarse con<\/p>\n\n\n\n<ul><li>Sra. Cintia Portillo, Responsable N\u00facleo Educativo<\/li><li>Email <a href=\"mailto:maestriaeducfisica2018@gmail.com\">maestriaeducfisica2018@gmail.com<\/a><\/li><li>WhatsApp &nbsp;3435 00-3347<\/li><\/ul>\n\n\n\n<figure class=\"wp-block-image size-large\"><a href=\"https:\/\/drive.google.com\/file\/d\/1z7Q99RP9SLoGSQmhXeExjzGci7wpYMel\/view?usp=sharing\" target=\"_blank\" rel=\"noopener\"><img decoding=\"async\" loading=\"lazy\" width=\"1900\" height=\"160\" src=\"https:\/\/itsmariagrande-ers.infd.edu.ar\/sitio\/wp-content\/uploads\/2022\/07\/Banner-Maestria-Educ.-Fisica.-Resolucion-CONEAU-1-1900x160.png\" alt=\"\" class=\"wp-image-5136\" srcset=\"https:\/\/itsmariagrande-ers.infd.edu.ar\/sitio\/wp-content\/uploads\/2022\/07\/Banner-Maestria-Educ.-Fisica.-Resolucion-CONEAU-1-1900x160.png 1900w, https:\/\/itsmariagrande-ers.infd.edu.ar\/sitio\/wp-content\/uploads\/2022\/07\/Banner-Maestria-Educ.-Fisica.-Resolucion-CONEAU-1-1000x84.png 1000w, https:\/\/itsmariagrande-ers.infd.edu.ar\/sitio\/wp-content\/uploads\/2022\/07\/Banner-Maestria-Educ.-Fisica.-Resolucion-CONEAU-1-768x65.png 768w, https:\/\/itsmariagrande-ers.infd.edu.ar\/sitio\/wp-content\/uploads\/2022\/07\/Banner-Maestria-Educ.-Fisica.-Resolucion-CONEAU-1-1536x129.png 1536w, https:\/\/itsmariagrande-ers.infd.edu.ar\/sitio\/wp-content\/uploads\/2022\/07\/Banner-Maestria-Educ.-Fisica.-Resolucion-CONEAU-1-2048x172.png 2048w\" sizes=\"(max-width: 1900px) 100vw, 1900px\" \/><\/a><\/figure>\n\n\n\n<figure class=\"wp-block-image size-large\"><a href=\"https:\/\/forms.gle\/LFfBcQRxZzs3oFoA6\" target=\"_blank\" rel=\"noopener\"><img decoding=\"async\" loading=\"lazy\" width=\"1900\" height=\"235\" src=\"https:\/\/itsmariagrande-ers.infd.edu.ar\/sitio\/wp-content\/uploads\/2022\/07\/Banner-Maestria-Educ.-Fisica.-Preinscripcion-online-1-1900x235.png\" alt=\"\" class=\"wp-image-5134\" srcset=\"https:\/\/itsmariagrande-ers.infd.edu.ar\/sitio\/wp-content\/uploads\/2022\/07\/Banner-Maestria-Educ.-Fisica.-Preinscripcion-online-1-1900x235.png 1900w, https:\/\/itsmariagrande-ers.infd.edu.ar\/sitio\/wp-content\/uploads\/2022\/07\/Banner-Maestria-Educ.-Fisica.-Preinscripcion-online-1-1000x124.png 1000w, https:\/\/itsmariagrande-ers.infd.edu.ar\/sitio\/wp-content\/uploads\/2022\/07\/Banner-Maestria-Educ.-Fisica.-Preinscripcion-online-1-768x95.png 768w, https:\/\/itsmariagrande-ers.infd.edu.ar\/sitio\/wp-content\/uploads\/2022\/07\/Banner-Maestria-Educ.-Fisica.-Preinscripcion-online-1-1536x190.png 1536w, https:\/\/itsmariagrande-ers.infd.edu.ar\/sitio\/wp-content\/uploads\/2022\/07\/Banner-Maestria-Educ.-Fisica.-Preinscripcion-online-1-2048x253.png 2048w\" sizes=\"(max-width: 1900px) 100vw, 1900px\" \/><\/a><\/figure>\n\n\n\n<figure class=\"wp-block-image size-large\"><img decoding=\"async\" loading=\"lazy\" width=\"1900\" height=\"160\" src=\"https:\/\/itsmariagrande-ers.infd.edu.ar\/sitio\/wp-content\/uploads\/2022\/07\/Banner-Maestria-Educ.-Fisica.-Logos-ORGANIZADORES-1900x160.png\" alt=\"\" class=\"wp-image-5140\" srcset=\"https:\/\/itsmariagrande-ers.infd.edu.ar\/sitio\/wp-content\/uploads\/2022\/07\/Banner-Maestria-Educ.-Fisica.-Logos-ORGANIZADORES-1900x160.png 1900w, https:\/\/itsmariagrande-ers.infd.edu.ar\/sitio\/wp-content\/uploads\/2022\/07\/Banner-Maestria-Educ.-Fisica.-Logos-ORGANIZADORES-1000x84.png 1000w, https:\/\/itsmariagrande-ers.infd.edu.ar\/sitio\/wp-content\/uploads\/2022\/07\/Banner-Maestria-Educ.-Fisica.-Logos-ORGANIZADORES-768x65.png 768w, https:\/\/itsmariagrande-ers.infd.edu.ar\/sitio\/wp-content\/uploads\/2022\/07\/Banner-Maestria-Educ.-Fisica.-Logos-ORGANIZADORES-1536x129.png 1536w, https:\/\/itsmariagrande-ers.infd.edu.ar\/sitio\/wp-content\/uploads\/2022\/07\/Banner-Maestria-Educ.-Fisica.-Logos-ORGANIZADORES-2048x172.png 2048w\" sizes=\"(max-width: 1900px) 100vw, 1900px\" \/><\/figure>\n\n\n\n<p><\/p>\n","protected":false},"excerpt":{"rendered":"<p>Aprobada: CONEAU ACTA N\u00b0 457\/17 &#8211; Universidad Nacional de Rosario Resoluci\u00f3n N\u00b0 1556\/16 INSTITUCI\u00d3N RESPONSABLE: Facultad de Humanidades y Artes. Universidad Nacional de Rosario (UNR) NIVEL: Posgrado TIPO DE MAESTR\u00cdA: Profesional, , concluye con la aprobaci\u00f3n de un Proyecto de Intervenci\u00f3n Institucional. MODALIDAD de Cursado: Presencial. Dos (2) encuentros o jornadas completa por mes (viernes &#8230; <a title=\"Maestr\u00eda en Did\u00e1ctica de la Educaci\u00f3n F\u00edsica\" class=\"read-more\" href=\"https:\/\/itsmariagrande-ers.infd.edu.ar\/sitio\/maestria-en-didactica-de-la-educacion-fisica\/\" aria-label=\"More on Maestr\u00eda en Did\u00e1ctica de la Educaci\u00f3n F\u00edsica\">[+]<\/a><\/p>\n","protected":false},"author":128,"featured_media":0,"parent":0,"menu_order":0,"comment_status":"closed","ping_status":"closed","template":"","meta":[],"acf":[],"_links":{"self":[{"href":"https:\/\/itsmariagrande-ers.infd.edu.ar\/sitio\/wp-json\/wp\/v2\/pages\/5131"}],"collection":[{"href":"https:\/\/itsmariagrande-ers.infd.edu.ar\/sitio\/wp-json\/wp\/v2\/pages"}],"about":[{"href":"https:\/\/itsmariagrande-ers.infd.edu.ar\/sitio\/wp-json\/wp\/v2\/types\/page"}],"author":[{"embeddable":true,"href":"https:\/\/itsmariagrande-ers.infd.edu.ar\/sitio\/wp-json\/wp\/v2\/users\/128"}],"replies":[{"embeddable":true,"href":"https:\/\/itsmariagrande-ers.infd.edu.ar\/sitio\/wp-json\/wp\/v2\/comments?post=5131"}],"version-history":[{"count":5,"href":"https:\/\/itsmariagrande-ers.infd.edu.ar\/sitio\/wp-json\/wp\/v2\/pages\/5131\/revisions"}],"predecessor-version":[{"id":5147,"href":"https:\/\/itsmariagrande-ers.infd.edu.ar\/sitio\/wp-json\/wp\/v2\/pages\/5131\/revisions\/5147"}],"wp:attachment":[{"href":"https:\/\/itsmariagrande-ers.infd.edu.ar\/sitio\/wp-json\/wp\/v2\/media?parent=5131"}],"curies":[{"name":"wp","href":"https:\/\/api.w.org\/{rel}","templated":true}]}}