{"id":4748,"date":"2022-02-15T19:19:37","date_gmt":"2022-02-15T22:19:37","guid":{"rendered":"https:\/\/itsmariagrande-ers.infd.edu.ar\/sitio\/?page_id=4748"},"modified":"2022-03-23T21:17:36","modified_gmt":"2022-03-24T00:17:36","slug":"sede-la-paz","status":"publish","type":"page","link":"https:\/\/itsmariagrande-ers.infd.edu.ar\/sitio\/sede-la-paz\/","title":{"rendered":"Sede La Paz"},"content":{"rendered":"\n<figure class=\"wp-block-image size-large\"><img decoding=\"async\" loading=\"lazy\" width=\"1900\" height=\"160\" src=\"https:\/\/itsmariagrande-ers.infd.edu.ar\/sitio\/wp-content\/uploads\/2022\/02\/Postitulo-La-Paz.-Encabezado-Pagina-Web-1900x160.png\" alt=\"\" class=\"wp-image-4749\" srcset=\"https:\/\/itsmariagrande-ers.infd.edu.ar\/sitio\/wp-content\/uploads\/2022\/02\/Postitulo-La-Paz.-Encabezado-Pagina-Web-1900x160.png 1900w, https:\/\/itsmariagrande-ers.infd.edu.ar\/sitio\/wp-content\/uploads\/2022\/02\/Postitulo-La-Paz.-Encabezado-Pagina-Web-1000x84.png 1000w, https:\/\/itsmariagrande-ers.infd.edu.ar\/sitio\/wp-content\/uploads\/2022\/02\/Postitulo-La-Paz.-Encabezado-Pagina-Web-768x65.png 768w, https:\/\/itsmariagrande-ers.infd.edu.ar\/sitio\/wp-content\/uploads\/2022\/02\/Postitulo-La-Paz.-Encabezado-Pagina-Web-1536x129.png 1536w, https:\/\/itsmariagrande-ers.infd.edu.ar\/sitio\/wp-content\/uploads\/2022\/02\/Postitulo-La-Paz.-Encabezado-Pagina-Web-2048x172.png 2048w\" sizes=\"(max-width: 1900px) 100vw, 1900px\" \/><\/figure>\n\n\n\n<figure class=\"wp-block-image size-large\"><a href=\"https:\/\/forms.gle\/6CfKWHZrD1vfWCee6\" target=\"_blank\" rel=\"noopener\"><img decoding=\"async\" loading=\"lazy\" width=\"1900\" height=\"235\" src=\"https:\/\/itsmariagrande-ers.infd.edu.ar\/sitio\/wp-content\/uploads\/2022\/02\/Postitulo-La-Paz.-Acceso-Form-Inscripcion-1900x235.png\" alt=\"\" class=\"wp-image-4750\" srcset=\"https:\/\/itsmariagrande-ers.infd.edu.ar\/sitio\/wp-content\/uploads\/2022\/02\/Postitulo-La-Paz.-Acceso-Form-Inscripcion-1900x235.png 1900w, https:\/\/itsmariagrande-ers.infd.edu.ar\/sitio\/wp-content\/uploads\/2022\/02\/Postitulo-La-Paz.-Acceso-Form-Inscripcion-1000x123.png 1000w, https:\/\/itsmariagrande-ers.infd.edu.ar\/sitio\/wp-content\/uploads\/2022\/02\/Postitulo-La-Paz.-Acceso-Form-Inscripcion-768x95.png 768w, https:\/\/itsmariagrande-ers.infd.edu.ar\/sitio\/wp-content\/uploads\/2022\/02\/Postitulo-La-Paz.-Acceso-Form-Inscripcion-1536x190.png 1536w, https:\/\/itsmariagrande-ers.infd.edu.ar\/sitio\/wp-content\/uploads\/2022\/02\/Postitulo-La-Paz.-Acceso-Form-Inscripcion-2048x253.png 2048w\" sizes=\"(max-width: 1900px) 100vw, 1900px\" \/><\/a><\/figure>\n\n\n\n<p>La&nbsp; \u201cActualizaci\u00f3n acad\u00e9mica en Gesti\u00f3n y Conducci\u00f3n de las Instituciones Educativas\u201d,&nbsp;<strong>Aprobada por <a rel=\"noreferrer noopener\" href=\"https:\/\/drive.google.com\/file\/d\/1SMVII1Uggh_f-1lvE2BYH54lSkvA2Qe9\/view?usp=sharing\" target=\"_blank\">Resoluci\u00f3n N\u00b0 1913\/21 CGE<\/a><\/strong>, es una propuesta formativa de desarrollo profesional, pensada por diferentes actores del Instituto de Educaci\u00f3n Superior \u201cRep\u00fablica de Entre R\u00edos\u201d, de Mar\u00eda Grande, Departamento Paran\u00e1, y se enmarca en la propuesta de de postitulaci\u00f3n normada por <a rel=\"noreferrer noopener\" href=\"https:\/\/drive.google.com\/file\/d\/1H0r2mKl_eZFjDN4dQn07yesjSrEJTh3x\/view?usp=sharing\" target=\"_blank\">Resoluci\u00f3n N\u00b0 4964\/19 CGE<\/a>.&nbsp;<\/p>\n\n\n\n<p>Ofrece un recorrido de espacios curriculares que intentar\u00e1n brindar herramientas de pensamiento y generar problematizaciones e intercambios que permitan fortalecer a los equipos de gesti\u00f3n de las diferentes instituciones educativas de la que provienen los participantes.&nbsp;<\/p>\n\n\n\n<p>La apuesta es gestar un espacio de formaci\u00f3n que posibilite,&nbsp; a los docentes que cursan la propuesta, pensar e interrogarse sobre lo acontecido, lo realizado, lo pendiente en t\u00e9rminos de gesti\u00f3n pedag\u00f3gica y de esa forma empoderar la gesti\u00f3n de las instituciones.<\/p>\n\n\n\n<p><strong><span style=\"color:#1b7202\" class=\"has-inline-color\">Destinatarios:<\/span><\/strong><span style=\"color:#165305\" class=\"has-inline-color\">&nbsp;<\/span>Equipos Directivos y de Gesti\u00f3n, Docentes de todos los Niveles y Modalidades del Sistema Educativo entrerriano<\/p>\n\n\n\n<p><strong><span style=\"color:#1b7202\" class=\"has-inline-color\">Equipo Responsable de la Actualizaci\u00f3n<\/span><\/strong><\/p>\n\n\n\n<p>Director: Prof. Hern\u00e1n Monz\u00f3n<\/p>\n\n\n\n<p>Co Directora: Lic. Daniela Burkhard<\/p>\n\n\n\n<p><strong><span style=\"color:#1b7202\" class=\"has-inline-color\">Organizaci\u00f3n<\/span><\/strong><\/p>\n\n\n\n<ul><li>Carga Horaria: 230 hs. reloj<\/li><li>Modalidad de cursado: Bimodal (presencial y virtual).\u00a0<\/li><li>Inicio: Abril 2022<\/li><li>Cursado: <ul><li>Entre Abril y Julio de 2022<\/li><li>S\u00e1bados de 8:30 a 13:00 hs., con una periodicidad no menos a 15 d\u00edas entre cada encuentro.<\/li><li>Lugar: Edificio escolar del Instituto \u00abNuestra Se\u00f1ora de la Merced\u00bb,  Belgrano 950, La Paz, Entre R\u00edos.<\/li><\/ul><\/li><\/ul>\n\n\n\n<p><strong><span style=\"color:#1b7202\" class=\"has-inline-color\">Recorrido Formativo<\/span><\/strong><\/p>\n\n\n\n<figure class=\"wp-block-table is-style-stripes\"><table><tbody><tr><td><strong>Eje<\/strong><\/td><td><strong>Espacio curricular<\/strong><\/td><td>&#8212;<\/td><td class=\"has-text-align-center\" data-align=\"center\"><strong>C.H. (reloj)<\/strong><\/td><\/tr><tr><td><strong>1- Las instituciones educativas: la gesti\u00f3n y la conducci\u00f3n<\/strong><\/td><td><strong><u>Seminario<\/u><\/strong><strong>: La gesti\u00f3n educativa en tiempos alterados<\/strong><\/td><td>&#8212;<\/td><td class=\"has-text-align-center\" data-align=\"center\"><strong>40 hs.<\/strong><\/td><\/tr><tr><td>&nbsp;&nbsp;<strong>2- Sujetos y v\u00ednculos pedag\u00f3gicos en las instituciones<\/strong><\/td><td><strong><u>Seminario<\/u><\/strong><strong>: Ense\u00f1ar y aprender: explorando pedagog\u00edas en tiempos de excepci\u00f3n<\/strong><\/td><td>&#8212;<\/td><td class=\"has-text-align-center\" data-align=\"center\"><strong>40 hs<\/strong>.<\/td><\/tr><tr><td><\/td><td><strong><strong>Seminario<\/strong>:&nbsp;Las pr\u00e1cticas docentes como territorio de lo posible<\/strong><\/td><td><\/td><td class=\"has-text-align-center\" data-align=\"center\"><strong>40 hs.<\/strong><\/td><\/tr><tr><td><strong>3- Evaluaci\u00f3n: miradas desde la gesti\u00f3n<\/strong><\/td><td><strong><u>Seminario<\/u><\/strong><strong>: Evaluaciones de las instituciones escolares, pr\u00e1cticas que&nbsp; interpelan sentidos en escenarios complejos y en tiempos de pandemia<\/strong><\/td><td>&#8212;<\/td><td class=\"has-text-align-center\" data-align=\"center\"><strong>40 hs.<\/strong><\/td><\/tr><tr><td><strong>4- TIC y Educaci\u00f3n<\/strong><\/td><td><strong><u>Seminario- taller<\/u><\/strong><strong>: Las TIC como posibilidad para resignificar la gesti\u00f3n educativa y las pr\u00e1cticas de ense\u00f1anza en tiempos de ubicuidad<\/strong><\/td><td>&#8212;<\/td><td class=\"has-text-align-center\" data-align=\"center\"><strong>40 hs<\/strong>.<\/td><\/tr><tr><td><strong>Taller: Escritura y acompa\u00f1amiento al trabajo final<\/strong><\/td><td><\/td><td><strong>&#8211;<\/strong><\/td><td class=\"has-text-align-center\" data-align=\"center\"><strong>30 hs.<\/strong><\/td><\/tr><tr><td><strong>CARGA HORARIA TOTAL<\/strong><\/td><td><\/td><td>&nbsp;<\/td><td class=\"has-text-align-center\" data-align=\"center\"><strong>230 Hs.<\/strong><\/td><\/tr><\/tbody><\/table><\/figure>\n\n\n\n<p><strong><span style=\"color:#1b7202\" class=\"has-inline-color\">Consultas<\/span><\/strong><\/p>\n\n\n\n<ul><li>Correo:&nbsp;&nbsp;<a href=\"mailto:postitulo.gestion.iesrer@gmail.com\">postitulo.gestion.iesrer@gmail.com<\/a><\/li><\/ul>\n\n\n\n<figure class=\"wp-block-image size-large\"><a href=\"https:\/\/forms.gle\/6CfKWHZrD1vfWCee6\" target=\"_blank\" rel=\"noopener\"><img decoding=\"async\" loading=\"lazy\" width=\"1900\" height=\"235\" src=\"https:\/\/itsmariagrande-ers.infd.edu.ar\/sitio\/wp-content\/uploads\/2022\/02\/Postitulo-La-Paz.-Acceso-Form-Inscripcion-1-1900x235.png\" alt=\"\" class=\"wp-image-4751\" srcset=\"https:\/\/itsmariagrande-ers.infd.edu.ar\/sitio\/wp-content\/uploads\/2022\/02\/Postitulo-La-Paz.-Acceso-Form-Inscripcion-1-1900x235.png 1900w, https:\/\/itsmariagrande-ers.infd.edu.ar\/sitio\/wp-content\/uploads\/2022\/02\/Postitulo-La-Paz.-Acceso-Form-Inscripcion-1-1000x123.png 1000w, https:\/\/itsmariagrande-ers.infd.edu.ar\/sitio\/wp-content\/uploads\/2022\/02\/Postitulo-La-Paz.-Acceso-Form-Inscripcion-1-768x95.png 768w, https:\/\/itsmariagrande-ers.infd.edu.ar\/sitio\/wp-content\/uploads\/2022\/02\/Postitulo-La-Paz.-Acceso-Form-Inscripcion-1-1536x190.png 1536w, https:\/\/itsmariagrande-ers.infd.edu.ar\/sitio\/wp-content\/uploads\/2022\/02\/Postitulo-La-Paz.-Acceso-Form-Inscripcion-1-2048x253.png 2048w\" sizes=\"(max-width: 1900px) 100vw, 1900px\" \/><\/a><\/figure>\n","protected":false},"excerpt":{"rendered":"<p>La&nbsp; \u201cActualizaci\u00f3n acad\u00e9mica en Gesti\u00f3n y Conducci\u00f3n de las Instituciones Educativas\u201d,&nbsp;Aprobada por Resoluci\u00f3n N\u00b0 1913\/21 CGE, es una propuesta formativa de desarrollo profesional, pensada por diferentes actores del Instituto de Educaci\u00f3n Superior \u201cRep\u00fablica de Entre R\u00edos\u201d, de Mar\u00eda Grande, Departamento Paran\u00e1, y se enmarca en la propuesta de de postitulaci\u00f3n normada por Resoluci\u00f3n N\u00b0 4964\/19 &#8230; <a title=\"Sede La Paz\" class=\"read-more\" href=\"https:\/\/itsmariagrande-ers.infd.edu.ar\/sitio\/sede-la-paz\/\" aria-label=\"More on Sede La Paz\">[+]<\/a><\/p>\n","protected":false},"author":128,"featured_media":0,"parent":0,"menu_order":0,"comment_status":"closed","ping_status":"closed","template":"","meta":[],"acf":[],"_links":{"self":[{"href":"https:\/\/itsmariagrande-ers.infd.edu.ar\/sitio\/wp-json\/wp\/v2\/pages\/4748"}],"collection":[{"href":"https:\/\/itsmariagrande-ers.infd.edu.ar\/sitio\/wp-json\/wp\/v2\/pages"}],"about":[{"href":"https:\/\/itsmariagrande-ers.infd.edu.ar\/sitio\/wp-json\/wp\/v2\/types\/page"}],"author":[{"embeddable":true,"href":"https:\/\/itsmariagrande-ers.infd.edu.ar\/sitio\/wp-json\/wp\/v2\/users\/128"}],"replies":[{"embeddable":true,"href":"https:\/\/itsmariagrande-ers.infd.edu.ar\/sitio\/wp-json\/wp\/v2\/comments?post=4748"}],"version-history":[{"count":7,"href":"https:\/\/itsmariagrande-ers.infd.edu.ar\/sitio\/wp-json\/wp\/v2\/pages\/4748\/revisions"}],"predecessor-version":[{"id":4870,"href":"https:\/\/itsmariagrande-ers.infd.edu.ar\/sitio\/wp-json\/wp\/v2\/pages\/4748\/revisions\/4870"}],"wp:attachment":[{"href":"https:\/\/itsmariagrande-ers.infd.edu.ar\/sitio\/wp-json\/wp\/v2\/media?parent=4748"}],"curies":[{"name":"wp","href":"https:\/\/api.w.org\/{rel}","templated":true}]}}