{"id":4446,"date":"2021-09-23T19:17:02","date_gmt":"2021-09-23T22:17:02","guid":{"rendered":"https:\/\/itsmariagrande-ers.infd.edu.ar\/sitio\/?page_id=4446"},"modified":"2026-02-05T20:33:47","modified_gmt":"2026-02-05T23:33:47","slug":"turismo-y-gestion-de-servicios","status":"publish","type":"page","link":"https:\/\/itsmariagrande-ers.infd.edu.ar\/sitio\/turismo-y-gestion-de-servicios\/","title":{"rendered":"Turismo y Gesti\u00f3n de Servicios"},"content":{"rendered":"\n<figure class=\"wp-block-image size-large\"><a href=\"https:\/\/docs.google.com\/forms\/d\/e\/1FAIpQLSfjShG619dPOAh8t6tKViviaGkfLcT6R71wP3kylhHGCZs0WA\/viewform?usp=header\" target=\"_blank\" rel=\"noreferrer noopener\"><img decoding=\"async\" loading=\"lazy\" width=\"1900\" height=\"265\" src=\"https:\/\/itsmariagrande-ers.infd.edu.ar\/sitio\/wp-content\/uploads\/2025\/10\/2026-Banner-paginas-web-preinscripciones-2026-1900x265.png\" alt=\"\" class=\"wp-image-7033\" srcset=\"https:\/\/itsmariagrande-ers.infd.edu.ar\/sitio\/wp-content\/uploads\/2025\/10\/2026-Banner-paginas-web-preinscripciones-2026-1900x265.png 1900w, https:\/\/itsmariagrande-ers.infd.edu.ar\/sitio\/wp-content\/uploads\/2025\/10\/2026-Banner-paginas-web-preinscripciones-2026-1000x139.png 1000w, https:\/\/itsmariagrande-ers.infd.edu.ar\/sitio\/wp-content\/uploads\/2025\/10\/2026-Banner-paginas-web-preinscripciones-2026-768x107.png 768w, https:\/\/itsmariagrande-ers.infd.edu.ar\/sitio\/wp-content\/uploads\/2025\/10\/2026-Banner-paginas-web-preinscripciones-2026-1536x214.png 1536w, https:\/\/itsmariagrande-ers.infd.edu.ar\/sitio\/wp-content\/uploads\/2025\/10\/2026-Banner-paginas-web-preinscripciones-2026-2048x286.png 2048w\" sizes=\"(max-width: 1900px) 100vw, 1900px\" \/><\/a><\/figure>\n\n\n\n<h1 class=\"wp-block-heading\"><span style=\"font-family: verdana, geneva, sans-serif; font-size: 1rem; color: #003366;\"><strong>Informaci\u00f3n General<\/strong><\/span><\/h1>\n\n\n\n<p><span style=\"font-family: verdana, geneva, sans-serif; font-size: 1rem;\">La Tecnicatura Superior en Turismo y Gesti\u00f3n de Servicios es creada en el a\u00f1o 2022 por Res. 0222\/22 del <a rel=\"noopener\" href=\"http:\/\/www.entrerios.gov.ar\/CGE\/2010\/\" target=\"_blank\">Consejo General de Educaci\u00f3n de la Provincia de Entre R\u00edos<\/a>.&nbsp;<\/span><\/p>\n\n\n\n<p>S<span style=\"font-family: verdana, geneva, sans-serif; font-size: 1rem;\">us actividades \u00e1ulicas se desarrollan en las instalaciones de la Escuela de Educaci\u00f3n T\u00e9cnica \u00abGral. Enrique Mosconi\u00bb, sita en Sarmiento 380 de la Ciudad de Mar\u00eda Grande.<\/span><\/p>\n\n\n\n<h1 class=\"wp-block-heading\"><span style=\"font-size: 1rem; font-family: verdana, geneva, sans-serif; color: #003366;\"><strong>Estructura Curricular:<\/strong><\/span><\/h1>\n\n\n\n<ul>\n<li><span style=\"font-family: verdana, geneva, sans-serif; font-size: 1rem;\">Cantidad de a\u00f1os de cursado: 3<\/span><\/li>\n\n\n\n<li><span style=\"font-family: verdana, geneva, sans-serif; font-size: 1rem;\">Cantidad de materias: 32 (Incluye las UDI)<\/span>\n<ul>\n<li><span style=\"font-family: verdana, geneva, sans-serif; font-size: 1rem;\">1er. A\u00f1o: 11<\/span><\/li>\n\n\n\n<li><span style=\"font-family: verdana, geneva, sans-serif; font-size: 1rem;\">2do. A\u00f1o: 11<\/span><\/li>\n\n\n\n<li><span style=\"font-family: verdana, geneva, sans-serif; font-size: 1rem;\">3er. A\u00f1o: 10<\/span> <\/li>\n<\/ul>\n<\/li>\n\n\n\n<li><span style=\"font-family: verdana, geneva, sans-serif; font-size: 1rem;\">Carga Horaria semanal total de la trayectoria formativa: 96 hs. c\u00e1tedra semanales:<\/span>\n<ul>\n<li><span style=\"font-family: verdana, geneva, sans-serif; font-size: 1rem;\">1er. A\u00f1o: 34 hs.<\/span><\/li>\n\n\n\n<li><span style=\"font-family: verdana, geneva, sans-serif; font-size: 1rem;\">2do. A\u00f1o: 31 hs.<\/span><\/li>\n\n\n\n<li><span style=\"font-family: verdana, geneva, sans-serif; font-size: 1rem;\">3er. A\u00f1o: 31 hs.<\/span> <\/li>\n<\/ul>\n<\/li>\n<\/ul>\n\n\n\n<h1 class=\"wp-block-heading\"><span style=\"font-family: verdana, geneva, sans-serif; font-size: 1rem; color: #003366;\"><strong>R\u00e9gimen de Correlativi<\/strong><strong>dades:<\/strong><\/span><\/h1>\n\n\n\n<ul>\n<li><span style=\"font-family: verdana, geneva, sans-serif; font-size: 1rem;\">Para <strong>cursar<\/strong>&nbsp;materias (unidades curriculares) como estudiante regular, debe tener regularizada\/s la\/s unidades curriculares correlativa\/s.<\/span><\/li>\n\n\n\n<li><span style=\"font-family: verdana, geneva, sans-serif; font-size: 1rem;\">Para acreditar o aprobar una materia (unidad curricular), debe tener la\/s correlativa\/s aprobadas.<\/span><\/li>\n<\/ul>\n\n\n\n<h1 class=\"wp-block-heading\"><span style=\"font-family: verdana, geneva, sans-serif; font-size: 1rem; color: #003366;\"><strong>Plan de Estudios<\/strong><\/span><\/h1>\n\n\n\n<figure class=\"wp-block-image size-large\"><a href=\"https:\/\/itsmariagrande-ers.infd.edu.ar\/sitio\/wp-content\/uploads\/2021\/09\/2015-0831-Diseno-Curricular-de-Tecnicatura-Sup.-en-Turismo-y-Gestion-de-Servicios.pdf\" target=\"_blank\" rel=\"noopener\"><img decoding=\"async\" loading=\"lazy\" width=\"1900\" height=\"331\" src=\"https:\/\/itsmariagrande-ers.infd.edu.ar\/sitio\/wp-content\/uploads\/2021\/09\/Plan-de-Estudios-TURISMO-1900x331.png\" alt=\"\" class=\"wp-image-4452\" srcset=\"https:\/\/itsmariagrande-ers.infd.edu.ar\/sitio\/wp-content\/uploads\/2021\/09\/Plan-de-Estudios-TURISMO-1900x331.png 1900w, https:\/\/itsmariagrande-ers.infd.edu.ar\/sitio\/wp-content\/uploads\/2021\/09\/Plan-de-Estudios-TURISMO-1000x174.png 1000w, https:\/\/itsmariagrande-ers.infd.edu.ar\/sitio\/wp-content\/uploads\/2021\/09\/Plan-de-Estudios-TURISMO-768x134.png 768w, https:\/\/itsmariagrande-ers.infd.edu.ar\/sitio\/wp-content\/uploads\/2021\/09\/Plan-de-Estudios-TURISMO-1536x268.png 1536w, https:\/\/itsmariagrande-ers.infd.edu.ar\/sitio\/wp-content\/uploads\/2021\/09\/Plan-de-Estudios-TURISMO-2048x357.png 2048w\" sizes=\"(max-width: 1900px) 100vw, 1900px\" \/><\/a><\/figure>\n\n\n\n<figure class=\"wp-block-table is-style-stripes\"><table><tbody><tr><td class=\"has-text-align-center\" data-align=\"center\"><\/td><td class=\"has-text-align-center\" data-align=\"center\"><strong>Primer a\u00f1o<\/strong><\/td><td class=\"has-text-align-center\" data-align=\"center\"><strong>&nbsp;Unidad Curricular<\/strong><\/td><td class=\"has-text-align-center\" data-align=\"center\"><strong>Horas c\u00e1tedra semanales<\/strong><\/td><td class=\"has-text-align-center\" data-align=\"center\"><strong>Correlativas<\/strong><\/td><\/tr><tr><td class=\"has-text-align-center\" data-align=\"center\"><\/td><td class=\"has-text-align-center\" data-align=\"center\">1<\/td><td class=\"has-text-align-center\" data-align=\"center\">Estado, Sociedad y Trabajo<\/td><td class=\"has-text-align-center\" data-align=\"center\">2<\/td><td class=\"has-text-align-center\" data-align=\"center\">&#8211;<\/td><\/tr><tr><td class=\"has-text-align-center\" data-align=\"center\"><\/td><td class=\"has-text-align-center\" data-align=\"center\">2<\/td><td class=\"has-text-align-center\" data-align=\"center\">Recursos Tur\u00edsticos I<\/td><td class=\"has-text-align-center\" data-align=\"center\">4<\/td><td class=\"has-text-align-center\" data-align=\"center\">&#8211;<\/td><\/tr><tr><td class=\"has-text-align-center\" data-align=\"center\"><\/td><td class=\"has-text-align-center\" data-align=\"center\">3<\/td><td class=\"has-text-align-center\" data-align=\"center\">Hospitalidad<\/td><td class=\"has-text-align-center\" data-align=\"center\">4<\/td><td class=\"has-text-align-center\" data-align=\"center\">&#8211;<\/td><\/tr><tr><td class=\"has-text-align-center\" data-align=\"center\"><\/td><td class=\"has-text-align-center\" data-align=\"center\">4<\/td><td class=\"has-text-align-center\" data-align=\"center\">TIC<\/td><td class=\"has-text-align-center\" data-align=\"center\">3<\/td><td class=\"has-text-align-center\" data-align=\"center\">&#8211;<\/td><\/tr><tr><td class=\"has-text-align-center\" data-align=\"center\"><\/td><td class=\"has-text-align-center\" data-align=\"center\">5<\/td><td class=\"has-text-align-center\" data-align=\"center\">Turismo I<\/td><td class=\"has-text-align-center\" data-align=\"center\">4<\/td><td class=\"has-text-align-center\" data-align=\"center\">&#8211;<\/td><\/tr><tr><td class=\"has-text-align-center\" data-align=\"center\"><\/td><td class=\"has-text-align-center\" data-align=\"center\">6<\/td><td class=\"has-text-align-center\" data-align=\"center\">Administraci\u00f3n de Empresas Tur\u00edsticas<\/td><td class=\"has-text-align-center\" data-align=\"center\">2<\/td><td class=\"has-text-align-center\" data-align=\"center\">&#8211;<\/td><\/tr><tr><td class=\"has-text-align-center\" data-align=\"center\"><\/td><td class=\"has-text-align-center\" data-align=\"center\">7<\/td><td class=\"has-text-align-center\" data-align=\"center\">Idioma Extranjero: Ingl\u00e9s I<\/td><td class=\"has-text-align-center\" data-align=\"center\">3<\/td><td class=\"has-text-align-center\" data-align=\"center\">&#8211;<\/td><\/tr><tr><td class=\"has-text-align-center\" data-align=\"center\"><\/td><td class=\"has-text-align-center\" data-align=\"center\">8<\/td><td class=\"has-text-align-center\" data-align=\"center\">Idioma Extranjero: Portugu\u00e9s I<\/td><td class=\"has-text-align-center\" data-align=\"center\">2<\/td><td class=\"has-text-align-center\" data-align=\"center\">&#8211;<\/td><\/tr><tr><td class=\"has-text-align-center\" data-align=\"center\"><\/td><td class=\"has-text-align-center\" data-align=\"center\">9<\/td><td class=\"has-text-align-center\" data-align=\"center\">Gesti\u00f3n de actividades recreativas<\/td><td class=\"has-text-align-center\" data-align=\"center\">4<\/td><td class=\"has-text-align-center\" data-align=\"center\">&#8211;<\/td><\/tr><tr><td class=\"has-text-align-center\" data-align=\"center\"><\/td><td class=\"has-text-align-center\" data-align=\"center\">10<\/td><td class=\"has-text-align-center\" data-align=\"center\">Pr\u00e1ctica Profesionalizante I<\/td><td class=\"has-text-align-center\" data-align=\"center\">4<\/td><td class=\"has-text-align-center\" data-align=\"center\">&#8211;<\/td><\/tr><tr><td class=\"has-text-align-center\" data-align=\"center\"><\/td><td class=\"has-text-align-center\" data-align=\"center\">11<\/td><td class=\"has-text-align-center\" data-align=\"center\">UDI I<\/td><td class=\"has-text-align-center\" data-align=\"center\">2<\/td><td class=\"has-text-align-center\" data-align=\"center\">&#8211;<\/td><\/tr><tr><td class=\"has-text-align-center\" data-align=\"center\"><\/td><td class=\"has-text-align-center\" data-align=\"center\"><strong>Segundo A\u00f1o<\/strong><\/td><td class=\"has-text-align-center\" data-align=\"center\"><strong>&nbsp;Unidad Curricular<\/strong><\/td><td class=\"has-text-align-center\" data-align=\"center\"><strong>Horas c\u00e1tedra semanales<\/strong><\/td><td class=\"has-text-align-center\" data-align=\"center\"><strong>Correlativas<\/strong><\/td><\/tr><tr><td class=\"has-text-align-center\" data-align=\"center\"><\/td><td class=\"has-text-align-center\" data-align=\"center\">12<\/td><td class=\"has-text-align-center\" data-align=\"center\">Administraci\u00f3n de Empresas Hoteleras<\/td><td class=\"has-text-align-center\" data-align=\"center\">3<\/td><td class=\"has-text-align-center\" data-align=\"center\">TIC &#8211; Administraci\u00f3n de Empresas Tur\u00edsticas &#8211; Pr\u00e1ctica Profesionalizante I<\/td><\/tr><tr><td class=\"has-text-align-center\" data-align=\"center\"><\/td><td class=\"has-text-align-center\" data-align=\"center\">13<\/td><td class=\"has-text-align-center\" data-align=\"center\">Idioma Extranjero: Ingl\u00e9s II<\/td><td class=\"has-text-align-center\" data-align=\"center\">3<\/td><td class=\"has-text-align-center\" data-align=\"center\">Ingl\u00e9s I<\/td><\/tr><tr><td class=\"has-text-align-center\" data-align=\"center\"><\/td><td class=\"has-text-align-center\" data-align=\"center\">14<\/td><td class=\"has-text-align-center\" data-align=\"center\">Idioma Extranjero: Portugu\u00e9s II<\/td><td class=\"has-text-align-center\" data-align=\"center\">2<\/td><td class=\"has-text-align-center\" data-align=\"center\">Portugu\u00e9s I<\/td><\/tr><tr><td class=\"has-text-align-center\" data-align=\"center\"><\/td><td class=\"has-text-align-center\" data-align=\"center\">15<\/td><td class=\"has-text-align-center\" data-align=\"center\">Recursos Tur\u00edsticos II<\/td><td class=\"has-text-align-center\" data-align=\"center\">4<\/td><td class=\"has-text-align-center\" data-align=\"center\">Recursos Tur\u00edsticos I<\/td><\/tr><tr><td class=\"has-text-align-center\" data-align=\"center\"><\/td><td class=\"has-text-align-center\" data-align=\"center\">16<\/td><td class=\"has-text-align-center\" data-align=\"center\">Turismo II<\/td><td class=\"has-text-align-center\" data-align=\"center\">4<\/td><td class=\"has-text-align-center\" data-align=\"center\">Hospitalidad &#8211; Turismo I<\/td><\/tr><tr><td class=\"has-text-align-center\" data-align=\"center\"><\/td><td class=\"has-text-align-center\" data-align=\"center\">17<\/td><td class=\"has-text-align-center\" data-align=\"center\">\u00c9tica y Deontolog\u00eda Profesional<\/td><td class=\"has-text-align-center\" data-align=\"center\">2<\/td><td class=\"has-text-align-center\" data-align=\"center\">Estado, Sociedad y Trabajo<\/td><\/tr><tr><td class=\"has-text-align-center\" data-align=\"center\"><\/td><td class=\"has-text-align-center\" data-align=\"center\">18<\/td><td class=\"has-text-align-center\" data-align=\"center\">Metodolog\u00eda de la Investigaci\u00f3n<\/td><td class=\"has-text-align-center\" data-align=\"center\">2<\/td><td class=\"has-text-align-center\" data-align=\"center\">Hospitalidad &#8211; TIC &#8211; Administraci\u00f3n de Empresas Tur\u00edsticas &#8211; Pr\u00e1ctica Profesionalizante I<\/td><\/tr><tr><td class=\"has-text-align-center\" data-align=\"center\"><\/td><td class=\"has-text-align-center\" data-align=\"center\">19<\/td><td class=\"has-text-align-center\" data-align=\"center\">Turismo Accesible<\/td><td class=\"has-text-align-center\" data-align=\"center\">2<\/td><td class=\"has-text-align-center\" data-align=\"center\">Recursos Tur\u00edsticos I &#8211; Turismo I &#8211; Gesti\u00f3n de actividades Recreativas<\/td><\/tr><tr><td class=\"has-text-align-center\" data-align=\"center\"><\/td><td class=\"has-text-align-center\" data-align=\"center\">20<\/td><td class=\"has-text-align-center\" data-align=\"center\">Sistemas Inform\u00e1ticos Tur\u00edsticos<\/td><td class=\"has-text-align-center\" data-align=\"center\">2<\/td><td class=\"has-text-align-center\" data-align=\"center\">TIC<\/td><\/tr><tr><td class=\"has-text-align-center\" data-align=\"center\"><\/td><td class=\"has-text-align-center\" data-align=\"center\">21<\/td><td class=\"has-text-align-center\" data-align=\"center\">Pr\u00e1ctica Profesionalizante II<\/td><td class=\"has-text-align-center\" data-align=\"center\">5<\/td><td class=\"has-text-align-center\" data-align=\"center\">Recursos Tur\u00edsticos I &#8211; Administraci\u00f3n de Empresas Tur\u00edsticas &#8211; Pr\u00e1ctica Profesionalizante I<\/td><\/tr><tr><td class=\"has-text-align-center\" data-align=\"center\"><\/td><td class=\"has-text-align-center\" data-align=\"center\">22<\/td><td class=\"has-text-align-center\" data-align=\"center\">UDI II<\/td><td class=\"has-text-align-center\" data-align=\"center\">2<\/td><td class=\"has-text-align-center\" data-align=\"center\">&#8211;<\/td><\/tr><tr><td class=\"has-text-align-center\" data-align=\"center\"><\/td><td class=\"has-text-align-center\" data-align=\"center\"><strong>Tercer A\u00f1o<\/strong><\/td><td class=\"has-text-align-center\" data-align=\"center\"><strong>&nbsp;Unidad Curricular<\/strong><\/td><td class=\"has-text-align-center\" data-align=\"center\"><strong>Horas c\u00e1tedra semanales<\/strong><\/td><td class=\"has-text-align-center\" data-align=\"center\"><strong>Correlativas<\/strong><\/td><\/tr><tr><td class=\"has-text-align-center\" data-align=\"center\"><\/td><td class=\"has-text-align-center\" data-align=\"center\">23<\/td><td class=\"has-text-align-center\" data-align=\"center\">Administraci\u00f3n de Agencias de Viajes<\/td><td class=\"has-text-align-center\" data-align=\"center\">3<\/td><td class=\"has-text-align-center\" data-align=\"center\">Gesti\u00f3n de actividades Recreativas &#8211; Pr\u00e1ctica Profesionalizante I &#8211; Administraci\u00f3n de Empresas Hoteleras<\/td><\/tr><tr><td class=\"has-text-align-center\" data-align=\"center\"><\/td><td class=\"has-text-align-center\" data-align=\"center\">24<\/td><td class=\"has-text-align-center\" data-align=\"center\">Idioma Extranjero: ingl\u00e9s III<\/td><td class=\"has-text-align-center\" data-align=\"center\">3<\/td><td class=\"has-text-align-center\" data-align=\"center\">Ingl\u00e9s II<\/td><\/tr><tr><td class=\"has-text-align-center\" data-align=\"center\"><\/td><td class=\"has-text-align-center\" data-align=\"center\">25<\/td><td class=\"has-text-align-center\" data-align=\"center\">Formulaci\u00f3n y Evaluaci\u00f3n de Proyectos<\/td><td class=\"has-text-align-center\" data-align=\"center\">3<\/td><td class=\"has-text-align-center\" data-align=\"center\">Pr\u00e1ctica Profesionalizante I &#8211; Administraci\u00f3n de Empresas Hoteleras &#8211; Sistemas Inform\u00e1ticos Tur\u00edsticos<\/td><\/tr><tr><td class=\"has-text-align-center\" data-align=\"center\"><\/td><td class=\"has-text-align-center\" data-align=\"center\">26<\/td><td class=\"has-text-align-center\" data-align=\"center\">Derechos Humanos<\/td><td class=\"has-text-align-center\" data-align=\"center\">3<\/td><td class=\"has-text-align-center\" data-align=\"center\">\u00c9tica y Deontolog\u00eda Profesional<\/td><\/tr><tr><td class=\"has-text-align-center\" data-align=\"center\"><\/td><td class=\"has-text-align-center\" data-align=\"center\">27<\/td><td class=\"has-text-align-center\" data-align=\"center\">Legislaci\u00f3n Tur\u00edstica<\/td><td class=\"has-text-align-center\" data-align=\"center\">2<\/td><td class=\"has-text-align-center\" data-align=\"center\">Turismo II &#8211; \u00c9tica y Deontolog\u00eda Profesional<\/td><\/tr><tr><td class=\"has-text-align-center\" data-align=\"center\"><\/td><td class=\"has-text-align-center\" data-align=\"center\">28<\/td><td class=\"has-text-align-center\" data-align=\"center\">Servicios Gastron\u00f3micos<\/td><td class=\"has-text-align-center\" data-align=\"center\">2<\/td><td class=\"has-text-align-center\" data-align=\"center\">Hospitalidad<\/td><\/tr><tr><td class=\"has-text-align-center\" data-align=\"center\"><\/td><td class=\"has-text-align-center\" data-align=\"center\">29<\/td><td class=\"has-text-align-center\" data-align=\"center\">Turismo III<\/td><td class=\"has-text-align-center\" data-align=\"center\">4<\/td><td class=\"has-text-align-center\" data-align=\"center\">Recursos Tur\u00edsticos II &#8211; Turismo II<\/td><\/tr><tr><td class=\"has-text-align-center\" data-align=\"center\"><\/td><td class=\"has-text-align-center\" data-align=\"center\">30<\/td><td class=\"has-text-align-center\" data-align=\"center\">Marketing Estrat\u00e9gico y Operativo<\/td><td class=\"has-text-align-center\" data-align=\"center\">3<\/td><td class=\"has-text-align-center\" data-align=\"center\">Administraci\u00f3n de Empresas Tur\u00edsticas &#8211; Pr\u00e1ctica Profesionalizante I &#8211; Turismo II &#8211; Turismo Accesible<\/td><\/tr><tr><td class=\"has-text-align-center\" data-align=\"center\"><\/td><td class=\"has-text-align-center\" data-align=\"center\">31<\/td><td class=\"has-text-align-center\" data-align=\"center\">Pr\u00e1ctica Profesionalizante III<\/td><td class=\"has-text-align-center\" data-align=\"center\">6<\/td><td class=\"has-text-align-center\" data-align=\"center\">Pr\u00e1ctica Profesionalizante II<\/td><\/tr><tr><td class=\"has-text-align-center\" data-align=\"center\"><\/td><td class=\"has-text-align-center\" data-align=\"center\">32<\/td><td class=\"has-text-align-center\" data-align=\"center\">UDI III<\/td><td class=\"has-text-align-center\" data-align=\"center\">2<\/td><td class=\"has-text-align-center\" data-align=\"center\">&#8211;<\/td><\/tr><tr><td class=\"has-text-align-center\" data-align=\"center\"><\/td><td class=\"has-text-align-center\" data-align=\"center\"><\/td><td class=\"has-text-align-center\" data-align=\"center\"><\/td><td class=\"has-text-align-center\" data-align=\"center\"><\/td><td class=\"has-text-align-center\" data-align=\"center\"><\/td><\/tr><\/tbody><\/table><\/figure>\n\n\n\n<figure class=\"wp-block-image size-large\"><a href=\"https:\/\/docs.google.com\/forms\/d\/e\/1FAIpQLSfjShG619dPOAh8t6tKViviaGkfLcT6R71wP3kylhHGCZs0WA\/viewform?usp=header\" target=\"_blank\" rel=\"noreferrer noopener\"><img decoding=\"async\" loading=\"lazy\" width=\"1900\" height=\"265\" src=\"https:\/\/itsmariagrande-ers.infd.edu.ar\/sitio\/wp-content\/uploads\/2025\/10\/2026-Banner-paginas-web-preinscripciones-2026-1900x265.png\" alt=\"\" class=\"wp-image-7033\" srcset=\"https:\/\/itsmariagrande-ers.infd.edu.ar\/sitio\/wp-content\/uploads\/2025\/10\/2026-Banner-paginas-web-preinscripciones-2026-1900x265.png 1900w, https:\/\/itsmariagrande-ers.infd.edu.ar\/sitio\/wp-content\/uploads\/2025\/10\/2026-Banner-paginas-web-preinscripciones-2026-1000x139.png 1000w, https:\/\/itsmariagrande-ers.infd.edu.ar\/sitio\/wp-content\/uploads\/2025\/10\/2026-Banner-paginas-web-preinscripciones-2026-768x107.png 768w, https:\/\/itsmariagrande-ers.infd.edu.ar\/sitio\/wp-content\/uploads\/2025\/10\/2026-Banner-paginas-web-preinscripciones-2026-1536x214.png 1536w, https:\/\/itsmariagrande-ers.infd.edu.ar\/sitio\/wp-content\/uploads\/2025\/10\/2026-Banner-paginas-web-preinscripciones-2026-2048x286.png 2048w\" sizes=\"(max-width: 1900px) 100vw, 1900px\" \/><\/a><\/figure>\n\n\n\n<p id=\"block-348bd792-1e85-4909-bf9c-82887a18e6de\"><strong>Documentaci\u00f3n a presentar <strong>para completar inscripci\u00f3n<\/strong>, escaneada por mail a iespreceptoria@gmail.com:<\/strong><\/p>\n\n\n\n<ul>\n<li><a rel=\"noreferrer noopener\" href=\"https:\/\/drive.google.com\/file\/d\/15HnpbGt-jpsvFGJPugeLE9ML4oHm5RpC\/view?usp=sharing\" target=\"_blank\">Planilla de solicitud de inscripci\u00f3n (desc<\/a><a href=\"https:\/\/drive.google.com\/file\/d\/15HnpbGt-jpsvFGJPugeLE9ML4oHm5RpC\/view?usp=sharing\" target=\"_blank\" rel=\"noreferrer noopener\">\u00e1rgala<\/a><a rel=\"noreferrer noopener\" href=\"https:\/\/drive.google.com\/file\/d\/15HnpbGt-jpsvFGJPugeLE9ML4oHm5RpC\/view?usp=sharing\" target=\"_blank\">&nbsp;aqu\u00ed)<\/a><\/li>\n\n\n\n<li>Certificado de finalizaci\u00f3n de estudios de Educaci\u00f3n Secundaria o certificado de t\u00edtulo en tr\u00e1mite.<\/li>\n\n\n\n<li>Fotocopia del Documento Nacional de Identidad.<\/li>\n\n\n\n<li>Constancia de C.U.I.L.<\/li>\n\n\n\n<li>Fotos carnet (<a href=\"https:\/\/www.bing.com\/ck\/a?!&amp;&amp;p=0cd7cf711898467aJmltdHM9MTcyNzIyMjQwMCZpZ3VpZD0yZDllZDQ3NC1lNmI0LTZkMWItMTk0NC1jMGY0ZTcxMTZjNjUmaW5zaWQ9NTUxNw&amp;ptn=3&amp;ver=2&amp;hsh=3&amp;fclid=2d9ed474-e6b4-6d1b-1944-c0f4e7116c65&amp;u=a1L2ltYWdlcy9zZWFyY2g_cT1mb3RvK2Nhcm5ldCZpZD00QjNCODA5MkQwQzM0MDg5MEU1MkU1QkNGQjgwRDIxOTQyMDRBNTFGJkZPUk09SVFGUkJB&amp;ntb=1\">Clic aqu\u00ed para ver un ejemplo<\/a>).<\/li>\n\n\n\n<li>Partida de nacimiento debidamente legalizada.<\/li>\n<\/ul>\n\n\n\n<p><\/p>\n","protected":false},"excerpt":{"rendered":"<p>Informaci\u00f3n General La Tecnicatura Superior en Turismo y Gesti\u00f3n de Servicios es creada en el a\u00f1o 2022 por Res. 0222\/22 del Consejo General de Educaci\u00f3n de la Provincia de Entre R\u00edos.&nbsp; Sus actividades \u00e1ulicas se desarrollan en las instalaciones de la Escuela de Educaci\u00f3n T\u00e9cnica \u00abGral. Enrique Mosconi\u00bb, sita en Sarmiento 380 de la Ciudad &#8230; <a title=\"Turismo y Gesti\u00f3n de Servicios\" class=\"read-more\" href=\"https:\/\/itsmariagrande-ers.infd.edu.ar\/sitio\/turismo-y-gestion-de-servicios\/\" aria-label=\"More on Turismo y Gesti\u00f3n de Servicios\">[+]<\/a><\/p>\n","protected":false},"author":128,"featured_media":0,"parent":0,"menu_order":0,"comment_status":"closed","ping_status":"closed","template":"","meta":[],"acf":[],"_links":{"self":[{"href":"https:\/\/itsmariagrande-ers.infd.edu.ar\/sitio\/wp-json\/wp\/v2\/pages\/4446"}],"collection":[{"href":"https:\/\/itsmariagrande-ers.infd.edu.ar\/sitio\/wp-json\/wp\/v2\/pages"}],"about":[{"href":"https:\/\/itsmariagrande-ers.infd.edu.ar\/sitio\/wp-json\/wp\/v2\/types\/page"}],"author":[{"embeddable":true,"href":"https:\/\/itsmariagrande-ers.infd.edu.ar\/sitio\/wp-json\/wp\/v2\/users\/128"}],"replies":[{"embeddable":true,"href":"https:\/\/itsmariagrande-ers.infd.edu.ar\/sitio\/wp-json\/wp\/v2\/comments?post=4446"}],"version-history":[{"count":23,"href":"https:\/\/itsmariagrande-ers.infd.edu.ar\/sitio\/wp-json\/wp\/v2\/pages\/4446\/revisions"}],"predecessor-version":[{"id":7176,"href":"https:\/\/itsmariagrande-ers.infd.edu.ar\/sitio\/wp-json\/wp\/v2\/pages\/4446\/revisions\/7176"}],"wp:attachment":[{"href":"https:\/\/itsmariagrande-ers.infd.edu.ar\/sitio\/wp-json\/wp\/v2\/media?parent=4446"}],"curies":[{"name":"wp","href":"https:\/\/api.w.org\/{rel}","templated":true}]}}