{"id":4318,"date":"2021-09-15T15:01:34","date_gmt":"2021-09-15T18:01:34","guid":{"rendered":"https:\/\/itsmariagrande-ers.infd.edu.ar\/sitio\/?page_id=4318"},"modified":"2022-07-27T19:30:24","modified_gmt":"2022-07-27T22:30:24","slug":"licenciatura-en","status":"publish","type":"page","link":"https:\/\/itsmariagrande-ers.infd.edu.ar\/sitio\/licenciatura-en\/","title":{"rendered":"Licenciatura en Educaci\u00f3n F\u00edsica. Ciclo de Complementaci\u00f3n Curricular"},"content":{"rendered":"\n<figure class=\"wp-block-image size-large\"><img decoding=\"async\" loading=\"lazy\" width=\"1900\" height=\"166\" src=\"https:\/\/itsmariagrande-ers.infd.edu.ar\/sitio\/wp-content\/uploads\/2021\/09\/Lic.-Educacion-Fisica-2022.-Encabezado-Pagina-web-1900x166.png\" alt=\"\" class=\"wp-image-4341\" srcset=\"https:\/\/itsmariagrande-ers.infd.edu.ar\/sitio\/wp-content\/uploads\/2021\/09\/Lic.-Educacion-Fisica-2022.-Encabezado-Pagina-web-1900x166.png 1900w, https:\/\/itsmariagrande-ers.infd.edu.ar\/sitio\/wp-content\/uploads\/2021\/09\/Lic.-Educacion-Fisica-2022.-Encabezado-Pagina-web-1000x87.png 1000w, https:\/\/itsmariagrande-ers.infd.edu.ar\/sitio\/wp-content\/uploads\/2021\/09\/Lic.-Educacion-Fisica-2022.-Encabezado-Pagina-web-768x67.png 768w, https:\/\/itsmariagrande-ers.infd.edu.ar\/sitio\/wp-content\/uploads\/2021\/09\/Lic.-Educacion-Fisica-2022.-Encabezado-Pagina-web-1536x134.png 1536w, https:\/\/itsmariagrande-ers.infd.edu.ar\/sitio\/wp-content\/uploads\/2021\/09\/Lic.-Educacion-Fisica-2022.-Encabezado-Pagina-web-2048x179.png 2048w\" sizes=\"(max-width: 1900px) 100vw, 1900px\" \/><\/figure>\n\n\n\n<figure class=\"wp-block-image size-large\"><img decoding=\"async\" loading=\"lazy\" width=\"1900\" height=\"160\" src=\"https:\/\/itsmariagrande-ers.infd.edu.ar\/sitio\/wp-content\/uploads\/2021\/09\/Lic.-Educacion-Fisica-2022.-Forms-Preinscripcion-1900x160.png\" alt=\"\" class=\"wp-image-4343\" srcset=\"https:\/\/itsmariagrande-ers.infd.edu.ar\/sitio\/wp-content\/uploads\/2021\/09\/Lic.-Educacion-Fisica-2022.-Forms-Preinscripcion-1900x160.png 1900w, https:\/\/itsmariagrande-ers.infd.edu.ar\/sitio\/wp-content\/uploads\/2021\/09\/Lic.-Educacion-Fisica-2022.-Forms-Preinscripcion-1000x84.png 1000w, https:\/\/itsmariagrande-ers.infd.edu.ar\/sitio\/wp-content\/uploads\/2021\/09\/Lic.-Educacion-Fisica-2022.-Forms-Preinscripcion-768x65.png 768w, https:\/\/itsmariagrande-ers.infd.edu.ar\/sitio\/wp-content\/uploads\/2021\/09\/Lic.-Educacion-Fisica-2022.-Forms-Preinscripcion-1536x129.png 1536w, https:\/\/itsmariagrande-ers.infd.edu.ar\/sitio\/wp-content\/uploads\/2021\/09\/Lic.-Educacion-Fisica-2022.-Forms-Preinscripcion-2048x172.png 2048w\" sizes=\"(max-width: 1900px) 100vw, 1900px\" \/><\/figure>\n\n\n\n<p class=\"has-text-align-center\"><span style=\"color:#0071a1\" class=\"has-inline-color\"><strong>**** LAS PREINSCIONES ONLINE HAN SIDO CERRADAS. POR FAVOR COMUNICARSE CON la Sra. Cintia Portillo, Responsable N\u00facleo Educativo al Whatsapp 3435 00-3347 <strong>****<\/strong><\/strong><\/span><\/p>\n\n\n\n<p><strong><span style=\"color:#096187\" class=\"has-inline-color\">INSTITUCI\u00d3N RESPONSABLE:<\/span> <\/strong>Departamento de Ciencias Sociales y Human\u00edsticas . Universidad Nacional de Chaco Austral (UNCAUS)<\/p>\n\n\n\n<p><strong><span style=\"color:#096187\" class=\"has-inline-color\">PROPUESTA DE FORMACI\u00d3N: <\/span><\/strong>Ciclo de Complementaci\u00f3n Curricular<\/p>\n\n\n\n<p><strong><span style=\"color:#096187\" class=\"has-inline-color\">T\u00cdTULO A OTORGAR: <\/span><\/strong>Licenciado\/a en Educaci\u00f3nF\u00edsica.<\/p>\n\n\n\n<p><strong><span style=\"color:#096187\" class=\"has-inline-color\">FINALIDAD: <\/span><\/strong>El CCC de Licenciatura en Educaci\u00f3n F\u00edsica tiene por finalidad la formaci\u00f3n universitaria de graduados de Institutos de Educaci\u00f3n Superior en Educaci\u00f3n F\u00edsica, la profundizaci\u00f3n en distintas \u00e1reas del conocimiento espec\u00edfico y la actualizaci\u00f3n did\u00e1ctica, a fin de concretar la articulaci\u00f3n con el Sistema Educativo Formal.<\/p>\n\n\n\n<p><span style=\"color:#096187\" class=\"has-inline-color\"><strong>MODALIDAD DE DICTADO<\/strong>:<\/span> La organizaci\u00f3n del cursado est\u00e1 estructurada y la modalidad es presencial, con 19 asignaturas y seminarios. Actualmente y por la situaci\u00f3n epidemiol\u00f3gica se dictan virtualmente y quedar\u00e1 sujeto a las condiciones sanitarias y a las definiciones de la Universidad.<\/p>\n\n\n\n<p><span style=\"color:#096187\" class=\"has-inline-color\"><strong>LUGAR DE DICTADO<\/strong>:<\/span> Ciudad de Mar\u00eda Grande, Entre R\u00edos<\/p>\n\n\n\n<p><span style=\"color:#096187\" class=\"has-inline-color\"><strong>CURSADO<\/strong>:<\/span> viernes por la tarde y S\u00e1bado por la ma\u00f1ana, una vez al mes.<\/p>\n\n\n\n<p><strong><span style=\"color:#096187\" class=\"has-inline-color\">DESTINATARIOS: <\/span><\/strong>Graduados de nivel superior, de institutos oficiales o privados reconocidos que posean t\u00edtulo de Maestro o Profesor con competencia docente para Educaci\u00f3n F\u00edsica que hayan sido cursados en dos o m\u00e1s a\u00f1os, con una carga horaria m\u00ednima de 1800 horas reloj.<\/p>\n\n\n\n<p><strong><span style=\"color:#096187\" class=\"has-inline-color\">INICIO:<\/span> <\/strong>Viernes 29 de julio de  2022.<\/p>\n\n\n\n<p><strong><span style=\"color:#096187\" class=\"has-inline-color\">ORGANIZACI\u00d3N CURRICULAR<\/span><\/strong>:<\/p>\n\n\n\n<p>El CCC consta de cinco cuatrimestres con el formato de asignaturas y seminarios, y una carga horaria total de 900 horasreloj.<\/p>\n\n\n\n<p>Primer cuatrimestre se desarrollar\u00e1 el primer m\u00f3dulo (3 asignaturas)<\/p>\n\n\n\n<ul type=\"1\"><li>1. PROBLEM\u00c1TICA DE LA EDUCACI\u00d3N F\u00cdSICA.<\/li><li>2. INTRODUCCI\u00d3N A LA INVESTIGACI\u00d3N EDUCATIVA.<\/li><li>3. ACTUALES ALTERNATIVASDID\u00c1CTICAS DE LA EDUCACI\u00d3N F\u00cdSICA.<\/li><\/ul>\n\n\n\n<p>Segundo cuatrimestre se desarrollar\u00e1 el segundo m\u00f3dulo( 4 asignaturas)<\/p>\n\n\n\n<ul><li>4. INICIACI\u00d3N DEPORTIVA<\/li><li>5. PLANEAMIENTO Y GESTI\u00d3N INSTITUCIONAL<\/li><li>6. TEOR\u00cdAS EDUCATIVAS<\/li><li>7. TEOR\u00cdAS DEL APRENDIZAJE<\/li><\/ul>\n\n\n\n<p>Tercer cuatrimestre se dictar\u00e1 el tercer m\u00f3dulo( 4 asignaturas)<\/p>\n\n\n\n<ul><li>8. ESTAD\u00cdSTICA APLICADA A LA EDUCACI\u00d3N F\u00cdSICA<\/li><li>9. AN\u00c1LISIS DE LAS INSTITUCIONES Y \u00c1MBITOS DE LA EDUCACI\u00d3N F\u00cdSICA<\/li><li>10. POL\u00cdTICAS DEPORTIVAS<\/li><li>11. PSICOLOG\u00cdA DEL CUERPO Y DEL DEPORTE<\/li><\/ul>\n\n\n\n<p>Cuarto cuatrimestre se dictar\u00e1 el cuarto m\u00f3dulo( 4&nbsp; asignaturas)<\/p>\n\n\n\n<ul type=\"1\"><li>12. TIEMPO LIBRE<\/li><li>13. METODOLOG\u00cdA DE LA INVESTIGACI\u00d3N EN EDUCACI\u00d3N F\u00cdSICA<\/li><li>14. EDUCACI\u00d3N F\u00cdSICA Y ALTO RENDIMIENTO<\/li><li>15. EL CURRICULUM ESCOLAR<\/li><\/ul>\n\n\n\n<p>Quinto cuatrimestre se dictara el quinto m\u00f3dulo (3 asignaturas)<\/p>\n\n\n\n<ul type=\"1\"><li>16. EPISTEMOLOG\u00cdA DE LA EDUCACI\u00d3N F\u00cdSICA<\/li><li>17. TALLER DE GESTI\u00d3N DE PROYECTOS EN EDUCACI\u00d3N F\u00cdSICA<\/li><li>18. SEMINARIO DE INTEGRACI\u00d3N<\/li><li>19. TRABAJO FINAL<\/li><\/ul>\n\n\n\n<p><strong><span style=\"color:#096187\" class=\"has-inline-color\">ACREDITACI\u00d3N<\/span><\/strong>: <\/p>\n\n\n\n<p>Al finalizar la cursada los estudiantes deber\u00e1n presentar un Trabajo final integrador individual sobre una tem\u00e1tica a elecci\u00f3n del estudiante con marcos te\u00f3ricos y t\u00e9cnicas pedag\u00f3gicas que ser\u00e1n consensuadas con el catedr\u00e1tico del Seminario de integraci\u00f3n.<\/p>\n\n\n\n<p><span style=\"color:#096187\" class=\"has-inline-color\"><strong>ARANCELES<\/strong>:<\/span> <\/p>\n\n\n\n<ul><li><strong>Matr\u00edcula:<\/strong> $3.900, hasta Diciembre de 2021 y $5.000 a partir de Enero de 2022<\/li><li><strong>Cuotas mensuales:<\/strong> 20 cuotas, una por seminario, cuyo valor los primeros 5 (cinco) ser\u00e1 de $5000 (con 2 aumentos a lo largo del cursado)<\/li><\/ul>\n\n\n\n<p><a href=\"ARANCELES:\"><strong>CON<span style=\"color:#0071a1\" class=\"has-inline-color\">T<\/span>ACTO<\/strong>:<\/a> Por informaci\u00f3n, aranceles e inscripci\u00f3n comunicarse con<\/p>\n\n\n\n<ul><li>Sra. Cintia Portillo, Responsable N\u00facleo Educativo<\/li><li>Whatsapp a 3435 00-3347<\/li><li>maestriaengestion2018@gmail.com<\/li><\/ul>\n\n\n\n<figure class=\"wp-block-image size-large\"><img decoding=\"async\" loading=\"lazy\" width=\"1900\" height=\"160\" src=\"https:\/\/itsmariagrande-ers.infd.edu.ar\/sitio\/wp-content\/uploads\/2021\/09\/Lic.-Educacion-Fisica-2022.-Forms-Preinscripcion-1900x160.png\" alt=\"\" class=\"wp-image-4343\" srcset=\"https:\/\/itsmariagrande-ers.infd.edu.ar\/sitio\/wp-content\/uploads\/2021\/09\/Lic.-Educacion-Fisica-2022.-Forms-Preinscripcion-1900x160.png 1900w, https:\/\/itsmariagrande-ers.infd.edu.ar\/sitio\/wp-content\/uploads\/2021\/09\/Lic.-Educacion-Fisica-2022.-Forms-Preinscripcion-1000x84.png 1000w, https:\/\/itsmariagrande-ers.infd.edu.ar\/sitio\/wp-content\/uploads\/2021\/09\/Lic.-Educacion-Fisica-2022.-Forms-Preinscripcion-768x65.png 768w, https:\/\/itsmariagrande-ers.infd.edu.ar\/sitio\/wp-content\/uploads\/2021\/09\/Lic.-Educacion-Fisica-2022.-Forms-Preinscripcion-1536x129.png 1536w, https:\/\/itsmariagrande-ers.infd.edu.ar\/sitio\/wp-content\/uploads\/2021\/09\/Lic.-Educacion-Fisica-2022.-Forms-Preinscripcion-2048x172.png 2048w\" sizes=\"(max-width: 1900px) 100vw, 1900px\" \/><\/figure>\n\n\n\n<p class=\"has-text-align-center\"><span style=\"color:#0071a1\" class=\"has-inline-color\"><strong>**** LAS PREINSCIONES ONLINE HAN SIDO CERRADAS. POR FAVOR COMUNICARSE CON la Sra. Cintia Portillo, Responsable N\u00facleo Educativo al Whatsapp 3435 00-3347 <strong>****<\/strong><\/strong><\/span><\/p>\n\n\n\n<figure class=\"wp-block-image size-large\"><a href=\"https:\/\/itsmariagrande-ers.infd.edu.ar\/sitio\/wp-content\/uploads\/2021\/09\/RES_2031_17_LIC_EN-EDUCACIN_FSICA.pdf\" target=\"_blank\" rel=\"noopener\"><img decoding=\"async\" loading=\"lazy\" width=\"1900\" height=\"241\" src=\"https:\/\/itsmariagrande-ers.infd.edu.ar\/sitio\/wp-content\/uploads\/2021\/09\/Lic.-Educacion-Fisica-2022.-Descargar-Normativa-1900x241.png\" alt=\"\" class=\"wp-image-4344\" srcset=\"https:\/\/itsmariagrande-ers.infd.edu.ar\/sitio\/wp-content\/uploads\/2021\/09\/Lic.-Educacion-Fisica-2022.-Descargar-Normativa-1900x241.png 1900w, https:\/\/itsmariagrande-ers.infd.edu.ar\/sitio\/wp-content\/uploads\/2021\/09\/Lic.-Educacion-Fisica-2022.-Descargar-Normativa-1000x127.png 1000w, https:\/\/itsmariagrande-ers.infd.edu.ar\/sitio\/wp-content\/uploads\/2021\/09\/Lic.-Educacion-Fisica-2022.-Descargar-Normativa-768x97.png 768w, https:\/\/itsmariagrande-ers.infd.edu.ar\/sitio\/wp-content\/uploads\/2021\/09\/Lic.-Educacion-Fisica-2022.-Descargar-Normativa-1536x195.png 1536w, https:\/\/itsmariagrande-ers.infd.edu.ar\/sitio\/wp-content\/uploads\/2021\/09\/Lic.-Educacion-Fisica-2022.-Descargar-Normativa-2048x260.png 2048w\" sizes=\"(max-width: 1900px) 100vw, 1900px\" \/><\/a><\/figure>\n\n\n\n<div class=\"wp-block-file\"><a href=\"https:\/\/itsmariagrande-ers.infd.edu.ar\/sitio\/wp-content\/uploads\/2021\/09\/RES_2031_17_LIC_EN-EDUCACIN_FSICA.pdf\"><span class=\"has-inline-color has-white-color\">RES_2031_17_LIC_EN-EDUCACIN_FSICA<\/span><\/a><a href=\"https:\/\/itsmariagrande-ers.infd.edu.ar\/sitio\/wp-content\/uploads\/2021\/09\/RES_2031_17_LIC_EN-EDUCACIN_FSICA.pdf\" class=\"wp-block-file__button\" download><span class=\"has-inline-color has-black-color\">Descarga<\/span><\/a><\/div>\n\n\n\n<p><\/p>\n","protected":false},"excerpt":{"rendered":"<p>**** LAS PREINSCIONES ONLINE HAN SIDO CERRADAS. POR FAVOR COMUNICARSE CON la Sra. Cintia Portillo, Responsable N\u00facleo Educativo al Whatsapp 3435 00-3347 **** INSTITUCI\u00d3N RESPONSABLE: Departamento de Ciencias Sociales y Human\u00edsticas . Universidad Nacional de Chaco Austral (UNCAUS) PROPUESTA DE FORMACI\u00d3N: Ciclo de Complementaci\u00f3n Curricular T\u00cdTULO A OTORGAR: Licenciado\/a en Educaci\u00f3nF\u00edsica. FINALIDAD: El CCC de &#8230; <a title=\"Licenciatura en Educaci\u00f3n F\u00edsica. Ciclo de Complementaci\u00f3n Curricular\" class=\"read-more\" href=\"https:\/\/itsmariagrande-ers.infd.edu.ar\/sitio\/licenciatura-en\/\" aria-label=\"More on Licenciatura en Educaci\u00f3n F\u00edsica. Ciclo de Complementaci\u00f3n Curricular\">[+]<\/a><\/p>\n","protected":false},"author":128,"featured_media":0,"parent":0,"menu_order":0,"comment_status":"closed","ping_status":"closed","template":"","meta":[],"acf":[],"_links":{"self":[{"href":"https:\/\/itsmariagrande-ers.infd.edu.ar\/sitio\/wp-json\/wp\/v2\/pages\/4318"}],"collection":[{"href":"https:\/\/itsmariagrande-ers.infd.edu.ar\/sitio\/wp-json\/wp\/v2\/pages"}],"about":[{"href":"https:\/\/itsmariagrande-ers.infd.edu.ar\/sitio\/wp-json\/wp\/v2\/types\/page"}],"author":[{"embeddable":true,"href":"https:\/\/itsmariagrande-ers.infd.edu.ar\/sitio\/wp-json\/wp\/v2\/users\/128"}],"replies":[{"embeddable":true,"href":"https:\/\/itsmariagrande-ers.infd.edu.ar\/sitio\/wp-json\/wp\/v2\/comments?post=4318"}],"version-history":[{"count":16,"href":"https:\/\/itsmariagrande-ers.infd.edu.ar\/sitio\/wp-json\/wp\/v2\/pages\/4318\/revisions"}],"predecessor-version":[{"id":5194,"href":"https:\/\/itsmariagrande-ers.infd.edu.ar\/sitio\/wp-json\/wp\/v2\/pages\/4318\/revisions\/5194"}],"wp:attachment":[{"href":"https:\/\/itsmariagrande-ers.infd.edu.ar\/sitio\/wp-json\/wp\/v2\/media?parent=4318"}],"curies":[{"name":"wp","href":"https:\/\/api.w.org\/{rel}","templated":true}]}}