{"id":4316,"date":"2021-09-15T15:00:51","date_gmt":"2021-09-15T18:00:51","guid":{"rendered":"https:\/\/itsmariagrande-ers.infd.edu.ar\/sitio\/?page_id=4316"},"modified":"2022-07-27T19:18:57","modified_gmt":"2022-07-27T22:18:57","slug":"maestria-en-gestion-de-las-inst-educ-2022","status":"publish","type":"page","link":"https:\/\/itsmariagrande-ers.infd.edu.ar\/sitio\/maestria-en-gestion-de-las-inst-educ-2022\/","title":{"rendered":"Maestr\u00eda En Gesti\u00f3n y Asesoramiento Pedag\u00f3gico de las Organizaciones Educativas (2da. Cohorte)"},"content":{"rendered":"\n<figure class=\"wp-block-image size-large\"><img decoding=\"async\" loading=\"lazy\" width=\"1900\" height=\"214\" src=\"https:\/\/itsmariagrande-ers.infd.edu.ar\/sitio\/wp-content\/uploads\/2022\/07\/Encabezado-Sitio-Web-01-1900x214.png\" alt=\"\" class=\"wp-image-5173\" srcset=\"https:\/\/itsmariagrande-ers.infd.edu.ar\/sitio\/wp-content\/uploads\/2022\/07\/Encabezado-Sitio-Web-01-1900x214.png 1900w, https:\/\/itsmariagrande-ers.infd.edu.ar\/sitio\/wp-content\/uploads\/2022\/07\/Encabezado-Sitio-Web-01-1000x113.png 1000w, https:\/\/itsmariagrande-ers.infd.edu.ar\/sitio\/wp-content\/uploads\/2022\/07\/Encabezado-Sitio-Web-01-768x87.png 768w, https:\/\/itsmariagrande-ers.infd.edu.ar\/sitio\/wp-content\/uploads\/2022\/07\/Encabezado-Sitio-Web-01-1536x173.png 1536w, https:\/\/itsmariagrande-ers.infd.edu.ar\/sitio\/wp-content\/uploads\/2022\/07\/Encabezado-Sitio-Web-01-2048x231.png 2048w\" sizes=\"(max-width: 1900px) 100vw, 1900px\" \/><\/figure>\n\n\n\n<figure class=\"wp-block-image size-large\"><img decoding=\"async\" loading=\"lazy\" width=\"1900\" height=\"214\" src=\"https:\/\/itsmariagrande-ers.infd.edu.ar\/sitio\/wp-content\/uploads\/2022\/07\/Encabezado-Sitio-Web-02-1-1900x214.png\" alt=\"\" class=\"wp-image-5187\" srcset=\"https:\/\/itsmariagrande-ers.infd.edu.ar\/sitio\/wp-content\/uploads\/2022\/07\/Encabezado-Sitio-Web-02-1-1900x214.png 1900w, https:\/\/itsmariagrande-ers.infd.edu.ar\/sitio\/wp-content\/uploads\/2022\/07\/Encabezado-Sitio-Web-02-1-1000x113.png 1000w, https:\/\/itsmariagrande-ers.infd.edu.ar\/sitio\/wp-content\/uploads\/2022\/07\/Encabezado-Sitio-Web-02-1-768x87.png 768w, https:\/\/itsmariagrande-ers.infd.edu.ar\/sitio\/wp-content\/uploads\/2022\/07\/Encabezado-Sitio-Web-02-1-1536x173.png 1536w, https:\/\/itsmariagrande-ers.infd.edu.ar\/sitio\/wp-content\/uploads\/2022\/07\/Encabezado-Sitio-Web-02-1-2048x231.png 2048w\" sizes=\"(max-width: 1900px) 100vw, 1900px\" \/><\/figure>\n\n\n\n<figure class=\"wp-block-image size-large is-resized\"><a href=\"https:\/\/forms.gle\/BPaomhSVggZkj1uQ6\" target=\"_blank\" rel=\"noopener\"><img decoding=\"async\" loading=\"lazy\" src=\"https:\/\/itsmariagrande-ers.infd.edu.ar\/sitio\/wp-content\/uploads\/2021\/09\/MAESTRIA-en-Gestion-y-Asesoramiento-2022.-Form.-Preinscripcion-1900x160.png\" alt=\"\" class=\"wp-image-4331\" width=\"1020\" height=\"85\" srcset=\"https:\/\/itsmariagrande-ers.infd.edu.ar\/sitio\/wp-content\/uploads\/2021\/09\/MAESTRIA-en-Gestion-y-Asesoramiento-2022.-Form.-Preinscripcion-1900x160.png 1900w, https:\/\/itsmariagrande-ers.infd.edu.ar\/sitio\/wp-content\/uploads\/2021\/09\/MAESTRIA-en-Gestion-y-Asesoramiento-2022.-Form.-Preinscripcion-1000x84.png 1000w, https:\/\/itsmariagrande-ers.infd.edu.ar\/sitio\/wp-content\/uploads\/2021\/09\/MAESTRIA-en-Gestion-y-Asesoramiento-2022.-Form.-Preinscripcion-768x65.png 768w, https:\/\/itsmariagrande-ers.infd.edu.ar\/sitio\/wp-content\/uploads\/2021\/09\/MAESTRIA-en-Gestion-y-Asesoramiento-2022.-Form.-Preinscripcion-1536x129.png 1536w, https:\/\/itsmariagrande-ers.infd.edu.ar\/sitio\/wp-content\/uploads\/2021\/09\/MAESTRIA-en-Gestion-y-Asesoramiento-2022.-Form.-Preinscripcion-2048x172.png 2048w\" sizes=\"(max-width: 1020px) 100vw, 1020px\" \/><\/a><\/figure>\n\n\n\n<p><span class=\"has-inline-color has-vivid-red-color\"><strong>Aprobada: CONEAU ACTA N \u00b0 481<\/strong><\/span><\/p>\n\n\n\n<p><strong><span class=\"has-inline-color has-vivid-red-color\">INSTITUCI\u00d3N RESPONSABLE:<\/span><\/strong> Facultad de Humanidades y Artes. Universidad Nacional de Rosario (UNR)<\/p>\n\n\n\n<p><span class=\"has-inline-color has-vivid-red-color\"><strong>NIVEL:<\/strong> <\/span>Posgrado<\/p>\n\n\n\n<p><span class=\"has-inline-color has-vivid-red-color\"><strong>TIPO DE MAESTR\u00cdA<\/strong>: <\/span>Profesional<\/p>\n\n\n\n<p><span class=\"has-inline-color has-vivid-red-color\"><strong>MODALIDAD de Dictado:<\/strong> <\/span>La organizaci\u00f3n del cursado es estructurada y la modalidad es presencial, viernes por la tarde y s\u00e1bado por la ma\u00f1ana, con 16 seminarios y un trabajo final de intervenci\u00f3n.<\/p>\n\n\n\n<p><strong><span class=\"has-inline-color has-vivid-red-color\">LUGAR de Dictado:<\/span> <\/strong>Mar\u00eda Grande y Viale, Entre R\u00edos (Un seminario en cada localidad).<\/p>\n\n\n\n<p><span class=\"has-inline-color has-vivid-red-color\"><strong>INICIO: <\/strong><\/span>Entre Agosto y Septiembre de 2022 (fecha a definir cuando se complete el m\u00ednimo de inscriptos, requeridos por la UNR, que abonen la matr\u00edcula.<\/p>\n\n\n\n<p><span class=\"has-inline-color has-vivid-red-color\"><strong>ACREDITACI\u00d3N<\/strong>: <\/span>Quienes cumplimenten la totalidad de los requisitos acad\u00e9micos del presente Plan de Estudios obtendr\u00e1n el T\u00edtulo de <strong>Mag\u00edster en Gesti\u00f3n y Asesoramiento de las Organizaciones Educativas<\/strong>.<\/p>\n\n\n\n<p><strong><span class=\"has-inline-color has-vivid-red-color\">PERFIL DEL T\u00cdTULO: <\/span><\/strong>El graduado de la Carrera de Maestr\u00eda en Maestr\u00eda en Gesti\u00f3n y Asesoramiento de las Organizaciones Educativas est\u00e1 capacitado para la investigaci\u00f3n, la formulaci\u00f3n de pol\u00edticas y la gesti\u00f3n, coordinaci\u00f3n, asesoramiento y evaluaci\u00f3n de sistemas, organizaciones. En referencia a capacidades de investigaci\u00f3n y de intervenci\u00f3n.<\/p>\n\n\n\n<p><strong><span class=\"has-inline-color has-vivid-red-color\">PLAN DE ESTUDIO:<\/span><\/strong><\/p>\n\n\n\n<p><strong><span style=\"color:#840303\" class=\"has-inline-color\">A) \u00c1REA DE FORMACI\u00d3N TE\u00d3RICO-METODOL\u00d3GICA (OBLIGATORIOS)<\/span><\/strong><\/p>\n\n\n\n<ul><li>Epistemolog\u00eda<\/li><li>Lectura y Escritura Acad\u00e9mica<\/li><li>Teor\u00edas Curriculares<\/li><\/ul>\n\n\n\n<p><strong><span style=\"color:#840303\" class=\"has-inline-color\">B) \u00e1rea de formaci\u00f3n disciplinar (OBLIGATORIOS)<\/span><\/strong><\/p>\n\n\n\n<ul><li>An\u00e1lisis de Las Instituciones Educativas<\/li><li>Pol\u00edticas P\u00fablicas y Legislaci\u00f3n<\/li><li>Pol\u00edtica y Administraci\u00f3n de las Instituciones educativas.<\/li><li>Asesoramiento pedag\u00f3gico de las Organizaciones Educativas.<\/li><li>Evaluaci\u00f3n de las Organizaciones Educativas.<\/li><li>Administraci\u00f3n de Organizaciones Educativas.<\/li><li>Sistema Educativo<\/li><li>Psicosociolog\u00eda de la Instituciones<\/li><li>Gesti\u00f3n y Administraci\u00f3n de las Organizaciones Educativas<\/li><\/ul>\n\n\n\n<p><strong><span style=\"color:#840303\" class=\"has-inline-color\">SEMINARIOS ELECTIVOS<\/span><\/strong><\/p>\n\n\n\n<ul><li>Planificaci\u00f3n estrat\u00e9gica<\/li><li>Sistemas Tutoriales<\/li><li>Uso de TIC en las Instituciones Educativas<\/li><li>Mediaci\u00f3n Educativa<\/li><li>Educaci\u00f3n no formal<\/li><\/ul>\n\n\n\n<p><strong><span style=\"color:#840303\" class=\"has-inline-color\">C) \u00c1rea de PR\u00c1CTICAS profesionales (Obligatorios)<\/span><\/strong><\/p>\n\n\n\n<ul><li>Taller de elaboraci\u00f3n de Proyectos I<\/li><li>Taller de elaboraci\u00f3n de Proyectos II<\/li><\/ul>\n\n\n\n<p><span class=\"has-inline-color has-vivid-red-color\"><strong>ACREDITACI\u00d3N DE LA MAESTR\u00cdA:<\/strong> <\/span>Con presentaci\u00f3n y aprobaci\u00f3n de un TRABAJO FINAL DE INTERVENCI\u00d3N<\/p>\n\n\n\n<p><span class=\"has-inline-color has-vivid-red-color\"><strong>ARANCELES<\/strong>:<\/span> <\/p>\n\n\n\n<ul><li><strong>Matr\u00edcula:<\/strong> $7.100<\/li><li><strong>Cuotas mensuales:<\/strong> 16 cuotas, una por seminario, cuyo valor durante el a\u00f1o 2022 ser\u00e1 de <strong>$7.100<\/strong> (con 2 aumentos a lo largo del cursado)<\/li><\/ul>\n\n\n\n<p><span class=\"has-inline-color has-vivid-red-color\"><strong>CONTACTO<\/strong>:<\/span> Por informaci\u00f3n, aranceles e inscripci\u00f3n comunicarse con: <\/p>\n\n\n\n<ul><li><strong>Sra. Cintia Portillo, Responsable N\u00facleo Educativo<\/strong><\/li><li><strong>Email&nbsp;<a href=\"mailto:maestriaeducfisica2018@gmail.com\" target=\"_blank\" rel=\"noreferrer noopener\">maestriaengestion2018@gmail.com<\/a><\/strong><\/li><li><strong>WhatsApp &nbsp;3435 00-3347<\/strong><\/li><\/ul>\n\n\n\n<figure class=\"wp-block-image size-large\"><a href=\"https:\/\/forms.gle\/BPaomhSVggZkj1uQ6\" target=\"_blank\" rel=\"noopener\"><img decoding=\"async\" loading=\"lazy\" width=\"1900\" height=\"160\" src=\"https:\/\/itsmariagrande-ers.infd.edu.ar\/sitio\/wp-content\/uploads\/2021\/09\/MAESTRIA-en-Gestion-y-Asesoramiento-2022.-Form.-Preinscripcion-1900x160.png\" alt=\"\" class=\"wp-image-4331\" srcset=\"https:\/\/itsmariagrande-ers.infd.edu.ar\/sitio\/wp-content\/uploads\/2021\/09\/MAESTRIA-en-Gestion-y-Asesoramiento-2022.-Form.-Preinscripcion-1900x160.png 1900w, https:\/\/itsmariagrande-ers.infd.edu.ar\/sitio\/wp-content\/uploads\/2021\/09\/MAESTRIA-en-Gestion-y-Asesoramiento-2022.-Form.-Preinscripcion-1000x84.png 1000w, https:\/\/itsmariagrande-ers.infd.edu.ar\/sitio\/wp-content\/uploads\/2021\/09\/MAESTRIA-en-Gestion-y-Asesoramiento-2022.-Form.-Preinscripcion-768x65.png 768w, https:\/\/itsmariagrande-ers.infd.edu.ar\/sitio\/wp-content\/uploads\/2021\/09\/MAESTRIA-en-Gestion-y-Asesoramiento-2022.-Form.-Preinscripcion-1536x129.png 1536w, https:\/\/itsmariagrande-ers.infd.edu.ar\/sitio\/wp-content\/uploads\/2021\/09\/MAESTRIA-en-Gestion-y-Asesoramiento-2022.-Form.-Preinscripcion-2048x172.png 2048w\" sizes=\"(max-width: 1900px) 100vw, 1900px\" \/><\/a><\/figure>\n\n\n\n<figure class=\"wp-block-image size-large\"><a href=\"https:\/\/itsmariagrande-ers.infd.edu.ar\/sitio\/wp-content\/uploads\/2021\/09\/Resolucion-CONEAU-Maestria-1.pdf\" target=\"_blank\" rel=\"noopener\"><img decoding=\"async\" loading=\"lazy\" width=\"1900\" height=\"241\" src=\"https:\/\/itsmariagrande-ers.infd.edu.ar\/sitio\/wp-content\/uploads\/2021\/09\/MAESTRIA-en-Gestion-y-Asesoramiento-2022.-Banner-Normativa-1900x241.png\" alt=\"\" class=\"wp-image-4332\" srcset=\"https:\/\/itsmariagrande-ers.infd.edu.ar\/sitio\/wp-content\/uploads\/2021\/09\/MAESTRIA-en-Gestion-y-Asesoramiento-2022.-Banner-Normativa-1900x241.png 1900w, https:\/\/itsmariagrande-ers.infd.edu.ar\/sitio\/wp-content\/uploads\/2021\/09\/MAESTRIA-en-Gestion-y-Asesoramiento-2022.-Banner-Normativa-1000x127.png 1000w, https:\/\/itsmariagrande-ers.infd.edu.ar\/sitio\/wp-content\/uploads\/2021\/09\/MAESTRIA-en-Gestion-y-Asesoramiento-2022.-Banner-Normativa-768x97.png 768w, https:\/\/itsmariagrande-ers.infd.edu.ar\/sitio\/wp-content\/uploads\/2021\/09\/MAESTRIA-en-Gestion-y-Asesoramiento-2022.-Banner-Normativa-1536x195.png 1536w, https:\/\/itsmariagrande-ers.infd.edu.ar\/sitio\/wp-content\/uploads\/2021\/09\/MAESTRIA-en-Gestion-y-Asesoramiento-2022.-Banner-Normativa-2048x260.png 2048w\" sizes=\"(max-width: 1900px) 100vw, 1900px\" \/><\/a><\/figure>\n\n\n\n<div class=\"wp-block-file\"><a href=\"https:\/\/itsmariagrande-ers.infd.edu.ar\/sitio\/wp-content\/uploads\/2021\/09\/Resolucion-CONEAU-Maestria-1.pdf\"><em><span class=\"has-inline-color has-white-color\">Resolucion-CONEAU-Maestria-1<\/span><\/em><\/a><a href=\"https:\/\/itsmariagrande-ers.infd.edu.ar\/sitio\/wp-content\/uploads\/2021\/09\/Resolucion-CONEAU-Maestria-1.pdf\" class=\"wp-block-file__button\" download><span class=\"has-inline-color has-black-color\">Descarga<\/span><\/a><\/div>\n\n\n\n<p><\/p>\n","protected":false},"excerpt":{"rendered":"<p>Aprobada: CONEAU ACTA N \u00b0 481 INSTITUCI\u00d3N RESPONSABLE: Facultad de Humanidades y Artes. Universidad Nacional de Rosario (UNR) NIVEL: Posgrado TIPO DE MAESTR\u00cdA: Profesional MODALIDAD de Dictado: La organizaci\u00f3n del cursado es estructurada y la modalidad es presencial, viernes por la tarde y s\u00e1bado por la ma\u00f1ana, con 16 seminarios y un trabajo final de &#8230; <a title=\"Maestr\u00eda En Gesti\u00f3n y Asesoramiento Pedag\u00f3gico de las Organizaciones Educativas (2da. Cohorte)\" class=\"read-more\" href=\"https:\/\/itsmariagrande-ers.infd.edu.ar\/sitio\/maestria-en-gestion-de-las-inst-educ-2022\/\" aria-label=\"More on Maestr\u00eda En Gesti\u00f3n y Asesoramiento Pedag\u00f3gico de las Organizaciones Educativas (2da. Cohorte)\">[+]<\/a><\/p>\n","protected":false},"author":128,"featured_media":0,"parent":0,"menu_order":0,"comment_status":"closed","ping_status":"closed","template":"","meta":[],"acf":[],"_links":{"self":[{"href":"https:\/\/itsmariagrande-ers.infd.edu.ar\/sitio\/wp-json\/wp\/v2\/pages\/4316"}],"collection":[{"href":"https:\/\/itsmariagrande-ers.infd.edu.ar\/sitio\/wp-json\/wp\/v2\/pages"}],"about":[{"href":"https:\/\/itsmariagrande-ers.infd.edu.ar\/sitio\/wp-json\/wp\/v2\/types\/page"}],"author":[{"embeddable":true,"href":"https:\/\/itsmariagrande-ers.infd.edu.ar\/sitio\/wp-json\/wp\/v2\/users\/128"}],"replies":[{"embeddable":true,"href":"https:\/\/itsmariagrande-ers.infd.edu.ar\/sitio\/wp-json\/wp\/v2\/comments?post=4316"}],"version-history":[{"count":22,"href":"https:\/\/itsmariagrande-ers.infd.edu.ar\/sitio\/wp-json\/wp\/v2\/pages\/4316\/revisions"}],"predecessor-version":[{"id":5190,"href":"https:\/\/itsmariagrande-ers.infd.edu.ar\/sitio\/wp-json\/wp\/v2\/pages\/4316\/revisions\/5190"}],"wp:attachment":[{"href":"https:\/\/itsmariagrande-ers.infd.edu.ar\/sitio\/wp-json\/wp\/v2\/media?parent=4316"}],"curies":[{"name":"wp","href":"https:\/\/api.w.org\/{rel}","templated":true}]}}