{"id":3344,"date":"2019-10-08T18:18:24","date_gmt":"2019-10-08T21:18:24","guid":{"rendered":"https:\/\/itsmariagrande-ers.infd.edu.ar\/sitio\/?page_id=3344"},"modified":"2022-03-03T22:08:02","modified_gmt":"2022-03-04T01:08:02","slug":"nueva-tecnicatura-pymes","status":"publish","type":"page","link":"https:\/\/itsmariagrande-ers.infd.edu.ar\/sitio\/nueva-tecnicatura-pymes\/","title":{"rendered":"PYMES (sin cohorte en 2022)"},"content":{"rendered":"\n<p class=\"has-text-align-center\"><strong><span class=\"has-inline-color has-vivid-red-color\">LA TECNICATURA EN GESTI\u00d3N DE PEQUE\u00d1AS Y MEDIANAS EMPRESAS NO ABRE COHORTE EN EL 2022, POR LO TANTO NO POSEE INSCRIPCIONES ABIERTAS.<\/span><\/strong><\/p>\n\n\n\n<h1 class=\"wp-block-heading\"><span style=\"color: #003366; font-size: 1rem; font-family: verdana, geneva, sans-serif;\"><strong>Informaci\u00f3n General<\/strong><\/span><\/h1>\n\n\n\n<p><span style=\"font-family: verdana, geneva, sans-serif; font-size: 1rem;\" data-mce-mark=\"1\">La Tecnicatura Superior en Gesti\u00f3n de Peque\u00f1as y Medianas Empresas (PyMEs) es una propuesta formativa que inici\u00f3 en el a\u00f1o 2020.<\/span><\/p>\n\n\n\n<p><span style=\"font-family: verdana, geneva, sans-serif; font-size: 1rem;\" data-mce-mark=\"1\">Las actividades \u00e1ulicas se desarrollan en la localidad de Tabossi, en el edificio escolar compartido con la Escuela N\u00b0 75 \u201cGeneral Alv\u00e9ar\u201d, Pte. Juan Domingo Per\u00f3n 256. <\/span><\/p>\n\n\n\n<p><span style=\"font-family: verdana, geneva, sans-serif; font-size: 1rem;\" data-mce-mark=\"1\">Los d\u00edas y horarios de cursado ser\u00e1n de lunes a viernes por la tarde. (El d\u00eda y horario preciso de cursado de cada materia se entregar\u00e1 a los ingresantes al inicio de clases)<\/span><\/p>\n\n\n\n<p><span style=\"font-family: verdana, geneva, sans-serif; font-size: 1rem;\" data-mce-mark=\"1\"><strong>Yanina Andrade, estudiante de la Tecnicatura en gesti\u00f3n de PYMES, te cuenta sobre esta propuesta formativa en el siguiente video:<\/strong><\/span><\/p>\n\n\n\n<p class=\"has-text-align-center\"><iframe loading=\"lazy\" src=\"https:\/\/www.youtube.com\/embed\/n6Smjr3kNRo\" width=\"560\" height=\"315\" frameborder=\"0\" allowfullscreen=\"allowfullscreen\"><\/iframe><\/p>\n\n\n\n<h1 class=\"wp-block-heading\"><span style=\"font-size: 1rem; font-family: verdana, geneva, sans-serif; color: #003366;\"><strong>Perfil Profesional: <\/strong><\/span><\/h1>\n\n\n\n<p><span style=\"font-family: verdana, geneva, sans-serif; font-size: 1rem;\">El T\u00e9cnico en Gesti\u00f3n de Peque\u00f1as y Medianas Empresas esta capacitado para manifestar conocimientos, habilidades, destrezas, valores y actitudes en situaciones reales de trabajo conforme a criterios de profesionalidad propios de su \u00e1rea y de responsabilidad social.<\/span><\/p>\n\n\n\n<p><span style=\"font-family: verdana, geneva, sans-serif; font-size: 1rem;\">Podr\u00e1 gestionar, planificar dirigir y controlar actividades propias de las Peque\u00f1as y Medianas Empresas.<\/span><\/p>\n\n\n\n<h1 class=\"wp-block-heading\"><span style=\"font-family: verdana, geneva, sans-serif; font-size: 1rem; color: #003366;\"><strong>Estructura Curricular:<\/strong><\/span><\/h1>\n\n\n\n<ul><li><span style=\"font-family: verdana, geneva, sans-serif; font-size: 1rem;\">Cantidad de a\u00f1os de cursado: 3<\/span><\/li><li><span style=\"font-family: verdana, geneva, sans-serif; font-size: 1rem;\">Cantidad de materias: 28<\/span> <ul><li><span style=\"font-family: verdana, geneva, sans-serif; font-size: 1rem;\">1er. A\u00f1o: 9<\/span><\/li><li><span style=\"font-family: verdana, geneva, sans-serif; font-size: 1rem;\">2do. A\u00f1o: 8<\/span><\/li><li><span style=\"font-family: verdana, geneva, sans-serif; font-size: 1rem;\">3er. A\u00f1o: 11<\/span> <\/li><\/ul><\/li><li><span style=\"font-family: verdana, geneva, sans-serif; font-size: 1rem;\">Carga Horaria semanal total de la trayectoria formativa: 98 hs. c\u00e1tedra semanales:<\/span> <ul><li><span style=\"font-family: verdana, geneva, sans-serif; font-size: 1rem;\">1er. A\u00f1o: 30 hs. c\u00e1tedra (20 hs. reloj).<\/span><\/li><li><span style=\"font-family: verdana, geneva, sans-serif; font-size: 1rem;\">2do. A\u00f1o: 27 hs. (18 hs. reloj).<\/span><\/li><\/ul><ul><li><span style=\"font-family: verdana, geneva, sans-serif; font-size: 1rem;\">3er. A\u00f1o: 38 hs. (25 hs. reloj, aproximadamente).<\/span> <\/li><\/ul><\/li><\/ul>\n\n\n\n<h1 class=\"wp-block-heading\"><span style=\"font-size: 1rem; font-family: verdana, geneva, sans-serif; color: #003366;\"><strong>R\u00e9gimen de Correlatividades:<\/strong><\/span><\/h1>\n\n\n\n<ul><li><span style=\"font-family: verdana, geneva, sans-serif; font-size: 1rem;\">Para&nbsp;<strong>cursar<\/strong>&nbsp;materias (unidades curriculares) como estudiante regular, debe tener regularizada\/s la\/s unidades curriculares correlativa\/s.<\/span><\/li><li><span style=\"font-family: verdana, geneva, sans-serif; font-size: 1rem;\">Para acreditar o aprobar una materia (unidad curricular), debe tener la\/s correlativa\/s aprobadas.<\/span><\/li><\/ul>\n\n\n\n<h1 class=\"wp-block-heading\"><span style=\"font-family: verdana, geneva, sans-serif; font-size: 1rem; color: #003366;\"><strong>Plan de Estudios<\/strong><\/span><\/h1>\n\n\n\n<div class=\"wp-block-image\"><figure class=\"aligncenter\"><a href=\"https:\/\/itsmariagrande-ers.infd.edu.ar\/sitio\/wp-content\/uploads\/2020\/04\/2015-1097-Dise\u00f1o-Curricular-PYMES-Tabossi.pdf\"><img decoding=\"async\" loading=\"lazy\" width=\"1000\" height=\"146\" src=\"https:\/\/itsmariagrande-ers.infd.edu.ar\/sitio\/wp-content\/uploads\/2020\/04\/PYMES-Plan-de-estudio-1000x146.png\" alt=\"\" class=\"wp-image-3680\" srcset=\"https:\/\/itsmariagrande-ers.infd.edu.ar\/sitio\/wp-content\/uploads\/2020\/04\/PYMES-Plan-de-estudio-1000x146.png 1000w, https:\/\/itsmariagrande-ers.infd.edu.ar\/sitio\/wp-content\/uploads\/2020\/04\/PYMES-Plan-de-estudio-768x112.png 768w, https:\/\/itsmariagrande-ers.infd.edu.ar\/sitio\/wp-content\/uploads\/2020\/04\/PYMES-Plan-de-estudio-1900x277.png 1900w\" sizes=\"(max-width: 1000px) 100vw, 1000px\" \/><\/a><\/figure><\/div>\n\n\n\n<figure class=\"wp-block-table\"><table><tbody><tr><td><span style=\"font-family: verdana, geneva, sans-serif; font-size: 1rem;\">&nbsp;<\/span><\/td><td><span style=\"font-family: verdana, geneva, sans-serif; font-size: 1rem;\" data-mce-mark=\"1\"><span style=\"color: #3e748e;\" data-mce-mark=\"1\"><strong>Primer a\u00f1o <\/strong><\/span><\/span><\/td><td><span style=\"font-family: verdana, geneva, sans-serif; font-size: 1rem;\" data-mce-mark=\"1\"><span style=\"color: #3e748e;\" data-mce-mark=\"1\"><strong> Horas c\u00e1tedra semanales<\/strong><\/span><\/span><\/td><\/tr><tr><td><span style=\"font-family: verdana, geneva, sans-serif; font-size: 1rem;\" data-mce-mark=\"1\">01<\/span><\/td><td><span style=\"font-family: verdana, geneva, sans-serif; font-size: 1rem;\" data-mce-mark=\"1\">Matem\u00e1tica<\/span><\/td><td><span style=\"font-family: verdana, geneva, sans-serif; font-size: 1rem;\">4<\/span><\/td><\/tr><tr><td><span style=\"font-family: verdana, geneva, sans-serif; font-size: 1rem;\" data-mce-mark=\"1\">02<\/span><\/td><td><span style=\"font-family: verdana, geneva, sans-serif; font-size: 1rem;\" data-mce-mark=\"1\">Contabilidad<\/span><\/td><td><span style=\"font-family: verdana, geneva, sans-serif; font-size: 1rem;\">4<\/span><\/td><\/tr><tr><td><span style=\"font-family: verdana, geneva, sans-serif; font-size: 1rem;\" data-mce-mark=\"1\">03<\/span><\/td><td><span style=\"font-family: verdana, geneva, sans-serif; font-size: 1rem;\" data-mce-mark=\"1\">Econom\u00eda<\/span><\/td><td><span style=\"font-family: verdana, geneva, sans-serif; font-size: 1rem;\">4<\/span><\/td><\/tr><tr><td><span style=\"font-family: verdana, geneva, sans-serif; font-size: 1rem;\" data-mce-mark=\"1\">04<\/span><\/td><td><span style=\"font-family: verdana, geneva, sans-serif; font-size: 1rem;\" data-mce-mark=\"1\">Sociolog\u00eda<\/span><\/td><td><span style=\"font-family: verdana, geneva, sans-serif; font-size: 1rem;\">3<\/span><\/td><\/tr><tr><td><span style=\"font-family: verdana, geneva, sans-serif; font-size: 1rem;\" data-mce-mark=\"1\">05<\/span><\/td><td><span style=\"font-family: verdana, geneva, sans-serif; font-size: 1rem;\" data-mce-mark=\"1\">Comunicaci\u00f3n<\/span><\/td><td><span style=\"font-family: verdana, geneva, sans-serif; font-size: 1rem;\">4<\/span><\/td><\/tr><tr><td><span style=\"font-family: verdana, geneva, sans-serif; font-size: 1rem;\" data-mce-mark=\"1\">06<\/span><\/td><td><span style=\"font-family: verdana, geneva, sans-serif; font-size: 1rem;\" data-mce-mark=\"1\">Tecnolog\u00edas Aplicadas<\/span><\/td><td><span style=\"font-family: verdana, geneva, sans-serif; font-size: 1rem;\">3<\/span><\/td><\/tr><tr><td><span style=\"font-family: verdana, geneva, sans-serif; font-size: 1rem;\" data-mce-mark=\"1\">07<\/span><\/td><td><span style=\"font-family: verdana, geneva, sans-serif; font-size: 1rem;\" data-mce-mark=\"1\">Lengua Extranjera: Ingl\u00e9s I<\/span><\/td><td><span style=\"font-family: verdana, geneva, sans-serif; font-size: 1rem;\">3<\/span><\/td><\/tr><tr><td><span style=\"font-family: verdana, geneva, sans-serif; font-size: 1rem;\" data-mce-mark=\"1\">08<\/span><\/td><td><span style=\"font-family: verdana, geneva, sans-serif; font-size: 1rem;\" data-mce-mark=\"1\">Pr\u00e1ctica Profesionalizante I<\/span><\/td><td><span style=\"font-family: verdana, geneva, sans-serif; font-size: 1rem;\">3<\/span><\/td><\/tr><tr><td><span style=\"font-family: verdana, geneva, sans-serif; font-size: 1rem;\" data-mce-mark=\"1\">09<\/span><\/td><td><span style=\"font-family: verdana, geneva, sans-serif; font-size: 1rem;\" data-mce-mark=\"1\">U.D.I. <\/span><\/td><td><span style=\"font-family: verdana, geneva, sans-serif; font-size: 1rem;\">2<\/span><\/td><\/tr><tr><td><span style=\"font-family: verdana, geneva, sans-serif; font-size: 1rem;\">&nbsp;<\/span><\/td><td><span style=\"color: #3e748e; font-family: verdana, geneva, sans-serif; font-size: 1rem;\" data-mce-mark=\"1\"><strong>Segundo a\u00f1o<\/strong><\/span><\/td><td><span style=\"font-family: verdana, geneva, sans-serif; font-size: 1rem;\" data-mce-mark=\"1\"><strong><span style=\"color: #3e748e;\" data-mce-mark=\"1\">Horas c\u00e1tedra semanales<\/span><\/strong><\/span><\/td><\/tr><tr><td><span style=\"color: #000000; font-family: verdana, geneva, sans-serif; font-size: 1rem;\" data-mce-mark=\"1\">10<\/span><\/td><td><span style=\"font-family: verdana, geneva, sans-serif; font-size: 1rem;\">Estad\u00edstica Aplicada<\/span><\/td><td><span style=\"font-family: verdana, geneva, sans-serif; font-size: 1rem;\">4<\/span><\/td><\/tr><tr><td><span style=\"color: #000000; font-family: verdana, geneva, sans-serif; font-size: 1rem;\" data-mce-mark=\"1\">11<\/span><\/td><td><span style=\"color: #000000; font-family: verdana, geneva, sans-serif; font-size: 1rem;\" data-mce-mark=\"1\">Planificaci\u00f3n Estrat\u00e9gica<\/span><\/td><td><span style=\"font-family: verdana, geneva, sans-serif; font-size: 1rem;\">4<\/span><\/td><\/tr><tr><td><span style=\"color: #000000; font-family: verdana, geneva, sans-serif; font-size: 1rem;\" data-mce-mark=\"1\">12<\/span><\/td><td><span style=\"font-family: verdana, geneva, sans-serif; font-size: 1rem;\">Gesti\u00f3n de Recursos Humanos<\/span><\/td><td><span style=\"font-family: verdana, geneva, sans-serif; font-size: 1rem;\">3<\/span><\/td><\/tr><tr><td><span style=\"color: #000000; font-family: verdana, geneva, sans-serif; font-size: 1rem;\" data-mce-mark=\"1\">13<\/span><\/td><td><span style=\"font-family: verdana, geneva, sans-serif; font-size: 1rem;\">Administraci\u00f3n Financiera<\/span><\/td><td><span style=\"font-family: verdana, geneva, sans-serif; font-size: 1rem;\">5<\/span><\/td><\/tr><tr><td><span style=\"color: #000000; font-family: verdana, geneva, sans-serif; font-size: 1rem;\" data-mce-mark=\"1\">14<\/span><\/td><td><span style=\"font-family: verdana, geneva, sans-serif; font-size: 1rem;\">\u00c9tica y Deontolog\u00eda Profesional<\/span><\/td><td><span style=\"font-family: verdana, geneva, sans-serif; font-size: 1rem;\">2<\/span><\/td><\/tr><tr><td><span style=\"color: #000000; font-family: verdana, geneva, sans-serif; font-size: 1rem;\" data-mce-mark=\"1\">15<\/span><\/td><td><span style=\"font-family: verdana, geneva, sans-serif; font-size: 1rem;\">Lengua Extranjera: Ingl\u00e9s II<\/span><\/td><td><span style=\"font-family: verdana, geneva, sans-serif; font-size: 1rem;\">3<\/span><\/td><\/tr><tr><td><span style=\"color: #000000; font-family: verdana, geneva, sans-serif; font-size: 1rem;\" data-mce-mark=\"1\">16<\/span><\/td><td><span style=\"font-family: verdana, geneva, sans-serif; font-size: 1rem;\">Pr\u00e1ctica Profesionalizante lI<\/span><\/td><td><span style=\"font-family: verdana, geneva, sans-serif; font-size: 1rem;\">4<\/span><\/td><\/tr><tr><td><span style=\"color: #000000; font-family: verdana, geneva, sans-serif; font-size: 1rem;\" data-mce-mark=\"1\">17<\/span><\/td><td><span style=\"font-family: verdana, geneva, sans-serif; font-size: 1rem;\">U.D.I.<\/span><\/td><td><span style=\"font-family: verdana, geneva, sans-serif; font-size: 1rem;\">2<\/span><\/td><\/tr><tr><td><span style=\"font-family: verdana, geneva, sans-serif; font-size: 1rem;\">&nbsp;<\/span><\/td><td><span style=\"font-family: verdana, geneva, sans-serif; font-size: 1rem;\" data-mce-mark=\"1\"> <strong><span style=\"color: #3e748e;\" data-mce-mark=\"1\">Tercer A\u00f1o<\/span><\/strong><\/span><\/td><td><span style=\"font-family: verdana, geneva, sans-serif; font-size: 1rem;\" data-mce-mark=\"1\"><strong><span style=\"color: #3e748e;\" data-mce-mark=\"1\">Horas c\u00e1tedra semanales<\/span><\/strong><\/span><\/td><\/tr><tr><td><span style=\"font-family: verdana, geneva, sans-serif; font-size: 1rem;\" data-mce-mark=\"1\">18<\/span><\/td><td><span style=\"font-family: verdana, geneva, sans-serif; font-size: 1rem;\" data-mce-mark=\"1\">Legislaci\u00f3n Empresarial<\/span><\/td><td><span style=\"font-family: verdana, geneva, sans-serif; font-size: 1rem;\">4<\/span><\/td><\/tr><tr><td><span style=\"font-family: verdana, geneva, sans-serif; font-size: 1rem;\" data-mce-mark=\"1\">19<\/span><\/td><td><span style=\"font-family: verdana, geneva, sans-serif; font-size: 1rem;\" data-mce-mark=\"1\">Marketing Estrat\u00e9gico y Operativo<\/span><\/td><td><span style=\"font-family: verdana, geneva, sans-serif; font-size: 1rem;\">4<\/span><\/td><\/tr><tr><td><span style=\"font-family: verdana, geneva, sans-serif; font-size: 1rem;\" data-mce-mark=\"1\">20<\/span><\/td><td><span style=\"font-family: verdana, geneva, sans-serif; font-size: 1rem;\" data-mce-mark=\"1\">Gerenciamiento Empresarial<\/span><\/td><td><span style=\"font-family: verdana, geneva, sans-serif; font-size: 1rem;\">4<\/span><\/td><\/tr><tr><td><span style=\"font-family: verdana, geneva, sans-serif; font-size: 1rem;\" data-mce-mark=\"1\">21<\/span><\/td><td><span style=\"font-family: verdana, geneva, sans-serif; font-size: 1rem;\">Gesti\u00f3n de Proyectos<\/span><\/td><td><span style=\"font-family: verdana, geneva, sans-serif; font-size: 1rem;\">4<\/span><\/td><\/tr><tr><td><span style=\"font-family: verdana, geneva, sans-serif; font-size: 1rem;\" data-mce-mark=\"1\">22<\/span><\/td><td><span style=\"font-family: verdana, geneva, sans-serif; font-size: 1rem;\">Control de Calidad, Seguridad e Higiene Laboral<\/span><\/td><td><span style=\"font-family: verdana, geneva, sans-serif; font-size: 1rem;\">4<\/span><\/td><\/tr><tr><td><span style=\"font-family: verdana, geneva, sans-serif; font-size: 1rem;\" data-mce-mark=\"1\">23<\/span><\/td><td><span style=\"font-family: verdana, geneva, sans-serif; font-size: 1rem;\">Asoc\u00edativ\u00edsmo<\/span><\/td><td><span style=\"font-family: verdana, geneva, sans-serif; font-size: 1rem;\">2<\/span><\/td><\/tr><tr><td><span style=\"font-family: verdana, geneva, sans-serif; font-size: 1rem;\" data-mce-mark=\"1\">24<\/span><\/td><td><span style=\"font-family: verdana, geneva, sans-serif; font-size: 1rem;\">Comercio Exterior<\/span><\/td><td><span style=\"font-family: verdana, geneva, sans-serif; font-size: 1rem;\">2<\/span><\/td><\/tr><tr><td><span style=\"font-family: verdana, geneva, sans-serif; font-size: 1rem;\" data-mce-mark=\"1\">25<\/span><\/td><td><span style=\"font-family: verdana, geneva, sans-serif; font-size: 1rem;\">Derechos Humanos<\/span><\/td><td><span style=\"font-family: verdana, geneva, sans-serif; font-size: 1rem;\">3<\/span><\/td><\/tr><tr><td><span style=\"font-family: verdana, geneva, sans-serif; font-size: 1rem;\" data-mce-mark=\"1\">26<\/span><\/td><td><span style=\"font-family: verdana, geneva, sans-serif; font-size: 1rem;\">Lengua Extranjera: Ingl\u00e9s III<\/span><\/td><td><span style=\"font-family: verdana, geneva, sans-serif; font-size: 1rem;\">3<\/span><\/td><\/tr><tr><td><span style=\"font-family: verdana, geneva, sans-serif; font-size: 1rem;\" data-mce-mark=\"1\">27<\/span><\/td><td><span style=\"font-family: verdana, geneva, sans-serif; font-size: 1rem;\">Pr\u00e1ctica Profesionalizante III<\/span><\/td><td><span style=\"font-family: verdana, geneva, sans-serif; font-size: 1rem;\">6<\/span><\/td><\/tr><tr><td><span style=\"font-family: verdana, geneva, sans-serif; font-size: 1rem;\" data-mce-mark=\"1\">28<\/span><\/td><td><span style=\"font-family: verdana, geneva, sans-serif; font-size: 1rem;\">U.D.I.<\/span><\/td><td><span style=\"font-family: verdana, geneva, sans-serif; font-size: 1rem;\">2<\/span><\/td><\/tr><\/tbody><\/table><\/figure>\n","protected":false},"excerpt":{"rendered":"<p>LA TECNICATURA EN GESTI\u00d3N DE PEQUE\u00d1AS Y MEDIANAS EMPRESAS NO ABRE COHORTE EN EL 2022, POR LO TANTO NO POSEE INSCRIPCIONES ABIERTAS. Informaci\u00f3n General La Tecnicatura Superior en Gesti\u00f3n de Peque\u00f1as y Medianas Empresas (PyMEs) es una propuesta formativa que inici\u00f3 en el a\u00f1o 2020. Las actividades \u00e1ulicas se desarrollan en la localidad de Tabossi, &#8230; <a title=\"PYMES (sin cohorte en 2022)\" class=\"read-more\" href=\"https:\/\/itsmariagrande-ers.infd.edu.ar\/sitio\/nueva-tecnicatura-pymes\/\" aria-label=\"More on PYMES (sin cohorte en 2022)\">[+]<\/a><\/p>\n","protected":false},"author":128,"featured_media":0,"parent":0,"menu_order":0,"comment_status":"closed","ping_status":"closed","template":"","meta":[],"acf":[],"_links":{"self":[{"href":"https:\/\/itsmariagrande-ers.infd.edu.ar\/sitio\/wp-json\/wp\/v2\/pages\/3344"}],"collection":[{"href":"https:\/\/itsmariagrande-ers.infd.edu.ar\/sitio\/wp-json\/wp\/v2\/pages"}],"about":[{"href":"https:\/\/itsmariagrande-ers.infd.edu.ar\/sitio\/wp-json\/wp\/v2\/types\/page"}],"author":[{"embeddable":true,"href":"https:\/\/itsmariagrande-ers.infd.edu.ar\/sitio\/wp-json\/wp\/v2\/users\/128"}],"replies":[{"embeddable":true,"href":"https:\/\/itsmariagrande-ers.infd.edu.ar\/sitio\/wp-json\/wp\/v2\/comments?post=3344"}],"version-history":[{"count":14,"href":"https:\/\/itsmariagrande-ers.infd.edu.ar\/sitio\/wp-json\/wp\/v2\/pages\/3344\/revisions"}],"predecessor-version":[{"id":4833,"href":"https:\/\/itsmariagrande-ers.infd.edu.ar\/sitio\/wp-json\/wp\/v2\/pages\/3344\/revisions\/4833"}],"wp:attachment":[{"href":"https:\/\/itsmariagrande-ers.infd.edu.ar\/sitio\/wp-json\/wp\/v2\/media?parent=3344"}],"curies":[{"name":"wp","href":"https:\/\/api.w.org\/{rel}","templated":true}]}}