{"id":286,"date":"2016-10-31T13:17:59","date_gmt":"2016-10-31T16:17:59","guid":{"rendered":"https:\/\/itsmariagrande-ers.infd.edu.ar\/sitio\/?page_id=286"},"modified":"2024-02-19T16:51:38","modified_gmt":"2024-02-19T19:51:38","slug":"inicio","status":"publish","type":"page","link":"https:\/\/itsmariagrande-ers.infd.edu.ar\/sitio\/","title":{"rendered":"Inicio"},"content":{"rendered":"\n<div class=\"alignnormal\"><div id=\"metaslider-id-6026\" style=\"width: 100%; margin: 0 auto;\" class=\"ml-slider-3-33-0 metaslider metaslider-flex metaslider-6026 ml-slider ms-theme-default\" role=\"region\" aria-roledescription=\"Slideshow\" aria-label=\"Slideshow\">\n    <div id=\"metaslider_container_6026\">\n        <div id=\"metaslider_6026\" class=\"flexslider\">\n            <ul aria-live=\"polite\" class=\"slides\">\n                <li style=\"display: block; width: 100%;\" class=\"slide-6033 ms-image\" aria-roledescription=\"slide\" aria-label=\"slide-6033\"><img src=\"https:\/\/itsmariagrande-ers.infd.edu.ar\/sitio\/wp-content\/uploads\/2025\/10\/2026-Banneer-web-preeinscripciones-carreras-2026-1416x349.png\" height=\"592\" width=\"2403\" alt=\"\" class=\"slider-6026 slide-6033\" title=\"2026-Banneer web preeinscripciones carreras 2026\" \/><\/li>\n                <li style=\"display: none; width: 100%;\" class=\"slide-6034 ms-image\" aria-roledescription=\"slide\" aria-label=\"slide-6034\"><a href=\"https:\/\/itsmariagrande-ers.infd.edu.ar\/sitio\/turismo-y-gestion-de-servicios\/\" target=\"_blank\"><img src=\"https:\/\/itsmariagrande-ers.infd.edu.ar\/sitio\/wp-content\/uploads\/2023\/09\/Inscripciones-2024.-Banner-Web-01-1501x370.png\" height=\"592\" width=\"2403\" alt=\"\" class=\"slider-6026 slide-6034\" title=\"Inscripciones 2024. Banner Web 01\" \/><\/a><\/li>\n                <li style=\"display: none; width: 100%;\" class=\"slide-6035 ms-image\" aria-roledescription=\"slide\" aria-label=\"slide-6035\"><a href=\"https:\/\/itsmariagrande-ers.infd.edu.ar\/sitio\/tecnicatura-administracion-de-empresas\/\" target=\"_blank\"><img src=\"https:\/\/itsmariagrande-ers.infd.edu.ar\/sitio\/wp-content\/uploads\/2023\/09\/Inscripciones-2024.-Banner-Web-02-1504x370.png\" height=\"592\" width=\"2403\" alt=\"\" class=\"slider-6026 slide-6035\" title=\"Inscripciones 2024. Banner Web 02\" \/><\/a><\/li>\n                <li style=\"display: none; width: 100%;\" class=\"slide-6036 ms-image\" aria-roledescription=\"slide\" aria-label=\"slide-6036\"><a href=\"https:\/\/itsmariagrande-ers.infd.edu.ar\/sitio\/tecnicatura-mantenimiento-industrial\/\" target=\"_blank\"><img src=\"https:\/\/itsmariagrande-ers.infd.edu.ar\/sitio\/wp-content\/uploads\/2023\/09\/Inscripciones-2024.-Banner-Web-03-1501x370.png\" height=\"592\" width=\"2403\" alt=\"\" class=\"slider-6026 slide-6036\" title=\"Inscripciones 2024. Banner Web 03\" \/><\/a><\/li>\n                <li style=\"display: none; width: 100%;\" class=\"slide-6037 ms-image\" aria-roledescription=\"slide\" aria-label=\"slide-6037\"><a href=\"https:\/\/itsmariagrande-ers.infd.edu.ar\/sitio\/profesorado-lengua-y-literatura\/\" target=\"_blank\"><img src=\"https:\/\/itsmariagrande-ers.infd.edu.ar\/sitio\/wp-content\/uploads\/2023\/09\/Inscripciones-2024.-Banner-Web-04-1504x370.png\" height=\"592\" width=\"2403\" alt=\"\" class=\"slider-6026 slide-6037\" title=\"Inscripciones 2024. Banner Web 04\" \/><\/a><\/li>\n                <li style=\"display: none; width: 100%;\" class=\"slide-6038 ms-image\" aria-roledescription=\"slide\" aria-label=\"slide-6038\"><a href=\"https:\/\/itsmariagrande-ers.infd.edu.ar\/sitio\/profesorado-ingles\/\" target=\"_blank\"><img src=\"https:\/\/itsmariagrande-ers.infd.edu.ar\/sitio\/wp-content\/uploads\/2023\/09\/Inscripciones-2024.-Banner-Web-05-1501x370.png\" height=\"592\" width=\"2403\" alt=\"\" class=\"slider-6026 slide-6038\" title=\"Inscripciones 2024. Banner Web 05\" \/><\/a><\/li>\n            <\/ul>\n        <\/div>\n        \n    <\/div>\n<\/div><\/div>\n\n\n\n<figure class=\"wp-block-image size-large\"><a href=\"https:\/\/itsmariagrande-ers.infd.edu.ar\/sitio\/oficina-de-informacion-y-asesoramiento-al-emprendedor-a\/\" target=\"_blank\" rel=\"noreferrer noopener\"><img decoding=\"async\" loading=\"lazy\" width=\"1900\" height=\"554\" src=\"https:\/\/itsmariagrande-ers.infd.edu.ar\/sitio\/wp-content\/uploads\/2023\/07\/Oficina-Asesoramiento-emprendedor-BANNER-INI-1900x554.png\" alt=\"\" class=\"wp-image-5869\" srcset=\"https:\/\/itsmariagrande-ers.infd.edu.ar\/sitio\/wp-content\/uploads\/2023\/07\/Oficina-Asesoramiento-emprendedor-BANNER-INI-1900x554.png 1900w, https:\/\/itsmariagrande-ers.infd.edu.ar\/sitio\/wp-content\/uploads\/2023\/07\/Oficina-Asesoramiento-emprendedor-BANNER-INI-1000x291.png 1000w, https:\/\/itsmariagrande-ers.infd.edu.ar\/sitio\/wp-content\/uploads\/2023\/07\/Oficina-Asesoramiento-emprendedor-BANNER-INI-768x224.png 768w, https:\/\/itsmariagrande-ers.infd.edu.ar\/sitio\/wp-content\/uploads\/2023\/07\/Oficina-Asesoramiento-emprendedor-BANNER-INI-1536x448.png 1536w, https:\/\/itsmariagrande-ers.infd.edu.ar\/sitio\/wp-content\/uploads\/2023\/07\/Oficina-Asesoramiento-emprendedor-BANNER-INI-2048x597.png 2048w\" sizes=\"(max-width: 1900px) 100vw, 1900px\" \/><\/a><\/figure>\n\n\n<div class=\"wp-block-image\">\n<figure class=\"aligncenter\"><a href=\"https:\/\/forms.gle\/LC9mZ3RbTN5DjS7N6\"><img decoding=\"async\" loading=\"lazy\" width=\"1000\" height=\"146\" src=\"https:\/\/itsmariagrande-ers.infd.edu.ar\/sitio\/wp-content\/uploads\/2020\/03\/solicitud-formularios-1000x146.png\" alt=\"\" class=\"wp-image-3614\" srcset=\"https:\/\/itsmariagrande-ers.infd.edu.ar\/sitio\/wp-content\/uploads\/2020\/03\/solicitud-formularios-1000x146.png 1000w, https:\/\/itsmariagrande-ers.infd.edu.ar\/sitio\/wp-content\/uploads\/2020\/03\/solicitud-formularios-768x112.png 768w, https:\/\/itsmariagrande-ers.infd.edu.ar\/sitio\/wp-content\/uploads\/2020\/03\/solicitud-formularios-1900x277.png 1900w\" sizes=\"(max-width: 1000px) 100vw, 1000px\" \/><\/a><\/figure><\/div>\n\n\n<figure class=\"wp-block-image size-large\"><a href=\"https:\/\/forms.gle\/eEhB2uXN9uB7HmRn7\" target=\"_blank\" rel=\"noopener\"><img decoding=\"async\" loading=\"lazy\" width=\"1900\" height=\"235\" src=\"https:\/\/itsmariagrande-ers.infd.edu.ar\/sitio\/wp-content\/uploads\/2022\/06\/Baja-de-campus-virtual-Banner-1900x235.png\" alt=\"\" class=\"wp-image-4983\" srcset=\"https:\/\/itsmariagrande-ers.infd.edu.ar\/sitio\/wp-content\/uploads\/2022\/06\/Baja-de-campus-virtual-Banner-1900x235.png 1900w, https:\/\/itsmariagrande-ers.infd.edu.ar\/sitio\/wp-content\/uploads\/2022\/06\/Baja-de-campus-virtual-Banner-1000x124.png 1000w, https:\/\/itsmariagrande-ers.infd.edu.ar\/sitio\/wp-content\/uploads\/2022\/06\/Baja-de-campus-virtual-Banner-768x95.png 768w, https:\/\/itsmariagrande-ers.infd.edu.ar\/sitio\/wp-content\/uploads\/2022\/06\/Baja-de-campus-virtual-Banner-1536x190.png 1536w, https:\/\/itsmariagrande-ers.infd.edu.ar\/sitio\/wp-content\/uploads\/2022\/06\/Baja-de-campus-virtual-Banner-2048x253.png 2048w\" sizes=\"(max-width: 1900px) 100vw, 1900px\" \/><\/a><\/figure>\n\n\n<style>.wp-show-posts-columns#wpsp-383 {margin-left: -2em; }.wp-show-posts-columns#wpsp-383 .wp-show-posts-inner {margin: 0 0 2em 2em; }<\/style><section id=\"wpsp-383\" class=\" wp-show-posts-columns wp-show-posts\" style=\"\"><article class=\" wp-show-posts-single post-7182 post type-post status-publish format-standard has-post-thumbnail hentry category-institucionales category-noticias wpsp-col-4\" itemtype=\"http:\/\/schema.org\/CreativeWork\" itemscope><div class=\"wp-show-posts-inner\" style=\"\">\t\t<div class=\"wp-show-posts-image  wpsp-image-center \">\n\t\t\t<a href=\"https:\/\/itsmariagrande-ers.infd.edu.ar\/sitio\/continua-abierta-la-inscripcion-a-carreras-2026-del-ies-republica-de-entre-rios\/\"  title=\"Contin\u00faa abierta la preinscripci\u00f3n a carreras 2026 del IES \u201cRep\u00fablica de Entre R\u00edos\u201d\">\t\t\t\t\t<img src=\"https:\/\/itsmariagrande-ers.infd.edu.ar\/sitio\/wp-content\/uploads\/2026\/02\/00-Difusion-carreras-cuadrado-01-500x500.png\" alt=\"Contin\u00faa abierta la preinscripci\u00f3n a carreras 2026 del IES \u201cRep\u00fablica de Entre R\u00edos\u201d\" itemprop=\"image\" class=\"center\" \/>\n\t\t\t\t<\/a>\t\t<\/div>\n\t\t\t\t\t\t\t\t<header class=\"wp-show-posts-entry-header\">\n\t\t\t\t\t\t\t<h2 class=\"wp-show-posts-entry-title\" itemprop=\"headline\"><a href=\"https:\/\/itsmariagrande-ers.infd.edu.ar\/sitio\/continua-abierta-la-inscripcion-a-carreras-2026-del-ies-republica-de-entre-rios\/\" rel=\"bookmark\">Contin\u00faa abierta la preinscripci\u00f3n a carreras 2026 del IES \u201cRep\u00fablica de Entre R\u00edos\u201d<\/a><\/h2>\t\t\t\t\t\t<\/header><!-- .entry-header -->\n\t\t\t\t\t\t\t\t\t\t\t<div class=\"wp-show-posts-entry-summary\" itemprop=\"text\">\n\t\t\t\t\t\t\t<p>El&nbsp;Instituto de Educaci\u00f3n Superior \u201cRep\u00fablica de Entre R\u00edos\u201d (IES RER)&nbsp;informa que contin\u00faa abierta la&nbsp;inscripci\u00f3n para las carreras correspondientes al ciclo 2026. La preinscripci\u00f3n se realiza de manera online a trav\u00e9s&#8230;<\/p>\n\t\t\t\t\t\t<\/div><!-- .entry-summary -->\n\t\t\t\t\t<\/div><!-- wp-show-posts-inner --><\/article><article class=\" wp-show-posts-single post-7272 post type-post status-publish format-standard has-post-thumbnail hentry category-institucionales category-noticias category-oficina-emprendedor-a wpsp-col-4\" itemtype=\"http:\/\/schema.org\/CreativeWork\" itemscope><div class=\"wp-show-posts-inner\" style=\"\">\t\t<div class=\"wp-show-posts-image  wpsp-image-center \">\n\t\t\t<a href=\"https:\/\/itsmariagrande-ers.infd.edu.ar\/sitio\/capacitacion-educacion-financiera-para-la-vida-real\/\"  title=\"Capacitaci\u00f3n: Educaci\u00f3n Financiera para la vida real\">\t\t\t\t\t<img src=\"https:\/\/itsmariagrande-ers.infd.edu.ar\/sitio\/wp-content\/uploads\/2026\/03\/2026-03-26-Flyer-Educ.-Financiera-500x500.jpeg\" alt=\"Capacitaci\u00f3n: Educaci\u00f3n Financiera para la vida real\" itemprop=\"image\" class=\"center\" \/>\n\t\t\t\t<\/a>\t\t<\/div>\n\t\t\t\t\t\t\t\t<header class=\"wp-show-posts-entry-header\">\n\t\t\t\t\t\t\t<h2 class=\"wp-show-posts-entry-title\" itemprop=\"headline\"><a href=\"https:\/\/itsmariagrande-ers.infd.edu.ar\/sitio\/capacitacion-educacion-financiera-para-la-vida-real\/\" rel=\"bookmark\">Capacitaci\u00f3n: Educaci\u00f3n Financiera para la vida real<\/a><\/h2>\t\t\t\t\t\t<\/header><!-- .entry-header -->\n\t\t\t\t\t\t\t\t\t\t\t<div class=\"wp-show-posts-entry-summary\" itemprop=\"text\">\n\t\t\t\t\t\t\t<p>La Oficina de Informaci\u00f3n y Asesoramiento al Emprendedor\/a invita a participar de una propuesta formativa pensada para brindar herramientas pr\u00e1cticas que permitan ordenar las finanzas personales, tomar mejores decisiones y&#8230;<\/p>\n\t\t\t\t\t\t<\/div><!-- .entry-summary -->\n\t\t\t\t\t<\/div><!-- wp-show-posts-inner --><\/article><article class=\" wp-show-posts-single post-7270 post type-post status-publish format-standard has-post-thumbnail hentry category-institucionales category-noticias wpsp-col-4\" itemtype=\"http:\/\/schema.org\/CreativeWork\" itemscope><div class=\"wp-show-posts-inner\" style=\"\">\t\t<div class=\"wp-show-posts-image  wpsp-image-center \">\n\t\t\t<a href=\"https:\/\/itsmariagrande-ers.infd.edu.ar\/sitio\/concurso-docente-a-partir-del-19-03-2026\/\"  title=\"Concurso Docente a partir del 19\/03\/2026\">\t\t\t\t\t<img src=\"https:\/\/itsmariagrande-ers.infd.edu.ar\/sitio\/wp-content\/uploads\/2026\/02\/2026-Concurso-Docente-Cuadrado-500x500.png\" alt=\"Concurso Docente a partir del 19\/03\/2026\" itemprop=\"image\" class=\"center\" \/>\n\t\t\t\t<\/a>\t\t<\/div>\n\t\t\t\t\t\t\t\t<header class=\"wp-show-posts-entry-header\">\n\t\t\t\t\t\t\t<h2 class=\"wp-show-posts-entry-title\" itemprop=\"headline\"><a href=\"https:\/\/itsmariagrande-ers.infd.edu.ar\/sitio\/concurso-docente-a-partir-del-19-03-2026\/\" rel=\"bookmark\">Concurso Docente a partir del 19\/03\/2026<\/a><\/h2>\t\t\t\t\t\t<\/header><!-- .entry-header -->\n\t\t\t\t\t\t\t\t\t\t\t<div class=\"wp-show-posts-entry-summary\" itemprop=\"text\">\n\t\t\t\t\t\t\t<p>El Instituto de Educaci\u00f3n Superior \u201cRep\u00fablica de Entre R\u00edos\u201d de la localidad de Mar\u00eda Grande,&nbsp;CONVOCA&nbsp;a concurso&nbsp;(primer llamado)&nbsp;por presentaci\u00f3n de carpetas de antecedentes seg\u00fan Resoluci\u00f3n N\u00b0 2300\/12 CGE y su modificatoria&#8230;<\/p>\n\t\t\t\t\t\t<\/div><!-- .entry-summary -->\n\t\t\t\t\t<\/div><!-- wp-show-posts-inner --><\/article><article class=\" wp-show-posts-single post-7268 post type-post status-publish format-standard has-post-thumbnail hentry category-sin-categoria wpsp-col-4\" itemtype=\"http:\/\/schema.org\/CreativeWork\" itemscope><div class=\"wp-show-posts-inner\" style=\"\">\t\t<div class=\"wp-show-posts-image  wpsp-image-center \">\n\t\t\t<a href=\"https:\/\/itsmariagrande-ers.infd.edu.ar\/sitio\/concurso-docente-a-partir-del-06-03-2026\/\"  title=\"Concurso Docente a partir del 06\/03\/2026\">\t\t\t\t\t<img src=\"https:\/\/itsmariagrande-ers.infd.edu.ar\/sitio\/wp-content\/uploads\/2026\/02\/2026-Concurso-Docente-Cuadrado-500x500.png\" alt=\"Concurso Docente a partir del 06\/03\/2026\" itemprop=\"image\" class=\"center\" \/>\n\t\t\t\t<\/a>\t\t<\/div>\n\t\t\t\t\t\t\t\t<header class=\"wp-show-posts-entry-header\">\n\t\t\t\t\t\t\t<h2 class=\"wp-show-posts-entry-title\" itemprop=\"headline\"><a href=\"https:\/\/itsmariagrande-ers.infd.edu.ar\/sitio\/concurso-docente-a-partir-del-06-03-2026\/\" rel=\"bookmark\">Concurso Docente a partir del 06\/03\/2026<\/a><\/h2>\t\t\t\t\t\t<\/header><!-- .entry-header -->\n\t\t\t\t\t\t\t\t\t\t\t<div class=\"wp-show-posts-entry-summary\" itemprop=\"text\">\n\t\t\t\t\t\t\t<p>El Instituto de Educaci\u00f3n Superior \u201cRep\u00fablica de Entre R\u00edos\u201d de la localidad de Mar\u00eda Grande,&nbsp;CONVOCA&nbsp;a concurso&nbsp;(primer llamado)&nbsp;por presentaci\u00f3n de carpetas de antecedentes seg\u00fan Resoluci\u00f3n N\u00b0 2300\/12 CGE y su modificatoria&#8230;<\/p>\n\t\t\t\t\t\t<\/div><!-- .entry-summary -->\n\t\t\t\t\t<\/div><!-- wp-show-posts-inner --><\/article><article class=\" wp-show-posts-single post-7251 post type-post status-publish format-standard has-post-thumbnail hentry category-institucionales category-noticias wpsp-col-4\" itemtype=\"http:\/\/schema.org\/CreativeWork\" itemscope><div class=\"wp-show-posts-inner\" style=\"\">\t\t<div class=\"wp-show-posts-image  wpsp-image-center \">\n\t\t\t<a href=\"https:\/\/itsmariagrande-ers.infd.edu.ar\/sitio\/inscripcion-ano-academico-2026-y-cursado-de-materias\/\"  title=\"Inscripci\u00f3n a\u00f1o acad\u00e9mico 2026 y cursado de materias\">\t\t\t\t\t<img src=\"https:\/\/itsmariagrande-ers.infd.edu.ar\/sitio\/wp-content\/uploads\/2026\/03\/2026-03-05-Inscripciones-2026-Cuadrado-1-500x500.png\" alt=\"Inscripci\u00f3n a\u00f1o acad\u00e9mico 2026 y cursado de materias\" itemprop=\"image\" class=\"center\" \/>\n\t\t\t\t<\/a>\t\t<\/div>\n\t\t\t\t\t\t\t\t<header class=\"wp-show-posts-entry-header\">\n\t\t\t\t\t\t\t<h2 class=\"wp-show-posts-entry-title\" itemprop=\"headline\"><a href=\"https:\/\/itsmariagrande-ers.infd.edu.ar\/sitio\/inscripcion-ano-academico-2026-y-cursado-de-materias\/\" rel=\"bookmark\">Inscripci\u00f3n a\u00f1o acad\u00e9mico 2026 y cursado de materias<\/a><\/h2>\t\t\t\t\t\t<\/header><!-- .entry-header -->\n\t\t\t\t\t\t\t\t\t\t\t<div class=\"wp-show-posts-entry-summary\" itemprop=\"text\">\n\t\t\t\t\t\t\t<p>Ingresantes 2026 no deben inscribirse Se encuentra abierta la&nbsp;INSCRIPCI\u00d3N AL A\u00d1O ACAD\u00c9MICO 2026&nbsp;para estudiantes regulares de las diferentes carreras del Instituto, como as\u00ed tambi\u00e9n la&nbsp;INSCRIPCI\u00d3N A LAS DIFERENTES UNIDADES CURRICULARES&nbsp;(UC)&#8230;<\/p>\n\t\t\t\t\t\t<\/div><!-- .entry-summary -->\n\t\t\t\t\t<\/div><!-- wp-show-posts-inner --><\/article><article class=\" wp-show-posts-single post-7229 post type-post status-publish format-standard has-post-thumbnail hentry category-sin-categoria wpsp-col-4\" itemtype=\"http:\/\/schema.org\/CreativeWork\" itemscope><div class=\"wp-show-posts-inner\" style=\"\">\t\t<div class=\"wp-show-posts-image  wpsp-image-center \">\n\t\t\t<a href=\"https:\/\/itsmariagrande-ers.infd.edu.ar\/sitio\/inscripcion-a-mesas-de-examenes-finales-2do-llamado-turno-febrero-marzo-2026\/\"  title=\"Inscripci\u00f3n a Mesas de ex\u00e1menes finales, 2do. llamado turno febrero-marzo 2026\">\t\t\t\t\t<img src=\"https:\/\/itsmariagrande-ers.infd.edu.ar\/sitio\/wp-content\/uploads\/2026\/02\/2026-03-MESAS-2do.-llamado-SW-500x500.png\" alt=\"Inscripci\u00f3n a Mesas de ex\u00e1menes finales, 2do. llamado turno febrero-marzo 2026\" itemprop=\"image\" class=\"center\" \/>\n\t\t\t\t<\/a>\t\t<\/div>\n\t\t\t\t\t\t\t\t<header class=\"wp-show-posts-entry-header\">\n\t\t\t\t\t\t\t<h2 class=\"wp-show-posts-entry-title\" itemprop=\"headline\"><a href=\"https:\/\/itsmariagrande-ers.infd.edu.ar\/sitio\/inscripcion-a-mesas-de-examenes-finales-2do-llamado-turno-febrero-marzo-2026\/\" rel=\"bookmark\">Inscripci\u00f3n a Mesas de ex\u00e1menes finales, 2do. llamado turno febrero-marzo 2026<\/a><\/h2>\t\t\t\t\t\t<\/header><!-- .entry-header -->\n\t\t\t\t\t\t\t\t\t\t\t<div class=\"wp-show-posts-entry-summary\" itemprop=\"text\">\n\t\t\t\t\t\t\t<p>Atenciones estudiantes del I.E.S. \u00abRca. de Entre R\u00edos\u00bb: Los d\u00edas\u00a0mi\u00e9rcoles 25 y jueves 26 de febrero de 2026, estar\u00e1\u00a0abierta la inscripci\u00f3n online\u00a0al\u00a02do. (segundo llamado)\u00a0de mesas de ex\u00e1menes finales ordinarias del&#8230;<\/p>\n\t\t\t\t\t\t<\/div><!-- .entry-summary -->\n\t\t\t\t\t<\/div><!-- wp-show-posts-inner --><\/article><article class=\" wp-show-posts-single post-7247 post type-post status-publish format-standard has-post-thumbnail hentry category-sin-categoria wpsp-col-4\" itemtype=\"http:\/\/schema.org\/CreativeWork\" itemscope><div class=\"wp-show-posts-inner\" style=\"\">\t\t<div class=\"wp-show-posts-image  wpsp-image-center \">\n\t\t\t<a href=\"https:\/\/itsmariagrande-ers.infd.edu.ar\/sitio\/concurso-docente-a-partir-del-20-02-26-catedras\/\"  title=\"Concurso Docente a partir del 20\/02\/26 (C\u00e1tedras)\">\t\t\t\t\t<img src=\"https:\/\/itsmariagrande-ers.infd.edu.ar\/sitio\/wp-content\/uploads\/2026\/02\/2026-Concurso-Docente-Cuadrado-500x500.png\" alt=\"Concurso Docente a partir del 20\/02\/26 (C\u00e1tedras)\" itemprop=\"image\" class=\"center\" \/>\n\t\t\t\t<\/a>\t\t<\/div>\n\t\t\t\t\t\t\t\t<header class=\"wp-show-posts-entry-header\">\n\t\t\t\t\t\t\t<h2 class=\"wp-show-posts-entry-title\" itemprop=\"headline\"><a href=\"https:\/\/itsmariagrande-ers.infd.edu.ar\/sitio\/concurso-docente-a-partir-del-20-02-26-catedras\/\" rel=\"bookmark\">Concurso Docente a partir del 20\/02\/26 (C\u00e1tedras)<\/a><\/h2>\t\t\t\t\t\t<\/header><!-- .entry-header -->\n\t\t\t\t\t\t\t\t\t\t\t<div class=\"wp-show-posts-entry-summary\" itemprop=\"text\">\n\t\t\t\t\t\t\t<p>El Instituto de Educaci\u00f3n Superior \u201cRep\u00fablica de Entre R\u00edos\u201d de la localidad de Mar\u00eda Grande,&nbsp;CONVOCA&nbsp;a concurso&nbsp;(primer llamado)&nbsp;por presentaci\u00f3n de carpetas de antecedentes seg\u00fan Resoluci\u00f3n N\u00b0 2300\/12 CGE y su modificatoria&#8230;<\/p>\n\t\t\t\t\t\t<\/div><!-- .entry-summary -->\n\t\t\t\t\t<\/div><!-- wp-show-posts-inner --><\/article><article class=\" wp-show-posts-single post-7244 post type-post status-publish format-standard has-post-thumbnail hentry category-sin-categoria wpsp-col-4\" itemtype=\"http:\/\/schema.org\/CreativeWork\" itemscope><div class=\"wp-show-posts-inner\" style=\"\">\t\t<div class=\"wp-show-posts-image  wpsp-image-center \">\n\t\t\t<a href=\"https:\/\/itsmariagrande-ers.infd.edu.ar\/sitio\/concurso-docente-a-partir-del-20-02-26-coordinacion-de-practicas-profesionalizantes\/\"  title=\"Concurso Docente a partir del 20\/02\/26 (Coordinaci\u00f3n de Pr\u00e1cticas Profesionalizantes)\">\t\t\t\t\t<img src=\"https:\/\/itsmariagrande-ers.infd.edu.ar\/sitio\/wp-content\/uploads\/2026\/02\/2026-Concurso-Docente-Cuadrado-500x500.png\" alt=\"Concurso Docente a partir del 20\/02\/26 (Coordinaci\u00f3n de Pr\u00e1cticas Profesionalizantes)\" itemprop=\"image\" class=\"center\" \/>\n\t\t\t\t<\/a>\t\t<\/div>\n\t\t\t\t\t\t\t\t<header class=\"wp-show-posts-entry-header\">\n\t\t\t\t\t\t\t<h2 class=\"wp-show-posts-entry-title\" itemprop=\"headline\"><a href=\"https:\/\/itsmariagrande-ers.infd.edu.ar\/sitio\/concurso-docente-a-partir-del-20-02-26-coordinacion-de-practicas-profesionalizantes\/\" rel=\"bookmark\">Concurso Docente a partir del 20\/02\/26 (Coordinaci\u00f3n de Pr\u00e1cticas Profesionalizantes)<\/a><\/h2>\t\t\t\t\t\t<\/header><!-- .entry-header -->\n\t\t\t\t\t\t\t\t\t\t\t<div class=\"wp-show-posts-entry-summary\" itemprop=\"text\">\n\t\t\t\t\t\t\t<p>El Instituto de Educaci\u00f3n Superior \u201cRep\u00fablica de Entre R\u00edos\u201d de la ciudad de Mar\u00eda Grande,\u00a0CONVOCA\u00a0a concurso\u00a0(primer llamado)\u00a0por presentaci\u00f3n de\u00a0PROYECTO PEDAG\u00d3GICO\u00a0y\u00a0CARPETA DE ANTECEDENTES\u00a0seg\u00fan Resoluci\u00f3n N\u00b0 2300\/12 CGE y su modificatoria Resoluci\u00f3n&#8230;<\/p>\n\t\t\t\t\t\t<\/div><!-- .entry-summary -->\n\t\t\t\t\t<\/div><!-- wp-show-posts-inner --><\/article><article class=\" wp-show-posts-single post-7200 post type-post status-publish format-standard has-post-thumbnail hentry category-sin-categoria wpsp-col-4\" itemtype=\"http:\/\/schema.org\/CreativeWork\" itemscope><div class=\"wp-show-posts-inner\" style=\"\">\t\t<div class=\"wp-show-posts-image  wpsp-image-center \">\n\t\t\t<a href=\"https:\/\/itsmariagrande-ers.infd.edu.ar\/sitio\/inscripcion-a-mesas-de-examenes-finales-1er-llamado-turno-febrero-marzo-2026\/\"  title=\"Inscripci\u00f3n a Mesas de ex\u00e1menes finales, 1er. llamado turno febrero-marzo 2026\">\t\t\t\t\t<img src=\"https:\/\/itsmariagrande-ers.infd.edu.ar\/sitio\/wp-content\/uploads\/2026\/02\/202602-17-MESAS-1er.-llamado-500x500.png\" alt=\"Inscripci\u00f3n a Mesas de ex\u00e1menes finales, 1er. llamado turno febrero-marzo 2026\" itemprop=\"image\" class=\"center\" \/>\n\t\t\t\t<\/a>\t\t<\/div>\n\t\t\t\t\t\t\t\t<header class=\"wp-show-posts-entry-header\">\n\t\t\t\t\t\t\t<h2 class=\"wp-show-posts-entry-title\" itemprop=\"headline\"><a href=\"https:\/\/itsmariagrande-ers.infd.edu.ar\/sitio\/inscripcion-a-mesas-de-examenes-finales-1er-llamado-turno-febrero-marzo-2026\/\" rel=\"bookmark\">Inscripci\u00f3n a Mesas de ex\u00e1menes finales, 1er. llamado turno febrero-marzo 2026<\/a><\/h2>\t\t\t\t\t\t<\/header><!-- .entry-header -->\n\t\t\t\t\t\t\t\t\t\t\t<div class=\"wp-show-posts-entry-summary\" itemprop=\"text\">\n\t\t\t\t\t\t\t<p>Atenciones estudiantes del I.E.S. \u00abRca. de Entre R\u00edos\u00bb: Los d\u00edas&nbsp;martes 17 y mi\u00e9rcoles 18 de febrero de 2026, estar\u00e1&nbsp;abierta la inscripci\u00f3n online&nbsp;al&nbsp;primer llamado&nbsp;de mesas de ex\u00e1menes finales ordinarias del turno&#8230;<\/p>\n\t\t\t\t\t\t<\/div><!-- .entry-summary -->\n\t\t\t\t\t<\/div><!-- wp-show-posts-inner --><\/article><article class=\" wp-show-posts-single post-7223 post type-post status-publish format-standard has-post-thumbnail hentry category-sin-categoria wpsp-col-4\" itemtype=\"http:\/\/schema.org\/CreativeWork\" itemscope><div class=\"wp-show-posts-inner\" style=\"\">\t\t<div class=\"wp-show-posts-image  wpsp-image-center \">\n\t\t\t<a href=\"https:\/\/itsmariagrande-ers.infd.edu.ar\/sitio\/ciclo-introductorio-para-ingresantes-2026\/\"  title=\"Ciclo Introductorio para ingresantes 2026\">\t\t\t\t\t<img src=\"https:\/\/itsmariagrande-ers.infd.edu.ar\/sitio\/wp-content\/uploads\/2026\/02\/2026-02-20-Inicio-ciclo-introductorio-01-500x500.png\" alt=\"Ciclo Introductorio para ingresantes 2026\" itemprop=\"image\" class=\"center\" \/>\n\t\t\t\t<\/a>\t\t<\/div>\n\t\t\t\t\t\t\t\t<header class=\"wp-show-posts-entry-header\">\n\t\t\t\t\t\t\t<h2 class=\"wp-show-posts-entry-title\" itemprop=\"headline\"><a href=\"https:\/\/itsmariagrande-ers.infd.edu.ar\/sitio\/ciclo-introductorio-para-ingresantes-2026\/\" rel=\"bookmark\">Ciclo Introductorio para ingresantes 2026<\/a><\/h2>\t\t\t\t\t\t<\/header><!-- .entry-header -->\n\t\t\t\t\t\t\t\t\t\t\t<div class=\"wp-show-posts-entry-summary\" itemprop=\"text\">\n\t\t\t\t\t\t\t<p>Desde el lunes 9 al viernes 27 de marzo se desarrollar\u00e1 el cursado del Ciclo Introductorio para ingresantes 2026 a las carreras del Instituto de Educaci\u00f3n Superior \u201cRep\u00fablica de Entre&#8230;<\/p>\n\t\t\t\t\t\t<\/div><!-- .entry-summary -->\n\t\t\t\t\t<\/div><!-- wp-show-posts-inner --><\/article><div class=\"wpsp-clear\"><\/div><\/section><!-- .wp-show-posts -->\n\n\n\n<p><\/p>\n\n\n\n<figure class=\"wp-block-embed is-type-video is-provider-youtube wp-block-embed-youtube wp-embed-aspect-16-9 wp-has-aspect-ratio\"><div class=\"wp-block-embed__wrapper\">\n<iframe loading=\"lazy\" title=\"Propuestas Formativas 2023\" width=\"1200\" height=\"675\" src=\"https:\/\/www.youtube.com\/embed\/yUR3yenns6g?feature=oembed\" frameborder=\"0\" allow=\"accelerometer; autoplay; clipboard-write; encrypted-media; gyroscope; picture-in-picture; web-share\" allowfullscreen><\/iframe>\n<\/div><\/figure>\n","protected":false},"excerpt":{"rendered":"","protected":false},"author":1,"featured_media":0,"parent":0,"menu_order":0,"comment_status":"closed","ping_status":"closed","template":"","meta":[],"acf":[],"_links":{"self":[{"href":"https:\/\/itsmariagrande-ers.infd.edu.ar\/sitio\/wp-json\/wp\/v2\/pages\/286"}],"collection":[{"href":"https:\/\/itsmariagrande-ers.infd.edu.ar\/sitio\/wp-json\/wp\/v2\/pages"}],"about":[{"href":"https:\/\/itsmariagrande-ers.infd.edu.ar\/sitio\/wp-json\/wp\/v2\/types\/page"}],"author":[{"embeddable":true,"href":"https:\/\/itsmariagrande-ers.infd.edu.ar\/sitio\/wp-json\/wp\/v2\/users\/1"}],"replies":[{"embeddable":true,"href":"https:\/\/itsmariagrande-ers.infd.edu.ar\/sitio\/wp-json\/wp\/v2\/comments?post=286"}],"version-history":[{"count":177,"href":"https:\/\/itsmariagrande-ers.infd.edu.ar\/sitio\/wp-json\/wp\/v2\/pages\/286\/revisions"}],"predecessor-version":[{"id":6258,"href":"https:\/\/itsmariagrande-ers.infd.edu.ar\/sitio\/wp-json\/wp\/v2\/pages\/286\/revisions\/6258"}],"wp:attachment":[{"href":"https:\/\/itsmariagrande-ers.infd.edu.ar\/sitio\/wp-json\/wp\/v2\/media?parent=286"}],"curies":[{"name":"wp","href":"https:\/\/api.w.org\/{rel}","templated":true}]}}