{"id":1411,"date":"2018-07-02T20:50:43","date_gmt":"2018-07-02T23:50:43","guid":{"rendered":"https:\/\/itsmariagrande-ers.infd.edu.ar\/sitio\/tecnicatura-mantenimiento-industrial\/"},"modified":"2026-02-05T20:34:26","modified_gmt":"2026-02-05T23:34:26","slug":"tecnicatura-mantenimiento-industrial","status":"publish","type":"page","link":"https:\/\/itsmariagrande-ers.infd.edu.ar\/sitio\/tecnicatura-mantenimiento-industrial\/","title":{"rendered":"Mantenimiento Industrial"},"content":{"rendered":"<h1>&nbsp;<\/h1>\n\n\n<figure class=\"wp-block-image size-large\"><a href=\"https:\/\/docs.google.com\/forms\/d\/e\/1FAIpQLSfjShG619dPOAh8t6tKViviaGkfLcT6R71wP3kylhHGCZs0WA\/viewform?usp=header\" target=\"_blank\" rel=\"noreferrer noopener\"><img decoding=\"async\" loading=\"lazy\" width=\"1900\" height=\"265\" src=\"https:\/\/itsmariagrande-ers.infd.edu.ar\/sitio\/wp-content\/uploads\/2025\/10\/2026-Banner-paginas-web-preinscripciones-2026-1900x265.png\" alt=\"\" class=\"wp-image-7033\" srcset=\"https:\/\/itsmariagrande-ers.infd.edu.ar\/sitio\/wp-content\/uploads\/2025\/10\/2026-Banner-paginas-web-preinscripciones-2026-1900x265.png 1900w, https:\/\/itsmariagrande-ers.infd.edu.ar\/sitio\/wp-content\/uploads\/2025\/10\/2026-Banner-paginas-web-preinscripciones-2026-1000x139.png 1000w, https:\/\/itsmariagrande-ers.infd.edu.ar\/sitio\/wp-content\/uploads\/2025\/10\/2026-Banner-paginas-web-preinscripciones-2026-768x107.png 768w, https:\/\/itsmariagrande-ers.infd.edu.ar\/sitio\/wp-content\/uploads\/2025\/10\/2026-Banner-paginas-web-preinscripciones-2026-1536x214.png 1536w, https:\/\/itsmariagrande-ers.infd.edu.ar\/sitio\/wp-content\/uploads\/2025\/10\/2026-Banner-paginas-web-preinscripciones-2026-2048x286.png 2048w\" sizes=\"(max-width: 1900px) 100vw, 1900px\" \/><\/a><\/figure>\n\n\n\n<h1 class=\"wp-block-heading\"><span style=\"font-family: verdana, geneva, sans-serif; font-size: 1rem; color: #003366;\"><strong>Informaci\u00f3n General<\/strong><\/span><\/h1>\n\n\n\n<p><span style=\"font-family: verdana, geneva, sans-serif; font-size: 1rem;\">La Tecnicatura Superior en Mantenimiento Industrial fue creada en el a\u00f1o 2015 mediante Resoluci\u00f3n del C.G.E. N\u00b0 4782, como extensi\u00f3n \u00e1ulica, en la localidad de Segu\u00ed, del Instituto de Educaci\u00f3n Superior \u00abRep\u00fablica de Entre R\u00edos\u00bb de la ciudad de Mar\u00eda Grande. El Dise\u00f1o curricular fue aprobado mediante Resoluci\u00f3n N\u00b0 1096\/15.<\/span><\/p>\n\n\n\n<p><span style=\"font-family: verdana, geneva, sans-serif; font-size: 1rem;\">Hasta el a\u00f1o 2018, la Tecnicatura, desarroll\u00f3 sus actividades \u00e1ulicas en el edificio compartido con la Escuela de Educaci\u00f3n T\u00e9cnica N\u00b0 68 \u00abProfesor Facundo Arce\u00bb, Santa Rosa 777, de la localidad Segu\u00ed, Departamento Paran\u00e1, provincia de Entre R\u00edos.<\/span><\/p>\n\n\n\n<p><span style=\"font-family: verdana, geneva, sans-serif; font-size: 1rem;\">En el a\u00f1o 2019 la Tecnicatura se traslado a la ciudad de Mar\u00eda Grande, desarrollando sus actividades \u00e1ulicas en el edificio escolar compartido con la Escuela de Educaci\u00f3n T\u00e9cnica N\u00b0 34 \u00abGral. Enrique Mosconi\u00bb.<\/span><\/p>\n\n\n\n<p><strong><span style=\"font-family: verdana, geneva, sans-serif; font-size: 1rem;\">Luciano Faure, estudiante de la Tecnicatura Superior en Mantenimiento Industrial, te cuenta sobre esta propuesta formativa en el siguiente video:<\/span><\/strong><\/p>\n\n\n\n<p class=\"has-text-align-center\"><iframe loading=\"lazy\" src=\"https:\/\/www.youtube.com\/embed\/hrubYOF9qm8\" width=\"560\" height=\"315\" frameborder=\"0\" allowfullscreen=\"allowfullscreen\"><\/iframe><\/p>\n\n\n\n<h1 class=\"wp-block-heading\"><span style=\"font-family: verdana, geneva, sans-serif; font-size: 1rem; color: #003366;\"><strong>Estructura Curricular<\/strong>:<\/span><\/h1>\n\n\n\n<ul>\n<li><span style=\"font-family: verdana, geneva, sans-serif; font-size: 1rem;\">Cantidad de a\u00f1os de cursado: 3<\/span><\/li>\n\n\n\n<li><span style=\"font-family: verdana, geneva, sans-serif; font-size: 1rem;\">Cantidad de materias: 32<\/span>\n<ul>\n<li><span style=\"font-family: verdana, geneva, sans-serif; font-size: 1rem;\">1er. a\u00f1o: 11<\/span><\/li>\n\n\n\n<li><span style=\"font-family: verdana, geneva, sans-serif; font-size: 1rem;\">2do. a\u00f1o: 11<\/span><\/li>\n\n\n\n<li><span style=\"font-family: verdana, geneva, sans-serif; font-size: 1rem;\">3er. a\u00f1o: 10<\/span><\/li>\n<\/ul>\n<\/li>\n\n\n\n<li><span style=\"font-family: verdana, geneva, sans-serif; font-size: 1rem;\">Carga Horaria semanal total de la trayectoria formativa: 92 hs. c\u00e1tedra semanales:<\/span>\n<ul>\n<li><span style=\"font-family: verdana, geneva, sans-serif; font-size: 1rem;\">1er. A\u00f1o: 30 hs. c\u00e1tedra semanales<\/span><\/li>\n\n\n\n<li><span style=\"font-family: verdana, geneva, sans-serif; font-size: 1rem;\">2do. A\u00f1o: 32 hs. c\u00e1tedra semanales<\/span><\/li>\n\n\n\n<li><span style=\"font-family: verdana, geneva, sans-serif; font-size: 1rem;\">3er. A\u00f1o: 30 hs. c\u00e1tedra semanales<\/span><\/li>\n<\/ul>\n<\/li>\n<\/ul>\n\n\n\n<h1 class=\"wp-block-heading\"><span style=\"font-family: verdana, geneva, sans-serif; font-size: 1rem; color: #003366;\">R\u00e9gimen de Correlatividades:<\/span><\/h1>\n\n\n\n<ul>\n<li><span style=\"font-family: verdana, geneva, sans-serif; font-size: 1rem;\">Para cursar unidades curriculares como estudiante regular, debe tener regularizada\/s la\/s unidades curriculares correlativa\/s.<\/span><\/li>\n\n\n\n<li><span style=\"font-family: verdana, geneva, sans-serif; font-size: 1rem;\">Para rendir el examen final, debe tener la\/s correlativa\/s aprobadas.<\/span><\/li>\n<\/ul>\n\n\n\n<h1 class=\"wp-block-heading\"><span style=\"font-family: verdana, geneva, sans-serif; font-size: 1rem; color: #003366;\"><strong>Plan de Estudios<\/strong><\/span><\/h1>\n\n\n\n<figure class=\"wp-block-image size-large is-resized\"><a href=\"https:\/\/itsmariagrande-ers.infd.edu.ar\/sitio\/tecnicatura-mantenimiento-industrial\/upload\/2015-1096_-_Res._CGE_-_Aprueba_Disen_o_Curricular_Tecnicatura_Sup._Mantenimiento_Industrial_Segui.pdf\" target=\"_blank\" rel=\"noopener\"><img decoding=\"async\" loading=\"lazy\" src=\"https:\/\/itsmariagrande-ers.infd.edu.ar\/sitio\/wp-content\/uploads\/2021\/09\/Plan-de-Estudios-INDUSTRIAL-1900x331.png\" alt=\"\" class=\"wp-image-4404\" width=\"1020\" height=\"177\" srcset=\"https:\/\/itsmariagrande-ers.infd.edu.ar\/sitio\/wp-content\/uploads\/2021\/09\/Plan-de-Estudios-INDUSTRIAL-1900x331.png 1900w, https:\/\/itsmariagrande-ers.infd.edu.ar\/sitio\/wp-content\/uploads\/2021\/09\/Plan-de-Estudios-INDUSTRIAL-1000x174.png 1000w, https:\/\/itsmariagrande-ers.infd.edu.ar\/sitio\/wp-content\/uploads\/2021\/09\/Plan-de-Estudios-INDUSTRIAL-768x134.png 768w, https:\/\/itsmariagrande-ers.infd.edu.ar\/sitio\/wp-content\/uploads\/2021\/09\/Plan-de-Estudios-INDUSTRIAL-1536x268.png 1536w, https:\/\/itsmariagrande-ers.infd.edu.ar\/sitio\/wp-content\/uploads\/2021\/09\/Plan-de-Estudios-INDUSTRIAL-2048x357.png 2048w\" sizes=\"(max-width: 1020px) 100vw, 1020px\" \/><\/a><\/figure>\n\n\n\n<figure class=\"wp-block-table is-style-stripes\"><table><tbody><tr><td><span style=\"font-family: verdana, geneva, sans-serif; font-size: 1rem;\">&nbsp;<\/span><\/td><td><span style=\"font-family: verdana, geneva, sans-serif; font-size: 1rem;\" data-mce-mark=\"1\"><span style=\"color: #3e748e;\" data-mce-mark=\"1\"><strong>&nbsp;Primer a\u00f1o&nbsp;<\/strong><\/span><\/span><\/td><td class=\"has-text-align-center\" data-align=\"center\"><span style=\"font-family: verdana, geneva, sans-serif; font-size: 1rem;\" data-mce-mark=\"1\"><span style=\"color: #3e748e;\" data-mce-mark=\"1\"><strong>Hs. C\u00e1tedra<\/strong><\/span><\/span><\/td><\/tr><tr><td><span style=\"font-family: verdana, geneva, sans-serif; font-size: 1rem;\" data-mce-mark=\"1\">01<\/span><\/td><td><span style=\"font-family: verdana, geneva, sans-serif; font-size: 1rem;\">Mantenimiento Industrial I<\/span><\/td><td class=\"has-text-align-center\" data-align=\"center\"><span style=\"font-family: verdana, geneva, sans-serif; font-size: 1rem;\">3<\/span><\/td><\/tr><tr><td><span style=\"font-family: verdana, geneva, sans-serif; font-size: 1rem;\">02<\/span><\/td><td><span style=\"font-family: verdana, geneva, sans-serif; font-size: 1rem;\">Tecnolog\u00eda y Problem\u00e1ticas Sociales<\/span><\/td><td class=\"has-text-align-center\" data-align=\"center\"><span style=\"font-family: verdana, geneva, sans-serif; font-size: 1rem;\">2<\/span><\/td><\/tr><tr><td><span style=\"font-family: verdana, geneva, sans-serif; font-size: 1rem;\">03<\/span><\/td><td><span style=\"font-family: verdana, geneva, sans-serif; font-size: 1rem;\">Materiales<\/span><\/td><td class=\"has-text-align-center\" data-align=\"center\"><span style=\"font-family: verdana, geneva, sans-serif; font-size: 1rem;\">2<\/span><\/td><\/tr><tr><td><span style=\"font-family: verdana, geneva, sans-serif; font-size: 1rem;\">04<\/span><\/td><td><span style=\"font-family: verdana, geneva, sans-serif; font-size: 1rem;\">Matem\u00e1tica<\/span><\/td><td class=\"has-text-align-center\" data-align=\"center\"><span style=\"font-family: verdana, geneva, sans-serif; font-size: 1rem;\">4<\/span><\/td><\/tr><tr><td><span style=\"font-family: verdana, geneva, sans-serif; font-size: 1rem;\">05<\/span><\/td><td><span style=\"font-family: verdana, geneva, sans-serif; font-size: 1rem;\">F\u00edsica<\/span><\/td><td class=\"has-text-align-center\" data-align=\"center\"><span style=\"font-family: verdana, geneva, sans-serif; font-size: 1rem;\">2<\/span><\/td><\/tr><tr><td><span style=\"font-family: verdana, geneva, sans-serif; font-size: 1rem;\">06<\/span><\/td><td><span style=\"font-family: verdana, geneva, sans-serif; font-size: 1rem;\">Sistemas de Representaci\u00f3n I<\/span><\/td><td class=\"has-text-align-center\" data-align=\"center\"><span style=\"font-family: verdana, geneva, sans-serif; font-size: 1rem;\">2<\/span><\/td><\/tr><tr><td><span style=\"font-family: verdana, geneva, sans-serif; font-size: 1rem;\">07<\/span><\/td><td><span style=\"font-family: verdana, geneva, sans-serif; font-size: 1rem;\">Qu\u00edmica Aplicada<\/span><\/td><td class=\"has-text-align-center\" data-align=\"center\"><span style=\"font-family: verdana, geneva, sans-serif; font-size: 1rem;\">2<\/span><\/td><\/tr><tr><td><span style=\"font-family: verdana, geneva, sans-serif; font-size: 1rem;\">08<\/span><\/td><td><span style=\"font-family: verdana, geneva, sans-serif; font-size: 1rem;\">Electrotecnia I<\/span><\/td><td class=\"has-text-align-center\" data-align=\"center\"><span style=\"font-family: verdana, geneva, sans-serif; font-size: 1rem;\">4<\/span><\/td><\/tr><tr><td><span style=\"font-family: verdana, geneva, sans-serif; font-size: 1rem;\">09<\/span><\/td><td><span style=\"font-family: verdana, geneva, sans-serif; font-size: 1rem;\">Inform\u00e1tica<\/span><\/td><td class=\"has-text-align-center\" data-align=\"center\"><span style=\"font-family: verdana, geneva, sans-serif; font-size: 1rem;\">3<\/span><\/td><\/tr><tr><td><span style=\"font-family: verdana, geneva, sans-serif; font-size: 1rem;\">10<\/span><\/td><td><span style=\"font-family: verdana, geneva, sans-serif; font-size: 1rem;\">Pr\u00e1ctica Profesionalizante I<\/span><\/td><td class=\"has-text-align-center\" data-align=\"center\"><span style=\"font-family: verdana, geneva, sans-serif; font-size: 1rem;\">4<\/span><\/td><\/tr><tr><td><span style=\"font-family: verdana, geneva, sans-serif; font-size: 1rem;\">11<\/span><\/td><td><span style=\"font-family: verdana, geneva, sans-serif; font-size: 1rem;\">U.D.I. I<\/span><\/td><td class=\"has-text-align-center\" data-align=\"center\"><span style=\"font-family: verdana, geneva, sans-serif; font-size: 1rem;\">2<\/span><\/td><\/tr><tr><td><span style=\"font-family: verdana, geneva, sans-serif; font-size: 1rem;\">&nbsp;<\/span><\/td><td><span style=\"color: #3e748e; font-family: verdana, geneva, sans-serif; font-size: 1rem;\" data-mce-mark=\"1\"><strong>Segundo a\u00f1o<\/strong><\/span><\/td><td class=\"has-text-align-center\" data-align=\"center\"><span style=\"color: #3e748e; font-family: verdana, geneva, sans-serif; font-size: 1rem;\"><strong>Hs. C\u00e1tedra<\/strong><\/span><\/td><\/tr><tr><td><span style=\"font-family: verdana, geneva, sans-serif; font-size: 1rem;\">12<\/span><\/td><td><span style=\"font-family: verdana, geneva, sans-serif; font-size: 1rem;\">\u00c9tica y Deontolog\u00eda Profesional<\/span><\/td><td class=\"has-text-align-center\" data-align=\"center\"><span style=\"font-family: verdana, geneva, sans-serif; font-size: 1rem;\">2<\/span><\/td><\/tr><tr><td><span style=\"font-family: verdana, geneva, sans-serif; font-size: 1rem;\">13<\/span><\/td><td><span style=\"font-family: verdana, geneva, sans-serif; font-size: 1rem;\">Mantenimiento Industrial II<\/span><\/td><td class=\"has-text-align-center\" data-align=\"center\"><span style=\"font-family: verdana, geneva, sans-serif; font-size: 1rem;\">4<\/span><\/td><\/tr><tr><td><span style=\"font-family: verdana, geneva, sans-serif; font-size: 1rem;\">14<\/span><\/td><td><span style=\"font-family: verdana, geneva, sans-serif; font-size: 1rem;\">Lengua Extranjera: Ingl\u00e9s T\u00e9cnico I<\/span><\/td><td class=\"has-text-align-center\" data-align=\"center\"><span style=\"font-family: verdana, geneva, sans-serif; font-size: 1rem;\">2<\/span><\/td><\/tr><tr><td><span style=\"font-family: verdana, geneva, sans-serif; font-size: 1rem;\">15<\/span><\/td><td><span style=\"font-family: verdana, geneva, sans-serif; font-size: 1rem;\">Electrotecnia II<\/span><\/td><td class=\"has-text-align-center\" data-align=\"center\"><span style=\"font-family: verdana, geneva, sans-serif; font-size: 1rem;\">2<\/span><\/td><\/tr><tr><td><span style=\"font-family: verdana, geneva, sans-serif; font-size: 1rem;\">16<\/span><\/td><td><span style=\"font-family: verdana, geneva, sans-serif; font-size: 1rem;\">M\u00e1quinas y Herramientas<\/span><\/td><td class=\"has-text-align-center\" data-align=\"center\"><span style=\"font-family: verdana, geneva, sans-serif; font-size: 1rem;\">4<\/span><\/td><\/tr><tr><td><span style=\"font-family: verdana, geneva, sans-serif; font-size: 1rem;\">17<\/span><\/td><td><span style=\"font-family: verdana, geneva, sans-serif; font-size: 1rem;\">Mec\u00e1nica de los Fluidos<\/span><\/td><td class=\"has-text-align-center\" data-align=\"center\"><span style=\"font-family: verdana, geneva, sans-serif; font-size: 1rem;\">4<\/span><\/td><\/tr><tr><td><span style=\"font-family: verdana, geneva, sans-serif; font-size: 1rem;\">18<\/span><\/td><td><span style=\"font-family: verdana, geneva, sans-serif; font-size: 1rem;\">Sistemas de Representaci\u00f3n II<\/span><\/td><td class=\"has-text-align-center\" data-align=\"center\"><span style=\"font-family: verdana, geneva, sans-serif; font-size: 1rem;\">2<\/span><\/td><\/tr><tr><td><span style=\"font-family: verdana, geneva, sans-serif; font-size: 1rem;\">19<\/span><\/td><td><span style=\"font-family: verdana, geneva, sans-serif; font-size: 1rem;\">Automatizaci\u00f3n y Control<\/span><\/td><td class=\"has-text-align-center\" data-align=\"center\"><span style=\"font-family: verdana, geneva, sans-serif; font-size: 1rem;\">2<\/span><\/td><\/tr><tr><td><span style=\"font-family: verdana, geneva, sans-serif; font-size: 1rem;\">20<\/span><\/td><td><span style=\"font-family: verdana, geneva, sans-serif; font-size: 1rem;\">Investigaci\u00f3n I<\/span><\/td><td class=\"has-text-align-center\" data-align=\"center\"><span style=\"font-family: verdana, geneva, sans-serif; font-size: 1rem;\">2<\/span><\/td><\/tr><tr><td><span style=\"font-family: verdana, geneva, sans-serif; font-size: 1rem;\">21<\/span><\/td><td><span style=\"font-family: verdana, geneva, sans-serif; font-size: 1rem;\">Pr\u00e1ctica Profesionalizante II<\/span><\/td><td class=\"has-text-align-center\" data-align=\"center\"><span style=\"font-family: verdana, geneva, sans-serif; font-size: 1rem;\">6<\/span><\/td><\/tr><tr><td><span style=\"font-family: verdana, geneva, sans-serif; font-size: 1rem;\">22<\/span><\/td><td><span style=\"font-family: verdana, geneva, sans-serif; font-size: 1rem;\">U.D.I. II<\/span><\/td><td class=\"has-text-align-center\" data-align=\"center\"><span style=\"font-family: verdana, geneva, sans-serif; font-size: 1rem;\">2<\/span><\/td><\/tr><tr><td><span style=\"font-family: verdana, geneva, sans-serif; font-size: 1rem;\">&nbsp;<\/span><\/td><td><span style=\"font-family: verdana, geneva, sans-serif; font-size: 1rem;\" data-mce-mark=\"1\">&nbsp;<strong><span style=\"color: #3e748e;\" data-mce-mark=\"1\">Tercer A\u00f1o<\/span><\/strong><\/span><\/td><td class=\"has-text-align-center\" data-align=\"center\"><span style=\"font-family: verdana, geneva, sans-serif; font-size: 1rem;\"><strong><span style=\"color: #3e748e;\">Hs. C\u00e1tedra<\/span><\/strong><\/span><\/td><\/tr><tr><td><span style=\"font-family: verdana, geneva, sans-serif; font-size: 1rem;\">23<\/span><\/td><td><span style=\"font-family: verdana, geneva, sans-serif; font-size: 1rem;\">Derechos Humanos<\/span><\/td><td class=\"has-text-align-center\" data-align=\"center\"><span style=\"font-family: verdana, geneva, sans-serif; font-size: 1rem;\">3<\/span><\/td><\/tr><tr><td><span style=\"font-family: verdana, geneva, sans-serif; font-size: 1rem;\">24<\/span><\/td><td><span style=\"font-family: verdana, geneva, sans-serif; font-size: 1rem;\">Buenas Pr\u00e1cticas de Mantenimiento<\/span><\/td><td class=\"has-text-align-center\" data-align=\"center\"><span style=\"font-family: verdana, geneva, sans-serif; font-size: 1rem;\">2<\/span><\/td><\/tr><tr><td><span style=\"font-family: verdana, geneva, sans-serif; font-size: 1rem;\">25<\/span><\/td><td><span style=\"font-family: verdana, geneva, sans-serif; font-size: 1rem;\">Lengua Extranjera: Ingl\u00e9s T\u00e9cnico II<\/span><\/td><td class=\"has-text-align-center\" data-align=\"center\"><span style=\"font-family: verdana, geneva, sans-serif; font-size: 1rem;\">2<\/span><\/td><\/tr><tr><td><span style=\"font-family: verdana, geneva, sans-serif; font-size: 1rem;\">26<\/span><\/td><td><span style=\"font-family: verdana, geneva, sans-serif; font-size: 1rem;\" data-mce-mark=\"1\">Investigaci\u00f3n II<\/span><\/td><td class=\"has-text-align-center\" data-align=\"center\"><span style=\"font-family: verdana, geneva, sans-serif; font-size: 1rem;\">2<\/span><\/td><\/tr><tr><td><span style=\"font-family: verdana, geneva, sans-serif; font-size: 1rem;\">27<\/span><\/td><td><span style=\"font-family: verdana, geneva, sans-serif; font-size: 1rem;\" data-mce-mark=\"1\">Tecnolog\u00eda del Mantenimiento<\/span><\/td><td class=\"has-text-align-center\" data-align=\"center\"><span style=\"font-family: verdana, geneva, sans-serif; font-size: 1rem;\">3<\/span><\/td><\/tr><tr><td><span style=\"font-family: verdana, geneva, sans-serif; font-size: 1rem;\">28<\/span><\/td><td><span style=\"font-family: verdana, geneva, sans-serif; font-size: 1rem;\" data-mce-mark=\"1\">Calidad en Procesos Productivos y Servicios<\/span><\/td><td class=\"has-text-align-center\" data-align=\"center\"><span style=\"font-family: verdana, geneva, sans-serif; font-size: 1rem;\">4<\/span><\/td><\/tr><tr><td><span style=\"font-family: verdana, geneva, sans-serif; font-size: 1rem;\">29<\/span><\/td><td><span style=\"font-family: verdana, geneva, sans-serif; font-size: 1rem;\" data-mce-mark=\"1\">Seguridad, Higiene y Ambiente<\/span><\/td><td class=\"has-text-align-center\" data-align=\"center\"><span style=\"font-family: verdana, geneva, sans-serif; font-size: 1rem;\">4<\/span><\/td><\/tr><tr><td><span style=\"font-family: verdana, geneva, sans-serif; font-size: 1rem;\">30<\/span><\/td><td><span style=\"font-family: verdana, geneva, sans-serif; font-size: 1rem;\" data-mce-mark=\"1\">Tecnolog\u00eda de Organizaci\u00f3n y Gesti\u00f3n<\/span><\/td><td class=\"has-text-align-center\" data-align=\"center\"><span style=\"font-family: verdana, geneva, sans-serif; font-size: 1rem;\">2<\/span><\/td><\/tr><tr><td><span style=\"font-family: verdana, geneva, sans-serif; font-size: 1rem;\">31<\/span><\/td><td><span style=\"font-family: verdana, geneva, sans-serif; font-size: 1rem;\" data-mce-mark=\"1\">Pr\u00e1ctica Profesionalizante III<\/span><\/td><td class=\"has-text-align-center\" data-align=\"center\"><span style=\"font-family: verdana, geneva, sans-serif; font-size: 1rem;\">6<\/span><\/td><\/tr><tr><td><span style=\"font-family: verdana, geneva, sans-serif; font-size: 1rem;\">32<\/span><\/td><td><span style=\"font-family: verdana, geneva, sans-serif; font-size: 1rem;\">U.D.I. III<\/span><\/td><td class=\"has-text-align-center\" data-align=\"center\"><span style=\"font-family: verdana, geneva, sans-serif; font-size: 1rem;\">2<\/span><\/td><\/tr><\/tbody><\/table><\/figure>\n\n\n\n<figure class=\"wp-block-image size-large\"><a href=\"https:\/\/docs.google.com\/forms\/d\/e\/1FAIpQLSfjShG619dPOAh8t6tKViviaGkfLcT6R71wP3kylhHGCZs0WA\/viewform?usp=header\" target=\"_blank\" rel=\"noreferrer noopener\"><img decoding=\"async\" loading=\"lazy\" width=\"1900\" height=\"265\" src=\"https:\/\/itsmariagrande-ers.infd.edu.ar\/sitio\/wp-content\/uploads\/2025\/10\/2026-Banner-paginas-web-preinscripciones-2026-1900x265.png\" alt=\"\" class=\"wp-image-7033\" srcset=\"https:\/\/itsmariagrande-ers.infd.edu.ar\/sitio\/wp-content\/uploads\/2025\/10\/2026-Banner-paginas-web-preinscripciones-2026-1900x265.png 1900w, https:\/\/itsmariagrande-ers.infd.edu.ar\/sitio\/wp-content\/uploads\/2025\/10\/2026-Banner-paginas-web-preinscripciones-2026-1000x139.png 1000w, https:\/\/itsmariagrande-ers.infd.edu.ar\/sitio\/wp-content\/uploads\/2025\/10\/2026-Banner-paginas-web-preinscripciones-2026-768x107.png 768w, https:\/\/itsmariagrande-ers.infd.edu.ar\/sitio\/wp-content\/uploads\/2025\/10\/2026-Banner-paginas-web-preinscripciones-2026-1536x214.png 1536w, https:\/\/itsmariagrande-ers.infd.edu.ar\/sitio\/wp-content\/uploads\/2025\/10\/2026-Banner-paginas-web-preinscripciones-2026-2048x286.png 2048w\" sizes=\"(max-width: 1900px) 100vw, 1900px\" \/><\/a><\/figure>\n\n\n\n<p><strong><strong>Documentaci\u00f3n a presentar <strong>para completar inscripci\u00f3n<\/strong>, escaneada por mail a iespreceptoria@gmail.com:<\/strong><\/strong><\/p>\n\n\n\n<ul>\n<li><a rel=\"noreferrer noopener\" href=\"https:\/\/drive.google.com\/file\/d\/15HnpbGt-jpsvFGJPugeLE9ML4oHm5RpC\/view?usp=sharing\" target=\"_blank\">Planilla de solicitud de inscripci\u00f3n (desc<\/a><a href=\"https:\/\/drive.google.com\/file\/d\/15HnpbGt-jpsvFGJPugeLE9ML4oHm5RpC\/view?usp=sharing\" target=\"_blank\" rel=\"noreferrer noopener\">\u00e1rgala<\/a><a rel=\"noreferrer noopener\" href=\"https:\/\/drive.google.com\/file\/d\/15HnpbGt-jpsvFGJPugeLE9ML4oHm5RpC\/view?usp=sharing\" target=\"_blank\"> aqu\u00ed)<\/a><\/li>\n\n\n\n<li>Certificado de finalizaci\u00f3n de estudios de Educaci\u00f3n Secundaria o certificado de t\u00edtulo en tr\u00e1mite.<\/li>\n\n\n\n<li>Fotocopia del Documento Nacional de Identidad.<\/li>\n\n\n\n<li>Constancia de C.U.I.L.<\/li>\n\n\n\n<li>Fotos carnet (<a href=\"https:\/\/www.bing.com\/ck\/a?!&amp;&amp;p=0cd7cf711898467aJmltdHM9MTcyNzIyMjQwMCZpZ3VpZD0yZDllZDQ3NC1lNmI0LTZkMWItMTk0NC1jMGY0ZTcxMTZjNjUmaW5zaWQ9NTUxNw&amp;ptn=3&amp;ver=2&amp;hsh=3&amp;fclid=2d9ed474-e6b4-6d1b-1944-c0f4e7116c65&amp;u=a1L2ltYWdlcy9zZWFyY2g_cT1mb3RvK2Nhcm5ldCZpZD00QjNCODA5MkQwQzM0MDg5MEU1MkU1QkNGQjgwRDIxOTQyMDRBNTFGJkZPUk09SVFGUkJB&amp;ntb=1\">Clic aqu\u00ed para ver un ejemplo<\/a>).<\/li>\n\n\n\n<li>Partida de nacimiento debidamente legalizada.<\/li>\n<\/ul>\n","protected":false},"excerpt":{"rendered":"<p>&nbsp; Informaci\u00f3n General La Tecnicatura Superior en Mantenimiento Industrial fue creada en el a\u00f1o 2015 mediante Resoluci\u00f3n del C.G.E. N\u00b0 4782, como extensi\u00f3n \u00e1ulica, en la localidad de Segu\u00ed, del Instituto de Educaci\u00f3n Superior \u00abRep\u00fablica de Entre R\u00edos\u00bb de la ciudad de Mar\u00eda Grande. El Dise\u00f1o curricular fue aprobado mediante Resoluci\u00f3n N\u00b0 1096\/15. Hasta el &#8230; <a title=\"Mantenimiento Industrial\" class=\"read-more\" href=\"https:\/\/itsmariagrande-ers.infd.edu.ar\/sitio\/tecnicatura-mantenimiento-industrial\/\" aria-label=\"More on Mantenimiento Industrial\">[+]<\/a><\/p>\n","protected":false},"author":128,"featured_media":0,"parent":0,"menu_order":0,"comment_status":"closed","ping_status":"closed","template":"","meta":[],"acf":[],"_links":{"self":[{"href":"https:\/\/itsmariagrande-ers.infd.edu.ar\/sitio\/wp-json\/wp\/v2\/pages\/1411"}],"collection":[{"href":"https:\/\/itsmariagrande-ers.infd.edu.ar\/sitio\/wp-json\/wp\/v2\/pages"}],"about":[{"href":"https:\/\/itsmariagrande-ers.infd.edu.ar\/sitio\/wp-json\/wp\/v2\/types\/page"}],"author":[{"embeddable":true,"href":"https:\/\/itsmariagrande-ers.infd.edu.ar\/sitio\/wp-json\/wp\/v2\/users\/128"}],"replies":[{"embeddable":true,"href":"https:\/\/itsmariagrande-ers.infd.edu.ar\/sitio\/wp-json\/wp\/v2\/comments?post=1411"}],"version-history":[{"count":35,"href":"https:\/\/itsmariagrande-ers.infd.edu.ar\/sitio\/wp-json\/wp\/v2\/pages\/1411\/revisions"}],"predecessor-version":[{"id":7179,"href":"https:\/\/itsmariagrande-ers.infd.edu.ar\/sitio\/wp-json\/wp\/v2\/pages\/1411\/revisions\/7179"}],"wp:attachment":[{"href":"https:\/\/itsmariagrande-ers.infd.edu.ar\/sitio\/wp-json\/wp\/v2\/media?parent=1411"}],"curies":[{"name":"wp","href":"https:\/\/api.w.org\/{rel}","templated":true}]}}