{"id":1409,"date":"2018-07-02T20:50:43","date_gmt":"2018-07-02T23:50:43","guid":{"rendered":"https:\/\/itsmariagrande-ers.infd.edu.ar\/sitio\/tecnicatura-administracion-publica\/"},"modified":"2019-10-08T19:10:51","modified_gmt":"2019-10-08T22:10:51","slug":"tecnicatura-administracion-publica","status":"publish","type":"page","link":"https:\/\/itsmariagrande-ers.infd.edu.ar\/sitio\/tecnicatura-administracion-publica\/","title":{"rendered":"Tecnicatura: Administraci\u00f3n P\u00fablica"},"content":{"rendered":"<p><span style=\"text-decoration: underline;\"><strong><span style=\"font-family: verdana,geneva; font-size: 12pt;\">Informaci\u00f3n General <\/span><\/strong><\/span><span style=\"font-family: verdana, geneva; font-size: 10pt;\" data-mce-mark=\"1\">La Tecnicatura Superior en Administraci\u00f3n P\u00fablica fue creada en el a\u00f1o 2015, mediante <a title=\"15-1277 - Creacion Adm. Publica\" href=\"upload\/2015-1277_-_Res._CGE_-_Creacion_Administracion_Publica_Tabossi.pdf\" target=\"_blank\" rel=\"noopener\">Res. C.G.E. N\u00b0 1277<\/a>, <span data-mce-mark=\"1\">como extensi\u00f3n \u00e1ulica del Instituto T\u00e9cnico Superior \u00abRep\u00fablica de Entre R\u00edos\u00bb de la ciudad de Mar\u00eda Grande<\/span>.<\/span><span style=\"font-family: verdana, geneva; font-size: 10pt;\" data-mce-mark=\"1\"><span style=\"font-family: verdana, geneva; font-size: 10pt;\">Las actividades \u00e1ulicas de la Tecnicaturase desarrollan en las instalaciones de la <span style=\"font-family: verdana, geneva; font-size: 10pt;\">Escuela N\u00b0 75 \u201cGeneral Alv\u00e9ar\u201d,\u00a0Pte. Juan Domingo Per\u00f3n 256<\/span>,\u00a0 de la ciudad de Villa Tabossi, Departamento Paran\u00e1, provincia de Entre R\u00edos.<\/span> <\/span><span style=\"font-family: verdana, geneva; font-size: 10pt;\" data-mce-mark=\"1\">El Consejo General de Educaci\u00f3n de la Provincia de Entre R\u00edos, mediante <a title=\"Resoluci\u00f3n 906 Administraci\u00f3n P\u00fablica\" href=\"upload\/0906-15_CGE_Aprueba_Diseo_Curricular_Tecnicatura_Sup._en_Administracin_Pblica.pdf\" target=\"_blank\" rel=\"noopener\">Resoluci\u00f3n N\u00b0 0906\/15<\/a> aprueba el dise\u00f1o curricular esta carrera de Nivel Superior. <\/span><span style=\"font-family: verdana, geneva; font-size: 12pt;\"><strong>Estructura Curricular:<\/strong><\/span><\/p>\n<ul>\n<li><span style=\"font-family: verdana, geneva; font-size: 10pt;\">Cantidad de a\u00f1os de cursado: 3<\/span><\/li>\n<li><span style=\"font-family: verdana, geneva; font-size: 10pt;\">Cantidad de materias: 29<\/span><\/li>\n<\/ul>\n<ul>\n<li><span style=\"font-family: verdana, geneva; font-size: 10pt;\">1er. a\u00f1o: 10<\/span><\/li>\n<li><span style=\"font-family: verdana, geneva; font-size: 10pt;\">2do. a\u00f1o: 10<\/span><\/li>\n<li><span style=\"font-family: verdana, geneva; font-size: 10pt;\">3er. a\u00f1o: 9<\/span><\/li>\n<li><span style=\"font-family: verdana, geneva; font-size: 10pt;\">Carga Horaria semanal total de la trayectoria formativa: 88 hs. c\u00e1tedra semanales.<\/span><\/li>\n<\/ul>\n<ul>\n<li><span style=\"font-family: verdana, geneva; font-size: 10pt;\">1er. A\u00f1o: 29 hs. c\u00e1tedra semanales<\/span><\/li>\n<li><span style=\"font-family: verdana, geneva; font-size: 10pt;\">2do. A\u00f1o: 30 hs.\u00a0c\u00e1tedra semanales<\/span><\/li>\n<li><span style=\"font-family: verdana, geneva; font-size: 10pt;\">3er. A\u00f1o: 29 hs.\u00a0c\u00e1tedra semanales<\/span><\/li>\n<\/ul>\n<p><span style=\"text-decoration: underline;\"><strong><span style=\"font-family: verdana,geneva; font-size: 12pt;\">Plan de Estudios<\/span><\/strong><\/span><span style=\"font-family: verdana, geneva; font-size: small;\" data-mce-mark=\"1\"><span style=\"font-family: verdana, geneva; font-size: small;\" data-mce-mark=\"1\"><br \/>\n<\/span><\/span><em><strong><span style=\"font-family: verdana, geneva; font-size: 10pt;\">R\u00e9gimen de Correlatividades:<\/span><\/strong><\/em><br \/>\n<em><span style=\"font-family: verdana, geneva; font-size: 10pt;\">Para <strong>cursar<\/strong> unidades curriculares como estudiante regular, debe tener regularizada\/s la\/s unidades curriculares correlativa\/s.<\/span><\/em><br \/>\n<em><span style=\"font-family: verdana, geneva; font-size: 10pt;\">Para <strong>rendir<\/strong> el examen final, debe tener la\/s correlativa\/s aprobadas.<\/span><\/em><\/p>\n<p><strong><a title=\"Formulario de preinscripci\u00f3n\" href=\"https:\/\/docs.google.com\/forms\/d\/e\/1FAIpQLSdR0pRQoOsP550DAm7Ip6kVQRMPjSS8c8kdkrFP9IMOPgVYqQ\/viewform\">Formulario de Preinscripci\u00f3n. Haz Clic aqu\u00ed para acceder<\/a><\/strong><\/p>\n<p><strong><a title=\"15-0906 Administraci\u00f3n P\u00fablica\" href=\"upload\/0906-15_CGE_Aprueba_Diseo_Curricular_Tecnicatura_Sup._en_Administracin_Pblica.pdf\" target=\"_blank\" rel=\"noopener\">Clic aqu\u00ed para descargar Res. C.G.E. 906\/15 con el Plan de estudios completo<\/a><\/strong><\/p>\n<table style=\"background-color: #8de2de; border-color: #8de2de; border-width: 0px; width: 100%; height: 21px;\" border=\"0\">\n<tbody>\n<tr style=\"height: 20px;\" align=\"center\" valign=\"middle\">\n<td style=\"width: 5%;\"><\/td>\n<td style=\"width: 40%;\"><span style=\"font-family: verdana, geneva; font-size: 10pt;\" data-mce-mark=\"1\"><span style=\"color: #3e748e;\" data-mce-mark=\"1\"><strong>Primer A\u00f1o\u00a0<\/strong><\/span><\/span><\/td>\n<td style=\"width: 15%;\"><span style=\"font-family: verdana, geneva; font-size: 10pt;\" data-mce-mark=\"1\"><span style=\"color: #3e748e;\" data-mce-mark=\"1\"><strong>Hs. C\u00e1tedra semanales<\/strong><\/span><\/span><\/td>\n<\/tr>\n<tr style=\"height: 20px;\" align=\"center\" valign=\"middle\">\n<td style=\"width: 5%;\"><span style=\"font-family: verdana, geneva; font-size: 10pt;\" data-mce-mark=\"1\">01<\/span><\/td>\n<td style=\"width: 40%;\"><span style=\"font-family: verdana, geneva; font-size: 10pt;\" data-mce-mark=\"1\">Estado y Sociedad<\/span><\/td>\n<td style=\"width: 15%;\"><span style=\"font-family: verdana, geneva; font-size: 10pt;\"><span style=\"color: #000000;\">2<\/span><\/span><\/td>\n<\/tr>\n<tr style=\"height: 20px;\" align=\"center\" valign=\"middle\">\n<td style=\"width: 5%;\"><span style=\"font-family: verdana, geneva; font-size: 10pt;\" data-mce-mark=\"1\">02<\/span><\/td>\n<td style=\"width: 40%;\"><span style=\"font-family: verdana, geneva; font-size: 10pt;\" data-mce-mark=\"1\">Problem\u00e1ticas Socioculturales<\/span><\/td>\n<td style=\"width: 15%;\"><span style=\"font-family: verdana, geneva; font-size: 10pt;\"><span style=\"color: #000000;\" data-mce-mark=\"1\"><span data-mce-mark=\"1\">2<\/span><br \/>\n<\/span><\/span><\/td>\n<\/tr>\n<tr style=\"height: 20px;\" align=\"center\" valign=\"middle\">\n<td style=\"width: 5%;\"><span style=\"font-family: verdana, geneva; font-size: 10pt;\" data-mce-mark=\"1\">03<\/span><\/td>\n<td style=\"width: 40%;\"><span style=\"font-family: verdana, geneva; font-size: 10pt;\" data-mce-mark=\"1\">Metodolog\u00eda de la investigaci\u00f3n Social<\/span><\/td>\n<td style=\"width: 15%;\"><span style=\"font-family: verdana, geneva; font-size: 10pt;\"><span style=\"color: #000000;\" data-mce-mark=\"1\"><span style=\"color: #000000;\" data-mce-mark=\"1\">2<\/span><\/span><\/span><\/td>\n<\/tr>\n<tr style=\"height: 20px;\" align=\"center\" valign=\"middle\">\n<td style=\"width: 5%;\"><span style=\"font-family: verdana, geneva; font-size: 10pt;\" data-mce-mark=\"1\">04<\/span><\/td>\n<td style=\"width: 40%;\"><span style=\"font-family: verdana, geneva; font-size: 10pt;\" data-mce-mark=\"1\">Matem\u00e1tica<\/span><\/td>\n<td style=\"width: 15%;\"><span style=\"font-family: verdana, geneva; font-size: 10pt;\"><span style=\"color: #000000;\" data-mce-mark=\"1\">3<\/span><\/span><\/td>\n<\/tr>\n<tr style=\"height: 20px;\" align=\"center\" valign=\"middle\">\n<td style=\"width: 5%;\"><span style=\"font-family: verdana, geneva; font-size: 10pt;\" data-mce-mark=\"1\">05<\/span><\/td>\n<td style=\"width: 40%;\"><span style=\"font-family: verdana, geneva; font-size: 10pt;\" data-mce-mark=\"1\">Derecho<\/span><\/td>\n<td style=\"width: 15%;\"><span style=\"font-family: verdana, geneva; font-size: 10pt;\"><span data-mce-mark=\"1\">3<\/span><\/span><\/td>\n<\/tr>\n<tr style=\"height: 20px;\" align=\"center\" valign=\"middle\">\n<td style=\"width: 5%;\"><span style=\"font-family: verdana, geneva; font-size: 10pt;\" data-mce-mark=\"1\">06<\/span><\/td>\n<td style=\"width: 40%;\"><span style=\"font-family: verdana, geneva; font-size: 10pt;\" data-mce-mark=\"1\">TIC en la Gesti\u00f3n p\u00fablica<\/span><\/td>\n<td style=\"width: 15%;\"><span style=\"font-family: verdana, geneva; font-size: 10pt;\"><span data-mce-mark=\"1\">3<\/span><\/span><\/td>\n<\/tr>\n<tr style=\"height: 20px;\" align=\"center\" valign=\"middle\">\n<td style=\"width: 5%;\"><span style=\"font-family: verdana, geneva; font-size: 10pt;\" data-mce-mark=\"1\">07<\/span><\/td>\n<td style=\"width: 40%;\"><span style=\"font-family: verdana, geneva; font-size: 10pt;\" data-mce-mark=\"1\">Idioma extranjero: Ingles t\u00e9cnico I<\/span><\/td>\n<td style=\"width: 15%;\"><span style=\"font-family: verdana, geneva; font-size: 10pt;\"><span style=\"color: #000000;\" data-mce-mark=\"1\">2<\/span><\/span><\/td>\n<\/tr>\n<tr style=\"height: 20px;\" align=\"center\" valign=\"middle\">\n<td style=\"width: 5%;\"><span style=\"font-family: verdana, geneva; font-size: 10pt;\" data-mce-mark=\"1\">08<\/span><\/td>\n<td style=\"width: 40%;\"><span style=\"font-family: verdana, geneva; font-size: 10pt;\" data-mce-mark=\"1\">Administraci\u00f3n<\/span><\/td>\n<td style=\"width: 15%;\"><span style=\"font-family: verdana, geneva; font-size: 10pt;\">4<\/span><\/td>\n<\/tr>\n<tr style=\"height: 20px;\" align=\"center\" valign=\"middle\">\n<td style=\"width: 5%;\"><span style=\"font-family: verdana, geneva; font-size: 10pt;\" data-mce-mark=\"1\">09<\/span><\/td>\n<td style=\"width: 40%;\"><span style=\"font-size: 10pt; font-family: verdana, geneva;\" data-mce-mark=\"1\">Pr\u00e1ctica Profesionalizante I<\/span><\/td>\n<td style=\"width: 15%;\"><span style=\"font-family: verdana, geneva; font-size: 10pt;\">6<\/span><\/td>\n<\/tr>\n<tr style=\"height: 20px;\" align=\"center\" valign=\"middle\">\n<td style=\"width: 5%;\"><span style=\"font-family: verdana, geneva; font-size: 10pt;\" data-mce-mark=\"1\">10<\/span><\/td>\n<td style=\"width: 40%;\"><span style=\"font-family: verdana, geneva; font-size: 10pt;\" data-mce-mark=\"1\">U.D.I.<\/span><\/td>\n<td style=\"width: 15%;\"><span style=\"font-family: verdana, geneva; font-size: 10pt;\"><span style=\"color: #000000;\" data-mce-mark=\"1\"><span style=\"color: #000000;\" data-mce-mark=\"1\">2<\/span><\/span><\/span><\/td>\n<\/tr>\n<tr style=\"height: 20px;\" align=\"center\" valign=\"middle\">\n<td style=\"width: 5%;\"><\/td>\n<td style=\"width: 40%; text-align: center;\"><span style=\"color: #3e748e; font-family: verdana, geneva; font-size: small;\" data-mce-mark=\"1\"><strong>Segundo a\u00f1o<\/strong><\/span><\/td>\n<td style=\"color: #3e748e; width: 15%;\"><span style=\"font-size: 10pt; font-family: verdana, geneva;\"><strong>Hs. C\u00e1tedra semanales<\/strong><\/span><\/td>\n<\/tr>\n<tr style=\"height: 20px;\" align=\"center\" valign=\"middle\">\n<td style=\"width: 5%;\"><span style=\"color: #000000; font-family: verdana, geneva; font-size: small;\" data-mce-mark=\"1\">11<\/span><\/td>\n<td style=\"width: 40%;\"><span style=\"color: #000000; font-family: verdana, geneva; font-size: small;\" data-mce-mark=\"1\">Procesos Pol\u00edticos y Econ\u00f3micos<\/span><\/td>\n<td style=\"width: 15%;\"><span style=\"color: #000000; font-family: verdana, geneva; font-size: 10pt;\" data-mce-mark=\"1\">2<\/span><\/td>\n<\/tr>\n<tr style=\"height: 20px;\" align=\"center\" valign=\"middle\">\n<td style=\"width: 5%;\"><span style=\"color: #000000; font-family: verdana, geneva; font-size: small;\" data-mce-mark=\"1\">12<\/span><\/td>\n<td style=\"width: 40%;\"><span style=\"color: #000000; font-family: verdana, geneva; font-size: small;\" data-mce-mark=\"1\">\u00a0\u00c9tica y Deontolog\u00eda profesional<\/span><\/td>\n<td style=\"width: 15%;\"><span style=\"color: #000000; font-family: verdana, geneva; font-size: 10pt;\" data-mce-mark=\"1\">2<\/span><\/td>\n<\/tr>\n<tr style=\"height: 20px;\" align=\"center\" valign=\"middle\">\n<td style=\"width: 5%;\"><span style=\"color: #000000; font-family: verdana, geneva; font-size: small;\" data-mce-mark=\"1\">13<\/span><\/td>\n<td style=\"width: 40%;\"><span style=\"color: #000000; font-family: verdana, geneva; font-size: small;\" data-mce-mark=\"1\">\u00a0<span data-mce-mark=\"1\">Idioma extranjero: Ingles t\u00e9cnico II<\/span><\/span><\/td>\n<td style=\"width: 15%;\"><span style=\"color: #000000; font-family: verdana, geneva; font-size: 10pt;\" data-mce-mark=\"1\">2<\/span><\/td>\n<\/tr>\n<tr style=\"height: 20px;\" align=\"center\" valign=\"middle\">\n<td style=\"width: 5%;\"><span style=\"color: #000000; font-family: verdana, geneva; font-size: small;\" data-mce-mark=\"1\">14<\/span><\/td>\n<td style=\"width: 40%;\"><span style=\"color: #000000; font-family: verdana, geneva; font-size: small;\" data-mce-mark=\"1\">Comunicaci\u00f3n<\/span><\/td>\n<td style=\"width: 15%;\"><span style=\"color: #000000; font-family: verdana, geneva; font-size: 10pt;\" data-mce-mark=\"1\">2<\/span><\/td>\n<\/tr>\n<tr style=\"height: 20px;\" align=\"center\" valign=\"middle\">\n<td style=\"width: 5%;\"><span style=\"color: #000000; font-family: verdana, geneva; font-size: small;\" data-mce-mark=\"1\">15<\/span><\/td>\n<td style=\"width: 40%;\"><span style=\"color: #000000; font-family: verdana, geneva; font-size: small;\" data-mce-mark=\"1\">Econom\u00eda<\/span><\/td>\n<td style=\"width: 15%;\"><span style=\"color: #000000; font-family: verdana, geneva; font-size: 10pt;\" data-mce-mark=\"1\">3<\/span><\/td>\n<\/tr>\n<tr style=\"height: 20px;\" align=\"center\" valign=\"middle\">\n<td style=\"width: 5%;\"><span style=\"color: #000000; font-family: verdana, geneva; font-size: small;\" data-mce-mark=\"1\">16<\/span><\/td>\n<td style=\"width: 40%;\"><span style=\"color: #000000; font-family: verdana, geneva; font-size: small;\" data-mce-mark=\"1\">Administraci\u00f3n P\u00fablica\u00a0<\/span><\/td>\n<td style=\"width: 15%;\"><span style=\"color: #000000; font-family: verdana, geneva; font-size: 10pt;\" data-mce-mark=\"1\">4<\/span><\/td>\n<\/tr>\n<tr style=\"height: 20px;\" align=\"center\" valign=\"middle\">\n<td style=\"width: 5%;\"><span style=\"color: #000000; font-family: verdana, geneva; font-size: small;\" data-mce-mark=\"1\">17<\/span><\/td>\n<td style=\"width: 40%;\"><span style=\"color: #000000; font-family: verdana, geneva; font-size: small;\" data-mce-mark=\"1\">Pol\u00edticas P\u00fablicas y Desarrollo Local<\/span><\/td>\n<td style=\"width: 15%;\"><span style=\"color: #000000; font-family: verdana, geneva; font-size: 10pt;\" data-mce-mark=\"1\"><span data-mce-mark=\"1\">3<\/span><\/span><\/td>\n<\/tr>\n<tr style=\"height: 20px;\" align=\"center\" valign=\"middle\">\n<td style=\"width: 5%;\"><span style=\"color: #000000; font-family: verdana, geneva; font-size: small;\" data-mce-mark=\"1\">18<\/span><\/td>\n<td style=\"width: 40%;\"><span style=\"color: #000000; font-family: verdana, geneva; font-size: small;\" data-mce-mark=\"1\">Administraci\u00f3n Financiera\u00a0<\/span><\/td>\n<td style=\"width: 15%;\"><span style=\"color: #000000; font-family: verdana, geneva; font-size: 10pt;\" data-mce-mark=\"1\"><span data-mce-mark=\"1\">4<\/span><\/span><\/td>\n<\/tr>\n<tr style=\"height: 20px;\" align=\"center\" valign=\"middle\">\n<td style=\"width: 5%;\"><span style=\"color: #000000; font-family: verdana, geneva; font-size: small;\" data-mce-mark=\"1\">19<\/span><\/td>\n<td style=\"width: 40%;\"><span style=\"color: #000000; font-family: verdana, geneva; font-size: small;\" data-mce-mark=\"1\"><span data-mce-mark=\"1\">Pr\u00e1ctica Profesionalizante II<\/span><\/span><\/td>\n<td style=\"width: 15%;\"><span style=\"color: #000000; font-family: verdana, geneva; font-size: 10pt;\" data-mce-mark=\"1\">6<\/span><\/td>\n<\/tr>\n<tr style=\"height: 20px;\" align=\"center\" valign=\"middle\">\n<td style=\"width: 5%;\"><span style=\"color: #000000; font-family: verdana, geneva; font-size: small;\" data-mce-mark=\"1\">20<\/span><\/td>\n<td style=\"width: 40%;\"><span style=\"color: #000000; font-family: verdana, geneva; font-size: small;\" data-mce-mark=\"1\">U.D.I.<\/span><\/td>\n<td style=\"width: 15%;\"><span style=\"color: #000000; font-family: verdana, geneva; font-size: 10pt;\" data-mce-mark=\"1\">2<\/span><\/td>\n<\/tr>\n<tr style=\"height: 20px;\" align=\"center\" valign=\"middle\">\n<td style=\"width: 5%;\"><\/td>\n<td style=\"width: 40%;\"><span style=\"font-family: verdana, geneva; font-size: small;\" data-mce-mark=\"1\">\u00a0<strong><span style=\"color: #3e748e;\" data-mce-mark=\"1\">Tercer A\u00f1o<\/span><\/strong><\/span><\/td>\n<td style=\"color: #3e748e; width: 15%;\"><span style=\"font-family: verdana, geneva; font-size: 10pt;\"><strong>Hs. C\u00e1tedra semanales<\/strong><\/span><\/td>\n<\/tr>\n<tr style=\"height: 20px;\" align=\"center\" valign=\"middle\">\n<td style=\"width: 5%;\"><span style=\"font-family: verdana, geneva; font-size: 10pt;\" data-mce-mark=\"1\">21<\/span><\/td>\n<td style=\"width: 40%;\"><span style=\"font-family: verdana, geneva; font-size: 10pt;\" data-mce-mark=\"1\">Derechos Humanos<\/span><\/td>\n<td style=\"width: 15%;\"><span style=\"font-size: 10pt;\"><span style=\"color: #000000; font-family: verdana, geneva;\" data-mce-mark=\"1\">3<\/span><\/span><\/td>\n<\/tr>\n<tr style=\"height: 20px;\" align=\"center\" valign=\"middle\">\n<td style=\"width: 5%;\"><span style=\"font-family: verdana, geneva; font-size: 10pt;\" data-mce-mark=\"1\">22<\/span><\/td>\n<td style=\"width: 40%;\"><span style=\"font-family: verdana, geneva; font-size: 10pt;\" data-mce-mark=\"1\">Teor\u00eda de las Organizaciones<\/span><\/td>\n<td style=\"width: 15%;\"><span style=\"font-size: 10pt;\"><span style=\"color: #000000; font-family: verdana, geneva;\" data-mce-mark=\"1\">2<\/span><\/span><\/td>\n<\/tr>\n<tr style=\"height: 20px;\" align=\"center\" valign=\"middle\">\n<td style=\"width: 5%;\"><span style=\"font-family: verdana, geneva; font-size: 10pt;\" data-mce-mark=\"1\">23<\/span><\/td>\n<td style=\"width: 40%;\"><span style=\"font-family: verdana, geneva; font-size: 10pt;\" data-mce-mark=\"1\">Derecho Administrativo<\/span><\/td>\n<td style=\"width: 15%;\"><span style=\"font-size: 10pt;\"><span style=\"font-family: verdana, geneva;\">3<\/span><\/span><\/td>\n<\/tr>\n<tr style=\"height: 20px;\" align=\"center\" valign=\"middle\">\n<td style=\"width: 5%;\"><span style=\"font-family: verdana, geneva; font-size: 10pt;\" data-mce-mark=\"1\">24<\/span><\/td>\n<td style=\"width: 40%;\"><span style=\"font-family: verdana, geneva; font-size: 10pt;\" data-mce-mark=\"1\">Recursos Humanos<\/span><\/td>\n<td style=\"width: 15%;\"><span style=\"font-size: 10pt;\"><span style=\"font-family: verdana, geneva;\">3<\/span><\/span><\/td>\n<\/tr>\n<tr style=\"height: 20px;\" align=\"center\" valign=\"middle\">\n<td style=\"width: 5%;\"><span style=\"font-family: verdana, geneva; font-size: 10pt;\" data-mce-mark=\"1\">25<\/span><\/td>\n<td style=\"width: 40%;\"><span style=\"font-family: verdana, geneva; font-size: 10pt;\" data-mce-mark=\"1\">Pol\u00edticas P\u00fablicas<\/span><\/td>\n<td style=\"width: 15%;\"><span style=\"font-size: 10pt;\"><span style=\"color: #000000; font-family: verdana, geneva;\" data-mce-mark=\"1\">4<\/span><\/span><\/td>\n<\/tr>\n<tr style=\"height: 20px;\" align=\"center\" valign=\"middle\">\n<td style=\"width: 5%;\"><span style=\"font-family: verdana, geneva; font-size: 10pt;\" data-mce-mark=\"1\">26<\/span><\/td>\n<td style=\"width: 40%;\"><span style=\"font-family: verdana, geneva; font-size: 10pt;\" data-mce-mark=\"1\">Planificaci\u00f3n Estrat\u00e9gica<\/span><\/td>\n<td style=\"width: 15%;\"><span style=\"font-size: 10pt;\"><span style=\"color: #000000; font-family: verdana, geneva;\" data-mce-mark=\"1\">3<\/span><\/span><\/td>\n<\/tr>\n<tr style=\"height: 20px;\" align=\"center\" valign=\"middle\">\n<td style=\"width: 5%;\"><span style=\"font-family: verdana, geneva; font-size: 10pt;\" data-mce-mark=\"1\">27<\/span><\/td>\n<td style=\"width: 40%;\"><span style=\"font-family: verdana, geneva; font-size: 10pt;\" data-mce-mark=\"1\">Presupuestos y Recursos<\/span><\/td>\n<td style=\"width: 15%;\"><span style=\"font-size: 10pt;\"><span style=\"color: #000000; font-family: verdana, geneva;\" data-mce-mark=\"1\"><span style=\"color: #000000;\" data-mce-mark=\"1\">3<\/span><\/span><\/span><\/td>\n<\/tr>\n<tr style=\"height: 20px;\" align=\"center\" valign=\"middle\">\n<td style=\"width: 5%;\"><span style=\"font-family: verdana, geneva; font-size: 10pt;\" data-mce-mark=\"1\">28<\/span><\/td>\n<td style=\"width: 40%;\"><span style=\"font-family: verdana, geneva; font-size: 10pt;\" data-mce-mark=\"1\">Pr\u00e1ctica profesionalizante III<\/span><\/td>\n<td style=\"width: 15%;\"><span style=\"font-size: 10pt;\"><span style=\"color: #000000; font-family: verdana, geneva;\" data-mce-mark=\"1\"><span style=\"color: #000000;\" data-mce-mark=\"1\">6<\/span><\/span><\/span><\/td>\n<\/tr>\n<tr style=\"height: 20px;\" align=\"center\" valign=\"middle\">\n<td style=\"width: 5%;\"><span style=\"font-family: verdana, geneva; font-size: 10pt;\" data-mce-mark=\"1\">29<\/span><\/td>\n<td style=\"width: 40%;\"><span style=\"font-family: verdana, geneva; font-size: 10pt;\" data-mce-mark=\"1\">U.D.I.<\/span><\/td>\n<td style=\"width: 15%;\"><span style=\"font-size: 10pt;\"><span style=\"color: #000000; font-family: verdana, geneva;\" data-mce-mark=\"1\"><span style=\"color: #000000;\" data-mce-mark=\"1\">2<\/span><\/span><\/span><\/td>\n<\/tr>\n<\/tbody>\n<\/table>\n","protected":false},"excerpt":{"rendered":"<p>Informaci\u00f3n General La Tecnicatura Superior en Administraci\u00f3n P\u00fablica fue creada en el a\u00f1o 2015, mediante Res. C.G.E. N\u00b0 1277, como extensi\u00f3n \u00e1ulica del Instituto T\u00e9cnico Superior \u00abRep\u00fablica de Entre R\u00edos\u00bb de la ciudad de Mar\u00eda Grande.Las actividades \u00e1ulicas de la Tecnicaturase desarrollan en las instalaciones de la Escuela N\u00b0 75 \u201cGeneral Alv\u00e9ar\u201d,\u00a0Pte. Juan Domingo Per\u00f3n &#8230; <a title=\"Tecnicatura: Administraci\u00f3n P\u00fablica\" class=\"read-more\" href=\"https:\/\/itsmariagrande-ers.infd.edu.ar\/sitio\/tecnicatura-administracion-publica\/\" aria-label=\"More on Tecnicatura: Administraci\u00f3n P\u00fablica\">[+]<\/a><\/p>\n","protected":false},"author":128,"featured_media":0,"parent":0,"menu_order":0,"comment_status":"closed","ping_status":"closed","template":"","meta":[],"acf":[],"_links":{"self":[{"href":"https:\/\/itsmariagrande-ers.infd.edu.ar\/sitio\/wp-json\/wp\/v2\/pages\/1409"}],"collection":[{"href":"https:\/\/itsmariagrande-ers.infd.edu.ar\/sitio\/wp-json\/wp\/v2\/pages"}],"about":[{"href":"https:\/\/itsmariagrande-ers.infd.edu.ar\/sitio\/wp-json\/wp\/v2\/types\/page"}],"author":[{"embeddable":true,"href":"https:\/\/itsmariagrande-ers.infd.edu.ar\/sitio\/wp-json\/wp\/v2\/users\/128"}],"replies":[{"embeddable":true,"href":"https:\/\/itsmariagrande-ers.infd.edu.ar\/sitio\/wp-json\/wp\/v2\/comments?post=1409"}],"version-history":[{"count":2,"href":"https:\/\/itsmariagrande-ers.infd.edu.ar\/sitio\/wp-json\/wp\/v2\/pages\/1409\/revisions"}],"predecessor-version":[{"id":3348,"href":"https:\/\/itsmariagrande-ers.infd.edu.ar\/sitio\/wp-json\/wp\/v2\/pages\/1409\/revisions\/3348"}],"wp:attachment":[{"href":"https:\/\/itsmariagrande-ers.infd.edu.ar\/sitio\/wp-json\/wp\/v2\/media?parent=1409"}],"curies":[{"name":"wp","href":"https:\/\/api.w.org\/{rel}","templated":true}]}}