{"id":1401,"date":"2018-07-02T20:50:40","date_gmt":"2018-07-02T23:50:40","guid":{"rendered":"https:\/\/itsmariagrande-ers.infd.edu.ar\/sitio\/centro-de-estudiantes\/"},"modified":"2025-05-29T20:40:37","modified_gmt":"2025-05-29T23:40:37","slug":"centro-de-estudiantes","status":"publish","type":"page","link":"https:\/\/itsmariagrande-ers.infd.edu.ar\/sitio\/centro-de-estudiantes\/","title":{"rendered":"Centro de Estudiantes"},"content":{"rendered":"\n<p>Centro de Estudiantes 2025. N\u00f3mina de integrantes<\/p>\n\n\n\n<ul>\n<li>Presidente: Brittes, Jesica Elisabet<\/li>\n\n\n\n<li>Vicepresidente: Tano, Carolina Bel\u00e9n<\/li>\n\n\n\n<li>Secretario General: Palacios Mart\u00ednez, Valentino<\/li>\n\n\n\n<li>Secretario de Asuntos Estudiantiles: &nbsp;Reissenauer, Alex<\/li>\n\n\n\n<li>Secretario de Cultura: Salcedo, An\u00edbal Marcelo<\/li>\n\n\n\n<li>Secretaria de Derechos Humanos: &nbsp;Beltramino, Ariadna<\/li>\n\n\n\n<li>Tesorera: Romero, Ludmila Melisa Guadalupe<\/li>\n\n\n\n<li>Protesorero: R\u00edos, Ulises Javier<\/li>\n\n\n\n<li>Vocales:\n<ul>\n<li>Almada, Jerem\u00edas Natanael<\/li>\n\n\n\n<li>Grenova, Aldana Marisol<\/li>\n\n\n\n<li>Serrano, Aldana Mariel<\/li>\n<\/ul>\n<\/li>\n\n\n\n<li>Vocales suplentes:\n<ul>\n<li>Carrizo, Braian Joaqu\u00edn<\/li>\n\n\n\n<li>Balcaza, Priscila<\/li>\n<\/ul>\n<\/li>\n<\/ul>\n\n\n\n<hr class=\"wp-block-separator has-alpha-channel-opacity\"\/>\n\n\n\n<p>Per\u00edodo 2018 &#8211; 2019<\/p>\n\n\n\n<ul>\n<li>Presidente: Rafael Gallardo<\/li>\n\n\n\n<li>Vicepresidente: Pablo Villalba<\/li>\n\n\n\n<li>Secretaria general: Evelyn Vogel<\/li>\n\n\n\n<li>Secretar\u00edas<\/li>\n\n\n\n<li>Educaci\u00f3n: Gloria Gimena Broder<\/li>\n\n\n\n<li>Comunicaci\u00f3n: Eleana Vanina Graciani<\/li>\n\n\n\n<li>Deportes y Eventos: Melissa Yanina Joubert<\/li>\n\n\n\n<li>Tesorera: Paola Villalba Paola Jaqueline<\/li>\n\n\n\n<li>Protesorera: Candela Welschen<\/li>\n\n\n\n<li>Vocales Titulares:\n<ul>\n<li>Analia Paganini<\/li>\n\n\n\n<li>Carla Romero<\/li>\n\n\n\n<li>Eugenia Itati Millan<\/li>\n<\/ul>\n<\/li>\n\n\n\n<li>Vocales Suplentes\n<ul>\n<li>Celia Sacks<\/li>\n<\/ul>\n<\/li>\n<\/ul>\n\n\n\n<hr class=\"wp-block-separator has-alpha-channel-opacity\"\/>\n\n\n\n<p>Per\u00edodo 2014-2015<\/p>\n\n\n\n<ul>\n<li>Presidente: Lucas Porta<\/li>\n\n\n\n<li>Vice presidente: Pablo Leiva Chavez<\/li>\n\n\n\n<li>Secretario: Gustavo Gotte<\/li>\n\n\n\n<li>Pro secretario: Veronica Kemer<\/li>\n\n\n\n<li>Tesorero: Diego Kemer<\/li>\n\n\n\n<li>Pro tesorero: Andrea Ruggeri<\/li>\n\n\n\n<li>Vocales: \n<ul>\n<li>Tatiana Mendoza, <\/li>\n\n\n\n<li>Carina Panicali, <\/li>\n\n\n\n<li>Zabala, Noeli Fleita<\/li>\n\n\n\n<li>Mary Ayala<\/li>\n<\/ul>\n<\/li>\n\n\n\n<li>Fan Page:Centro de estudiantes ITSMG<\/li>\n<\/ul>\n","protected":false},"excerpt":{"rendered":"<p>Centro de Estudiantes 2025. N\u00f3mina de integrantes Per\u00edodo 2018 &#8211; 2019 Per\u00edodo 2014-2015<\/p>\n","protected":false},"author":128,"featured_media":0,"parent":0,"menu_order":0,"comment_status":"closed","ping_status":"closed","template":"","meta":[],"acf":[],"_links":{"self":[{"href":"https:\/\/itsmariagrande-ers.infd.edu.ar\/sitio\/wp-json\/wp\/v2\/pages\/1401"}],"collection":[{"href":"https:\/\/itsmariagrande-ers.infd.edu.ar\/sitio\/wp-json\/wp\/v2\/pages"}],"about":[{"href":"https:\/\/itsmariagrande-ers.infd.edu.ar\/sitio\/wp-json\/wp\/v2\/types\/page"}],"author":[{"embeddable":true,"href":"https:\/\/itsmariagrande-ers.infd.edu.ar\/sitio\/wp-json\/wp\/v2\/users\/128"}],"replies":[{"embeddable":true,"href":"https:\/\/itsmariagrande-ers.infd.edu.ar\/sitio\/wp-json\/wp\/v2\/comments?post=1401"}],"version-history":[{"count":2,"href":"https:\/\/itsmariagrande-ers.infd.edu.ar\/sitio\/wp-json\/wp\/v2\/pages\/1401\/revisions"}],"predecessor-version":[{"id":6844,"href":"https:\/\/itsmariagrande-ers.infd.edu.ar\/sitio\/wp-json\/wp\/v2\/pages\/1401\/revisions\/6844"}],"wp:attachment":[{"href":"https:\/\/itsmariagrande-ers.infd.edu.ar\/sitio\/wp-json\/wp\/v2\/media?parent=1401"}],"curies":[{"name":"wp","href":"https:\/\/api.w.org\/{rel}","templated":true}]}}