{"id":1394,"date":"2018-07-02T20:50:38","date_gmt":"2018-07-02T23:50:38","guid":{"rendered":"https:\/\/itsmariagrande-ers.infd.edu.ar\/sitio\/historia\/"},"modified":"2024-09-06T15:16:07","modified_gmt":"2024-09-06T18:16:07","slug":"historia","status":"publish","type":"page","link":"https:\/\/itsmariagrande-ers.infd.edu.ar\/sitio\/historia\/","title":{"rendered":"Historia"},"content":{"rendered":"\n<p>En el a\u00f1o 2003 mediante la resoluci\u00f3n N\u00b0 3067\/03 del Consejo General de Educaci\u00f3n se dispuso la creaci\u00f3n del <strong>Instituto T\u00e9cnico Superior Mar\u00eda Grande<\/strong> con la \u00ab<em><strong>Tecnicatura en Turismo<\/strong><\/em>\u00ab; teniendo como objetivo formar personas capaces de desarrollar y potenciar la actividad tur\u00edstica local, articulando con la provincia y la regi\u00f3n.<\/p>\n\n\n\n<p>En sus inicios el Instituto desarrollaba sus actividades \u00e1ulicas en el antiguo edificio del Consejo Deliberante de Mar\u00eda Grande, sito en Av. C\u00f3rdoba entre Hip\u00f3lito Yrigoyen y Justo Jos\u00e9 de Urquiza. En ese entonces no se contaba con los suficientes recursos inform\u00e1ticos, por lo que las clases de Inform\u00e1tica se desarrollaban en un aula de TIC de la Escuela de Educaci\u00f3n T\u00e9cnica Nro. 34 \u00abGral. Enrique Mosconi\u00bb<\/p>\n\n\n\n<p>A partir del a\u00f1o 2007, por Resoluci\u00f3n del C.G.E. N\u00b0 0526\/07, se crea la carrera de <em><strong>\u00abT\u00e9cnico Superior en Gesti\u00f3n de Peque\u00f1as y Medianas Empresas (PYMES)\u00bb<\/strong><\/em>, la cual tuvo su \u00faltima promoci\u00f3n de egresados en el a\u00f1o 2012.<\/p>\n\n\n\n<p>En el a\u00f1o 2009, por Resoluci\u00f3n del C.G.E. N\u00b0 608\/09, se incorpora la Carrera <em><strong>\u00abT\u00e9cnico Superior en Gesti\u00f3n y Administraci\u00f3n de Empresas\u00bb<\/strong><\/em>, con el objeto de formar recursos humanos capacitados para la gesti\u00f3n y administraci\u00f3n empresarial, en los \u00e1mbitos p\u00fablicos y\/o privados.&nbsp;<\/p>\n\n\n\n<p>El Instituto, sin contar edificio con edificio propio pero buscando espacios que puedan albergar mayor cantidad de estudiantes y condiciones edilicias m\u00e1s confortables, se muda al edificio de la Escuela N\u00b0 168 \u201cMendoza\u201d Jornada Completa, sito en&nbsp;Av. Argentina 1162 de la ciudad de Mar\u00eda Grande,  lugar donde se desarroll\u00f3 el cursado hasta finales del a\u00f1o 2013. <\/p>\n\n\n\n<p>En el a\u00f1o 2014 se incorpora una nueva carrera a la ya existente, el \u00ab<em><strong>Profesorado de Ingl\u00e9s<\/strong><\/em>\u00ab, aprobado por <a rel=\"noreferrer noopener\" href=\"https:\/\/itsmariagrande-ers.infd.edu.ar\/sitio\/wp-admin\/upload\/2015_-_Resolucion-0760-14-Aprueba-Diseo-Curricular-Profesorado-de-Ingles.pdf\" target=\"_blank\">Res. C.G.E. 760\/14<\/a>; ampliando las ofertas formativas de Nivel Superior de Gesti\u00f3n Estatal. En ese mismo a\u00f1o, a principios del a\u00f1o acad\u00e9mico, el Instituto se muda y comparte edificio con la Escuela N\u00b0 209 \u00abPedro Natalio Varisco\u00bb, sito en Carlos L\u00f3pez 517 de Mar\u00eda Grande (domicilio donde funciona actualmente la Sede Institucional).\u00a0Hasta agosto de 2024 del Profesorado de Ingl\u00e9s han egresado 24 estudiantes.<\/p>\n\n\n\n<p>Debido a la incorporaci\u00f3n del profesorado, durante 2014, se trabaj\u00f3 sobre la propuesta de darle un nuevo nombre al Instituto, porque en su denominaci\u00f3n ya no se deb\u00eda hacer s\u00f3lo referencia a \u00abT\u00e9cnico\u00bb. Para ello se convoc\u00f3 a integrantes de dicha Instituci\u00f3n y miembros de la comunidad Mariagrandense a votar por distintos los nombres propuestos. El cambio de nombre se concret\u00f3 a principios del a\u00f1o 2015 y fue as\u00ed que, a partir del 28 de abril de dicho a\u00f1o, el <strong>Instituto T\u00e9cnico Superior \u00abMar\u00eda Grande\u00bb<\/strong> cambia su nombre por&nbsp;<em><strong>Instituto de Educaci\u00f3n Superior \u00abRep\u00fablica de Entre R\u00edos\u00bb,&nbsp;<\/strong><\/em>nombre aprobado por <a rel=\"noreferrer noopener\" href=\"https:\/\/itsmariagrande-ers.infd.edu.ar\/sitio\/wp-admin\/upload\/2015_-_Res._1248_ITS_Rep._Entre_R%EDos.pdf\" target=\"_blank\">Res. 1248 del C.G.E<\/a>.<\/p>\n\n\n\n<p>Durante el a\u00f1o 2015,&nbsp;y bajo el mismo lineamiento general de&nbsp;la Carrera&nbsp;<em><strong>\u00abT\u00e9cnico Superior en Gesti\u00f3n y Administraci\u00f3n Empresarial\u00bb<\/strong><\/em>, el Consejo General de Educaci\u00f3n de la Provincia de Entre R\u00edos informa mediante <a rel=\"noreferrer noopener\" href=\"https:\/\/itsmariagrande-ers.infd.edu.ar\/sitio\/wp-admin\/upload\/0834-15_CGE_Aprueba_Dise%F1o_Curricular_de_Tecnicatura_Sup._en_Administraci%F3n_de_Empresas.pdf\" target=\"_blank\">Resoluci\u00f3n N\u00b0 0834\/15<\/a> la aprobaci\u00f3n del dise\u00f1o curricular de la&nbsp;<em><strong>\u00abTecnicatura Superior en Administraci\u00f3n de Empresas\u00bb<\/strong><\/em>.<\/p>\n\n\n\n<p>El 2015 fue un a\u00f1o de expansi\u00f3n para el Instituto, ese a\u00f1o comienzan a funcionar dos extensiones \u00e1ulicas: una en la localidad de Villa Tabossi y otra en el Pueblo San Juan Juli\u00e1n &#8211; Estaci\u00f3n \u00abEl Pingo\u00bb. En dichas extensiones se incorporan las carreras \u00ab<em><strong>Tecnicatura Superior en Administraci\u00f3n P\u00fablica<\/strong><\/em>\u00ab, cuyo dise\u00f1o curricular es la&nbsp;<a rel=\"noreferrer noopener\" href=\"https:\/\/itsmariagrande-ers.infd.edu.ar\/sitio\/wp-admin\/upload\/0906-15_CGE_Aprueba_Diseo_Curricular_Tecnicatura_Sup._en_Administracin_Pblica.pdf\" target=\"_blank\">Res. C.G.E. 906\/15<\/a>&nbsp;del 28 de abril,&nbsp;funcionando en la localidad de Villa Tabossi; y \u00ab<em><strong>Tecnicatura Superior en An\u00e1lisis y Desarrollo de Software<\/strong><\/em>\u00ab, creada por <a rel=\"noreferrer noopener\" href=\"https:\/\/itsmariagrande-ers.infd.edu.ar\/sitio\/wp-admin\/upload\/Res._2442_-_Creaci%F3n_de_la_Carrera_Desarrollo_de_Software.pdf\" target=\"_blank\">Res. del C.G.E. N\u00ba 2442\/15<\/a> y dise\u00f1o curricular aprobado por <a rel=\"noreferrer noopener\" href=\"https:\/\/itsmariagrande-ers.infd.edu.ar\/sitio\/wp-admin\/upload\/Res._920_-_Aprobaci%F3n_del_Dise%F1o_Curricular.pdf\" target=\"_blank\">Res. C.G.E N\u00ba 920\/15<\/a>, funcionando en la localidad del Pueblo San Juli\u00e1n &#8211; Estaci\u00f3n \u00abEl Pingo\u00bb.&nbsp;<\/p>\n\n\n\n<p>La \u00ab<em><strong>Tecnicatura Superior en An\u00e1lisis y Desarrollo de Software<\/strong><\/em>\u00bb tuvo 2 cohortes, 2015 y 2016, de las cuales egresaron seis (6) t\u00e9cnicos y t\u00e9cnicas.<\/p>\n\n\n\n<p>La \u00ab<em><strong><em><strong>Tecnicatura Superior en Administraci\u00f3n P\u00fablica<\/strong><\/em><\/strong><\/em>\u00bb tuvo 4 cohortes, 2015, 2016,  2017 y 2018, de las cuales egresaron, hasta el a\u00f1o 2022, veinticuatro (24) t\u00e9cnicos y t\u00e9cnicas.<\/p>\n\n\n\n<p>En el a\u00f1o 2016, el Instituto incorpora tres (3) carreras m\u00e1s: el <strong>Profesorado de Educaci\u00f3n Secundaria en Lengua y Literatura<\/strong>, <strong>Profesorado en Educaci\u00f3n Tecnol\u00f3gica<\/strong> y <strong>Tecnicatura Superior en Mantenimiento Industrial<\/strong>. De las cuales la primera desarrollaba y desarrolla sus actividades \u00e1ulicas en la Sede del Institucional en Mar\u00eda Grande y las otras dos como extensiones \u00e1ulicas en las vecinas localidades de Estaci\u00f3n Sosa y Segu\u00ed, respectivamente.<\/p>\n\n\n\n<p>El <strong>Profesorado de Educaci\u00f3n Secundaria en Lengua y Literatura<\/strong> es creada por <a rel=\"noreferrer noopener\" href=\"https:\/\/itsmariagrande-ers.infd.edu.ar\/sitio\/wp-admin\/upload\/2015-4781_-_Res._CGE_-_Creacion__PROFESORADOS_LENGUA_y_TECNOLOGIA_1.pdf\" target=\"_blank\">Res. C.G.E. N\u00ba 4781\/15<\/a> y su dise\u00f1o curricular aprobado por <a rel=\"noreferrer noopener\" href=\"https:\/\/itsmariagrande-ers.infd.edu.ar\/sitio\/wp-admin\/upload\/2014-0759_-_Res._CGE_-_Disen_o_Curricular_Profesorado_en_Lengua_y_Literatura.pdf\" target=\"_blank\">Res. C.G.E N\u00ba 759\/14<\/a>. Esta carrera se encuentra actualmente vigente, con cohorte hasta el a\u00f1o 2023. Hasta agosto de 2024 del Profesorado de Lengua y Literatura han egresado 23 estudiantes.<\/p>\n\n\n\n<p>La aprobaci\u00f3n de creaci\u00f3n del <strong>Profesorado en Educaci\u00f3n Tecnol\u00f3gica<\/strong> es realizada en la misma Resoluci\u00f3n que el profesorado de Lengua y Literatura, pero su dise\u00f1o curricular es aprobado por <a rel=\"noreferrer noopener\" href=\"https:\/\/itsmariagrande-ers.infd.edu.ar\/sitio\/wp-admin\/upload\/2015-4798_-_Res._CGE_-_Aprueba_Disen_o_Curricular_Profesorado_de_Educacion_Tecnologica_SOSA_1.pdf\" target=\"_blank\">Res. C.G.E. N\u00b0 4798\/15<\/a>. Esta carrera estuvo vigente con inscripciones a nueva cohorte hasta el a\u00f1o 2018, siendo el \u00faltimo a\u00f1o de cursado en el a\u00f1o 2022. De esta carrera egresaron, aproximadamente, setenta y un (71) profesores y profesoras de Educaci\u00f3n Tecnol\u00f3gica entre los a\u00f1os 2019 y 2022.<\/p>\n\n\n\n<p>La creaci\u00f3n de la <strong>Tecnicatura Superior en Mantenimiento Industria<\/strong>l es aprobada por <a rel=\"noreferrer noopener\" href=\"https:\/\/itsmariagrande-ers.infd.edu.ar\/sitio\/wp-admin\/upload\/2015-4782_-_Res._CGE_-_Creacion_Tecnicatura_Sup._Mantenimiento_Industrial_Segui.pdf\" target=\"_blank\">Res. C.G.E. N\u00b0 4782\/15<\/a>; y su dise\u00f1o curricular por <a rel=\"noreferrer noopener\" href=\"https:\/\/itsmariagrande-ers.infd.edu.ar\/sitio\/wp-admin\/upload\/2015-1096_-_Res._CGE_-_Aprueba_Disen_o_Curricular_Tecnicatura_Sup._Mantenimiento_Industrial_Segui_1.pdf\" target=\"_blank\">Res. C.G.E. N\u00b0 1096\/15<\/a>. En el a\u00f1o 2019 esta carrera se muda a la localidad de Mar\u00eda Grande, llevando a cabo sus actividades \u00e1ulicas, en car\u00e1cter de anexo, en el edificio escolar de la Escuela de Educaci\u00f3n T\u00e9cnica Nro. 34 \u00abGral. Enrique Mosconi\u00bb.<\/p>\n\n\n\n<p>En el a\u00f1o 2020 se crea y pone en marcha una nueva propuesta formativa, la <strong>Tecnicatura Superior en Gesti\u00f3n de peque\u00f1as y medianas empresas (PyMEs)<\/strong>, como extensi\u00f3n \u00e1ulica en la vecina localidad de Villa Tabossi. Ofreciendo la apertura de nuevas cohortes hasta el a\u00f1o 2021.<\/p>\n\n\n\n<p>A\u00f1o 2022, volvemos a nuestros origines acad\u00e9micos con la apertura de la <strong>Tecnicatura Superior en Turismo y Gesti\u00f3n de Servicios<\/strong>; funcionando, en car\u00e1cter de anexo, en el edificio escolar de la Escuela de Educaci\u00f3n T\u00e9cnica Nro. 34 \u00abGral. Enrique Mosconi\u00bb.<\/p>\n\n\n\n<p>Actualmente el&nbsp;<em><strong>Instituto de Educaci\u00f3n Superior \u00abRep\u00fablica de Entre R\u00edos\u00bb<\/strong><\/em>&nbsp;tiene a su cargo ocho (5) carreras con estudiantes cursando:<\/p>\n\n\n\n<ul>\n<li><strong>Profesorado de Ingl\u00e9s<\/strong>&nbsp;(Mar\u00eda Grande)<\/li>\n\n\n\n<li><strong>Profesorado de Educaci\u00f3n Secundaria en Lengua y Literatura<\/strong>&nbsp;(Mar\u00eda Grande)<\/li>\n\n\n\n<li><strong>Tecnicatura Superior en Administraci\u00f3n de Empresas<\/strong>&nbsp;(Mar\u00eda Grande)<\/li>\n\n\n\n<li><strong>Tecnicatura Superior en Mantenimiento Industrial<\/strong>&nbsp;(Mar\u00eda Grande).<\/li>\n\n\n\n<li><strong>Tecnicatura Superior en Turismo y Gesti\u00f3n de Servicios<\/strong>&nbsp;(Mar\u00eda Grande).<\/li>\n<\/ul>\n\n\n\n<p>Y tres (3) carreras con estudiantes rindiendo ex\u00e1menes finales:<\/p>\n\n\n\n<ul>\n<li><strong>Profesorado en Educaci\u00f3n Tecnol\u00f3gica<\/strong><\/li>\n\n\n\n<li><strong>Tecnicatura Superior en Administraci\u00f3n P\u00fablica<\/strong><\/li>\n\n\n\n<li><strong>Tecnicatura Superior en Gesti\u00f3n de Peque\u00f1as y Medianas empresas (PyMEs)<\/strong><\/li>\n<\/ul>\n","protected":false},"excerpt":{"rendered":"<p>En el a\u00f1o 2003 mediante la resoluci\u00f3n N\u00b0 3067\/03 del Consejo General de Educaci\u00f3n se dispuso la creaci\u00f3n del Instituto T\u00e9cnico Superior Mar\u00eda Grande con la \u00abTecnicatura en Turismo\u00ab; teniendo como objetivo formar personas capaces de desarrollar y potenciar la actividad tur\u00edstica local, articulando con la provincia y la regi\u00f3n. En sus inicios el Instituto &#8230; <a title=\"Historia\" class=\"read-more\" href=\"https:\/\/itsmariagrande-ers.infd.edu.ar\/sitio\/historia\/\" aria-label=\"More on Historia\">[+]<\/a><\/p>\n","protected":false},"author":128,"featured_media":0,"parent":0,"menu_order":0,"comment_status":"closed","ping_status":"closed","template":"","meta":[],"acf":[],"_links":{"self":[{"href":"https:\/\/itsmariagrande-ers.infd.edu.ar\/sitio\/wp-json\/wp\/v2\/pages\/1394"}],"collection":[{"href":"https:\/\/itsmariagrande-ers.infd.edu.ar\/sitio\/wp-json\/wp\/v2\/pages"}],"about":[{"href":"https:\/\/itsmariagrande-ers.infd.edu.ar\/sitio\/wp-json\/wp\/v2\/types\/page"}],"author":[{"embeddable":true,"href":"https:\/\/itsmariagrande-ers.infd.edu.ar\/sitio\/wp-json\/wp\/v2\/users\/128"}],"replies":[{"embeddable":true,"href":"https:\/\/itsmariagrande-ers.infd.edu.ar\/sitio\/wp-json\/wp\/v2\/comments?post=1394"}],"version-history":[{"count":8,"href":"https:\/\/itsmariagrande-ers.infd.edu.ar\/sitio\/wp-json\/wp\/v2\/pages\/1394\/revisions"}],"predecessor-version":[{"id":6441,"href":"https:\/\/itsmariagrande-ers.infd.edu.ar\/sitio\/wp-json\/wp\/v2\/pages\/1394\/revisions\/6441"}],"wp:attachment":[{"href":"https:\/\/itsmariagrande-ers.infd.edu.ar\/sitio\/wp-json\/wp\/v2\/media?parent=1394"}],"curies":[{"name":"wp","href":"https:\/\/api.w.org\/{rel}","templated":true}]}}