{"id":1389,"date":"2018-07-02T20:50:36","date_gmt":"2018-07-02T23:50:36","guid":{"rendered":"https:\/\/itsmariagrande-ers.infd.edu.ar\/sitio\/datos-institucionales\/"},"modified":"2024-09-20T19:33:11","modified_gmt":"2024-09-20T22:33:11","slug":"datos-institucionales","status":"publish","type":"page","link":"https:\/\/itsmariagrande-ers.infd.edu.ar\/sitio\/datos-institucionales\/","title":{"rendered":"Datos institucionales"},"content":{"rendered":"<ul>\n<li style=\"list-style-type: none;\">\n<ul>\n<li><span style=\"font-family: verdana, geneva; font-size: 10pt;\"><span data-mce-mark=\"1\"><span style=\"text-decoration: underline;\">Nombre<\/span>: Instituto de Educaci\u00f3n Superior \u00abRep\u00fablica de Entre R\u00edos\u00bb<\/span><\/span><\/li>\n<li style=\"text-align: left;\"><span style=\"font-family: verdana, geneva; font-size: 10pt;\"><span style=\"text-decoration: underline;\">CUE<\/span>: 3002871<\/span><\/li>\n<li style=\"text-align: left;\"><span style=\"font-family: verdana, geneva; font-size: 10pt;\"><span style=\"text-decoration: underline;\">Horarios de atenci\u00f3n<\/span>: lunes a viernes 16:30 a 20:30 hs.<\/span><\/li>\n<li style=\"text-align: left;\"><span style=\"font-family: verdana, geneva; font-size: 10pt;\"><span style=\"text-decoration: underline;\">Tel\u00e9fono celular<\/span>: 343 5 31-7232<\/span><\/li>\n<li style=\"text-align: left;\"><span style=\"font-family: verdana, geneva; font-size: 10pt;\"><span style=\"text-decoration: underline;\">E-mail de consultas<\/span>: ies.entrerios.pn@entrerios.edu.ar<\/span><\/li>\n<li style=\"text-align: left;\"><span style=\"font-family: verdana, geneva; font-size: 10pt;\"><span style=\"text-decoration: underline;\">Facebook<\/span>:\u00a0<a href=\"https:\/\/www.facebook.com\/Instituto-de-Educaci%C3%B3n-Superior-Rep%C3%BAblica-de-Entre-R%C3%ADos-573062849523303\/?fref=ts\" target=\"_blank\" rel=\"noopener\">Instituto de Educaci\u00f3n Superior \u00abRep\u00fablica de Entre R\u00edos\u00bb<\/a><\/span><\/li>\n<li>Instagram: <a href=\"https:\/\/instagram.com\/ies.rep.de.entre.rios?igshid=YmMyMTA2M2Y=\">@ies.rep.de.entre.rios<\/a><\/li>\n<li style=\"text-align: left;\"><span style=\"font-family: verdana, geneva; font-size: 10pt;\"><span style=\"text-decoration: underline;\">Domicilio<\/span>: <span style=\"font-family: verdana, geneva; font-size: 10pt;\">Carlos L\u00f3pez 517- C.P. 3133 &#8211; Mar\u00eda Grande (Dpto. Paran\u00e1) &#8211; Entre R\u00edos. (Edificio de la Escuela N\u00ba 209 \u201cPedro Natalio Varisco\u201d)<\/span><\/span><\/li>\n<\/ul>\n<\/li>\n<\/ul>\n","protected":false},"excerpt":{"rendered":"<p>Nombre: Instituto de Educaci\u00f3n Superior \u00abRep\u00fablica de Entre R\u00edos\u00bb CUE: 3002871 Horarios de atenci\u00f3n: lunes a viernes 16:30 a 20:30 hs. Tel\u00e9fono celular: 343 5 31-7232 E-mail de consultas: ies.entrerios.pn@entrerios.edu.ar Facebook:\u00a0Instituto de Educaci\u00f3n Superior \u00abRep\u00fablica de Entre R\u00edos\u00bb Instagram: @ies.rep.de.entre.rios Domicilio: Carlos L\u00f3pez 517- C.P. 3133 &#8211; Mar\u00eda Grande (Dpto. Paran\u00e1) &#8211; Entre R\u00edos. (Edificio &#8230; <a title=\"Datos institucionales\" class=\"read-more\" href=\"https:\/\/itsmariagrande-ers.infd.edu.ar\/sitio\/datos-institucionales\/\" aria-label=\"More on Datos institucionales\">[+]<\/a><\/p>\n","protected":false},"author":128,"featured_media":0,"parent":0,"menu_order":0,"comment_status":"closed","ping_status":"closed","template":"","meta":[],"acf":[],"_links":{"self":[{"href":"https:\/\/itsmariagrande-ers.infd.edu.ar\/sitio\/wp-json\/wp\/v2\/pages\/1389"}],"collection":[{"href":"https:\/\/itsmariagrande-ers.infd.edu.ar\/sitio\/wp-json\/wp\/v2\/pages"}],"about":[{"href":"https:\/\/itsmariagrande-ers.infd.edu.ar\/sitio\/wp-json\/wp\/v2\/types\/page"}],"author":[{"embeddable":true,"href":"https:\/\/itsmariagrande-ers.infd.edu.ar\/sitio\/wp-json\/wp\/v2\/users\/128"}],"replies":[{"embeddable":true,"href":"https:\/\/itsmariagrande-ers.infd.edu.ar\/sitio\/wp-json\/wp\/v2\/comments?post=1389"}],"version-history":[{"count":9,"href":"https:\/\/itsmariagrande-ers.infd.edu.ar\/sitio\/wp-json\/wp\/v2\/pages\/1389\/revisions"}],"predecessor-version":[{"id":6500,"href":"https:\/\/itsmariagrande-ers.infd.edu.ar\/sitio\/wp-json\/wp\/v2\/pages\/1389\/revisions\/6500"}],"wp:attachment":[{"href":"https:\/\/itsmariagrande-ers.infd.edu.ar\/sitio\/wp-json\/wp\/v2\/media?parent=1389"}],"curies":[{"name":"wp","href":"https:\/\/api.w.org\/{rel}","templated":true}]}}