{"id":1384,"date":"2018-07-02T20:50:34","date_gmt":"2018-07-02T23:50:34","guid":{"rendered":"https:\/\/itsmariagrande-ers.infd.edu.ar\/sitio\/normativa-y-documentacion-general\/"},"modified":"2025-03-12T19:26:35","modified_gmt":"2025-03-12T22:26:35","slug":"normativa-y-documentacion-general","status":"publish","type":"page","link":"https:\/\/itsmariagrande-ers.infd.edu.ar\/sitio\/normativa-y-documentacion-general\/","title":{"rendered":"Normativa y Documentaci\u00f3n General"},"content":{"rendered":"\n<p><span style=\"font-family: verdana, geneva, sans-serif; font-size: 1rem;\">&nbsp;<\/span><span style=\"font-size: 1rem; font-family: verdana, geneva, sans-serif;\"><strong>Documentaci\u00f3n General<\/strong><\/span><\/p>\n\n\n\n<figure class=\"wp-block-table\"><table><tbody><tr><td><span style=\"font-size: 1rem; font-family: verdana, geneva, sans-serif;\"><strong>Estudiantes:<\/strong><\/span><\/td><td><span style=\"font-family: verdana, geneva, sans-serif; font-size: 1rem;\">&nbsp;<\/span><\/td><\/tr><tr><td>&nbsp;<\/td><td>&nbsp;<\/td><\/tr><tr><td><span style=\"font-family: verdana, geneva, sans-serif; font-size: 1rem;\"><a rel=\"noreferrer noopener\" href=\"https:\/\/drive.google.com\/file\/d\/1bAoYKcS-QxlnDZObeAJwlDfJxsQV6ez4\/view?usp=sharing\" target=\"_blank\">Planilla de solicitud de equivalencias<\/a><\/span> (Res. 0249\/24)<\/td><td><span style=\"font-family: verdana, geneva, sans-serif; font-size: 1rem;\"> <a title=\"Formulario de Pre-Inscripci\u00f3n\" href=\"https:\/\/drive.google.com\/file\/d\/1bAoYKcS-QxlnDZObeAJwlDfJxsQV6ez4\/view?usp=sharing\" target=\"_blank\" rel=\"noopener\"><img decoding=\"async\" loading=\"lazy\" class=\"alignnone\" title=\"Icono Descargar PDF\" src=\"https:\/\/itsmariagrande-ers.infd.edu.ar\/sitio\/wp-content\/uploads\/2018\/07\/Descargar_PDF.jpg\" alt=\"Icono Descargar PDF\" width=\"256\" height=\"197\" border=\"0\"><\/a><\/span><\/td><\/tr><tr><td>&nbsp;<\/td><td><span style=\"font-family: verdana, geneva, sans-serif; font-size: 1rem;\">&nbsp;<\/span><\/td><\/tr><tr><td><span style=\"font-size: 1rem; font-family: verdana, geneva, sans-serif;\"><strong>Docentes:<\/strong><\/span><\/td><td><span style=\"font-family: verdana, geneva, sans-serif; font-size: 1rem;\">&nbsp;<\/span><\/td><\/tr><tr><td><span style=\"font-family: verdana, geneva, sans-serif; font-size: 1rem;\"><a title=\"FU\" href=\"upload\/FU.pdf\" target=\"_blank\" rel=\"noopener\">FU &#8211; Formulario \u00fanico<\/a><\/span><\/td><td><span style=\"font-family: verdana, geneva, sans-serif; font-size: 1rem;\">&nbsp;<a title=\"FU\" href=\"upload\/FU.pdf\" target=\"_blank\" rel=\"noopener\"><img decoding=\"async\" title=\"Icono Descargar PDF\" src=\"https:\/\/itsmariagrande-ers.infd.edu.ar\/sitio\/wp-content\/uploads\/2018\/07\/Descargar_PDF.jpg\" alt=\"Icono Descargar PDF\" width=\"70%\" border=\"0\"><\/a><\/span><\/td><\/tr><tr><td><span style=\"font-family: verdana, geneva, sans-serif; font-size: 1rem;\"><a title=\"Traslado Docente\" href=\"upload\/Compensacion_por_Gastos_de_Traslado_Docente.pdf\" target=\"_blank\" rel=\"noopener\">Formulario: Solicitud de compensaci\u00f3n por traslado docente<\/a><\/span><\/td><td><span style=\"font-family: verdana, geneva, sans-serif; font-size: 1rem;\">&nbsp;<a title=\"Traslado Docente\" href=\"upload\/Compensacion_por_Gastos_de_Traslado_Docente.pdf\" target=\"_blank\" rel=\"noopener\"><img decoding=\"async\" title=\"Icono Descargar PDF\" src=\"https:\/\/itsmariagrande-ers.infd.edu.ar\/sitio\/wp-content\/uploads\/2018\/07\/Descargar_PDF.jpg\" alt=\"Icono Descargar PDF\" width=\"70%\" border=\"0\"><\/a><\/span><\/td><\/tr><tr><td><span style=\"font-family: verdana, geneva, sans-serif; font-size: 1rem;\"><a title=\"Concursos\" href=\"upload\/2012-2300-_Res._CGE_Hoja_Concurso.pdf\" target=\"_blank\" rel=\"noopener\">Formulario de inscripci\u00f3n a Concursos Docentes (Res. CGE N\u00b0 2300)<\/a><\/span><\/td><td><span style=\"font-family: verdana, geneva, sans-serif; font-size: 1rem;\">&nbsp;<a title=\"Concursos\" href=\"upload\/2012-2300-_Res._CGE_Hoja_Concurso.pdf\" target=\"_blank\" rel=\"noopener\"><img decoding=\"async\" title=\"Icono Descargar PDF\" src=\"https:\/\/itsmariagrande-ers.infd.edu.ar\/sitio\/wp-content\/uploads\/2018\/07\/Descargar_PDF.jpg\" alt=\"Icono Descargar PDF\" width=\"70%\" border=\"0\"><\/a><\/span><\/td><\/tr><tr><td><span style=\"font-family: verdana, geneva, sans-serif; font-size: 1rem;\"><a title=\"Concursos. Inscripci\u00f3n Cargos de Ascenso\" href=\"upload\/2017-0351_-_Res._JC_-_Concursos._Form._Inscripcion_Cargos_de_ascenso.pdf\" target=\"_blank\" rel=\"noopener\">Formulario de Inscripci\u00f3n. Cargos de Ascenso de Educaci\u00f3n Superior (Res. JC N\u00b0 0351\/17)<\/a> <\/span><\/td><td><span style=\"font-family: verdana, geneva, sans-serif; font-size: 1rem;\"><a href=\"upload\/2017-0351_-_Res._JC_-_Concursos._Form._Inscripcion_Cargos_de_ascenso.pdf\" target=\"_blank\" rel=\"noopener\"><img decoding=\"async\" title=\"Icono Descargar PDF\" src=\"https:\/\/itsmariagrande-ers.infd.edu.ar\/sitio\/wp-content\/uploads\/2018\/07\/Descargar_PDF.jpg\" alt=\"Icono Descargar PDF\" width=\"70%\" border=\"0\"><\/a><\/span><\/td><\/tr><tr><td><span style=\"font-family: verdana, geneva, sans-serif; font-size: 1rem;\"><a title=\"2018 - Lineamientos para Proyectos de Concursos\" href=\"https:\/\/drive.google.com\/file\/d\/1pNj9b8t-SDF0ucxMm5sb2JSKpywIAvDu\/view?usp=drivesdk\" target=\"_blank\" rel=\"noopener\">2025 &#8211; Lineamientos para Proyectos Pedag\u00f3gicos (Concursos)<\/a><\/span><\/td><td><span style=\"font-family: verdana, geneva, sans-serif; font-size: 1rem;\"><a href=\"https:\/\/drive.google.com\/file\/d\/1pNj9b8t-SDF0ucxMm5sb2JSKpywIAvDu\/view?usp=drivesdk\" target=\"_blank\" rel=\"noopener\"><img decoding=\"async\" loading=\"lazy\" class=\"alignnone\" title=\"Icono Descargar PDF\" src=\"https:\/\/itsmariagrande-ers.infd.edu.ar\/sitio\/wp-content\/uploads\/2018\/07\/Descargar_PDF.jpg\" alt=\"Icono Descargar PDF\" width=\"256\" height=\"197\" border=\"0\"><\/a><\/span><\/td><\/tr><tr><td><span style=\"font-family: verdana, geneva, sans-serif; font-size: 1rem;\"><a title=\"CGE - R\u00e9gimen de Licencias\" href=\"upload\/Regimen_de_Licencias_para_Docentes.pdf\" target=\"_blank\" rel=\"noopener\">Manual CGE &#8211; R\u00e9gimen de Licencias para Docentes (Con codigo de cada Licencia)<\/a><\/span><\/td><td><span style=\"font-family: verdana, geneva, sans-serif; font-size: 1rem;\"><a href=\"upload\/Regimen_de_Licencias_para_Docentes.pdf\" target=\"_blank\" rel=\"noopener\"><img decoding=\"async\" title=\"Icono Descargar PDF\" src=\"https:\/\/itsmariagrande-ers.infd.edu.ar\/sitio\/wp-content\/uploads\/2018\/07\/Descargar_PDF.jpg\" alt=\"Icono Descargar PDF\" width=\"70%\" border=\"0\"><\/a><\/span><\/td><\/tr><tr><td><span style=\"font-family: verdana, geneva, sans-serif; font-size: 1rem;\"><a title=\"5923 - MGJE - R\u00e9gimen unificado de Licencias\" href=\"upload\/2000-5923_-_MGJE_-_Decreto._Regimen_unificado_de_Licencias.pdf\" target=\"_blank\" rel=\"noopener\">Decreto 5923\/2000 &#8211; MGJE &#8211; R\u00e9gimen unificado de Licencias<\/a><\/span><\/td><td><span style=\"font-family: verdana, geneva, sans-serif; font-size: 1rem;\"><a href=\"upload\/2000-5923_-_MGJE_-_Decreto._Regimen_unificado_de_Licencias.pdf\" target=\"_blank\" rel=\"noopener\"><img decoding=\"async\" title=\"Icono Descargar PDF\" src=\"https:\/\/itsmariagrande-ers.infd.edu.ar\/sitio\/wp-content\/uploads\/2018\/07\/Descargar_PDF.jpg\" alt=\"Icono Descargar PDF\" width=\"70%\" border=\"0\"><\/a><\/span><\/td><\/tr><\/tbody><\/table><\/figure>\n\n\n\n<p><span style=\"font-family: verdana, geneva, sans-serif; font-size: 1rem;\">&nbsp;<strong>Resoluciones C.G.E. Institucionales<\/strong><\/span><\/p>\n\n\n\n<figure class=\"wp-block-table\"><table><tbody><tr><td colspan=\"3\"><span style=\"font-size: 1rem; font-family: verdana, geneva, sans-serif;\"><strong>Normativa Nivel Superior &#8211; CGE Entre R\u00edos <\/strong><\/span><\/td><\/tr><tr><td colspan=\"3\"><span style=\"font-size: 1rem; font-family: verdana, geneva, sans-serif;\"><strong>R\u00e9gimen Acad\u00e9mico Marco<\/strong><\/span><\/td><\/tr><tr><td><span style=\"font-family: verdana, geneva, sans-serif; font-size: 1rem;\"><a href=\"https:\/\/itsmariagrande-ers.infd.edu.ar\/sitio\/wp-content\/uploads\/2019\/03\/2007-1888-Res-CGE-Ayudante_de_Catedra.pdf\">2007-1888<\/a><\/span><\/td><td><span style=\"font-family: verdana, geneva, sans-serif; font-size: 1rem;\"><a href=\"https:\/\/itsmariagrande-ers.infd.edu.ar\/sitio\/wp-content\/uploads\/2019\/03\/2007-1888-Res-CGE-Ayudante_de_Catedra.pdf\" target=\"_blank\" rel=\"noopener\">Ayudantes de C\u00e1tedra<\/a><\/span><\/td><td><span style=\"font-family: verdana, geneva, sans-serif; font-size: 1rem;\"><a href=\"https:\/\/itsmariagrande-ers.infd.edu.ar\/sitio\/wp-content\/uploads\/2019\/03\/2007-1888-Res-CGE-Ayudante_de_Catedra.pdf\" target=\"_blank\" rel=\"noopener\"><img decoding=\"async\" class=\"aligncenter\" title=\"Icono Descargar PDF\" src=\"https:\/\/itsmariagrande-ers.infd.edu.ar\/sitio\/wp-content\/uploads\/2018\/07\/Descargar_PDF.jpg\" alt=\"Icono Descargar PDF\" width=\"50%\" border=\"0\"><\/a><\/span><\/td><\/tr><tr><td><span style=\"font-family: verdana, geneva, sans-serif; font-size: 1rem;\"><a title=\"2009-1066 - Regimen Acad\u00e9micio Marco\" href=\"upload\/2009-1066_-_Res._CGE_-_Regimen_Academicio_Marco.pdf\" target=\"_blank\" rel=\"noopener\">2009-1066<\/a><\/span><\/td><td><span style=\"font-family: verdana, geneva, sans-serif; font-size: 1rem;\"><a href=\"upload\/2009-1066_-_Res._CGE_-_Regimen_Academicio_Marco.pdf\" target=\"_blank\" rel=\"noopener\">R\u00e9gimen Acad\u00e9mico Marco<\/a><\/span><\/td><td><span style=\"font-family: verdana, geneva, sans-serif; font-size: 1rem;\"><a title=\"15-0655 CGE\" href=\"upload\/2009-1066_-_Res._CGE_-_Regimen_Academicio_Marco.pdf\" target=\"_blank\" rel=\"noopener\"><img decoding=\"async\" title=\"Icono Descargar PDF\" src=\"https:\/\/itsmariagrande-ers.infd.edu.ar\/sitio\/wp-content\/uploads\/2018\/07\/Descargar_PDF.jpg\" alt=\"Icono Descargar PDF\" width=\"50%\" border=\"0\"><\/a><\/span><\/td><\/tr><tr><td><span style=\"font-family: verdana, geneva, sans-serif; font-size: 1rem;\"><a href=\"upload\/Res._0655-15_CGE_Institutos_Superiores.pdf\" target=\"_blank\" rel=\"noopener\">2015-0655<\/a><\/span><\/td><td><span style=\"font-family: verdana, geneva, sans-serif; font-size: 1rem;\"><a href=\"upload\/Res._0655-15_CGE_Institutos_Superiores.pdf\" target=\"_blank\" rel=\"noopener\">Ampliaci\u00f3n Res. 1066\/09. R\u00e9gimen Acad\u00e9mico Marco<\/a><\/span><\/td><td><span style=\"font-family: verdana, geneva, sans-serif; font-size: 1rem;\"><a title=\"15-0655 CGE\" href=\"upload\/Res._0655-15_CGE_Institutos_Superiores.pdf\" target=\"_blank\" rel=\"noopener\"><img decoding=\"async\" title=\"Icono Descargar PDF\" src=\"https:\/\/itsmariagrande-ers.infd.edu.ar\/sitio\/wp-content\/uploads\/2018\/07\/Descargar_PDF.jpg\" alt=\"Icono Descargar PDF\" width=\"50%\" border=\"0\"><\/a><\/span><\/td><\/tr><tr><td><span style=\"font-family: verdana, geneva, sans-serif; font-size: 1rem;\"><a title=\"15-4415 - Modifica ROM\" href=\"upload\/2015-4425_-_Res._CGE_-_Modificaciones_Regimen_Academico_Marco_Institutos_de_Educ._Superior.pdf\" target=\"_blank\" rel=\"noopener\">2015-4425<\/a><\/span><\/td><td><span style=\"font-family: verdana, geneva, sans-serif; font-size: 1rem;\"><a href=\"upload\/2015-4425_-_Res._CGE_-_Modificaciones_Regimen_Academico_Marco_Institutos_de_Educ._Superior.pdf\" target=\"_blank\" rel=\"noopener\">Modificaciones R\u00e9gimen Acad\u00e9mico Institutos de Educ. Superior<\/a><\/span><\/td><td><span style=\"font-family: verdana, geneva, sans-serif; font-size: 1rem;\"><a href=\"upload\/2015-4425_-_Res._CGE_-_Modificaciones_Regimen_Academico_Marco_Institutos_de_Educ._Superior.pdf\" target=\"_blank\" rel=\"noopener\"><img decoding=\"async\" title=\"Icono Descargar PDF\" src=\"https:\/\/itsmariagrande-ers.infd.edu.ar\/sitio\/wp-content\/uploads\/2018\/07\/Descargar_PDF.jpg\" alt=\"Icono Descargar PDF\" width=\"50%\" border=\"0\"><\/a><\/span><\/td><\/tr><tr><td><span style=\"font-family: verdana, geneva, sans-serif; font-size: 1rem;\"><a href=\"https:\/\/itsmariagrande-ers.infd.edu.ar\/sitio\/wp-content\/uploads\/2021\/03\/2019-4967-RAM-CGE.pdf\" target=\"_blank\" rel=\"noopener\">2019-4967<\/a><\/span><\/td><td><span style=\"font-size: 1rem; font-family: verdana, geneva, sans-serif;\">R<a href=\"https:\/\/itsmariagrande-ers.infd.edu.ar\/sitio\/wp-content\/uploads\/2021\/03\/2019-4967-RAM-CGE.pdf\" target=\"_blank\" rel=\"noopener\">\u00e9gimen Acad\u00e9mico Marco Institutos de Educ. Superior <span style=\"font-size: 0.75rem;\"><strong>(Deja sin efecto Res. 1066\/09, 655\/15 y 4425\/25.)&nbsp;<\/strong><\/span><\/a><\/span><\/td><td><a href=\"https:\/\/itsmariagrande-ers.infd.edu.ar\/sitio\/wp-content\/uploads\/2021\/03\/2019-4967-RAM-CGE.pdf\" target=\"_blank\" rel=\"noopener\"><span style=\"font-family: verdana, geneva, sans-serif; font-size: 1rem;\"><img decoding=\"async\" title=\"Icono Descargar PDF\" src=\"https:\/\/itsmariagrande-ers.infd.edu.ar\/sitio\/wp-content\/uploads\/2018\/07\/Descargar_PDF.jpg\" alt=\"Icono Descargar PDF\" width=\"50%\" border=\"0\"><\/span><\/a><\/td><\/tr><tr><td><a href=\"https:\/\/itsmariagrande-ers.infd.edu.ar\/sitio\/wp-content\/uploads\/2021\/03\/2020-2238-CGE-Modifica-transitoriamente-R\u00e9gimen-Acad\u00e9mico-Marco-Nivel-Superior-Res.-4967-19-CGE-y-0555-20-CGE1.pdf\" target=\"_blank\" rel=\"noopener\"><span style=\"font-family: verdana, geneva, sans-serif; font-size: 1rem;\">2020-2238<\/span><\/a><\/td><td><a href=\"https:\/\/itsmariagrande-ers.infd.edu.ar\/sitio\/wp-content\/uploads\/2021\/03\/2020-2238-CGE-Modifica-transitoriamente-R\u00e9gimen-Acad\u00e9mico-Marco-Nivel-Superior-Res.-4967-19-CGE-y-0555-20-CGE1.pdf\" target=\"_blank\" rel=\"noopener\"><span style=\"font-size: 1rem; font-family: verdana, geneva, sans-serif;\">Modificaciones Transitorias del R\u00e9gimen Acad\u00e9mico Marco para&nbsp; Institutos de Educ. Superior <strong><span style=\"font-size: 0.75rem;\">(S\u00f3lo para el ciclo lectivo 2020)<\/span><\/strong><\/span><\/a><\/td><td><a href=\"https:\/\/itsmariagrande-ers.infd.edu.ar\/sitio\/wp-content\/uploads\/2021\/03\/2020-2238-CGE-Modifica-transitoriamente-R\u00e9gimen-Acad\u00e9mico-Marco-Nivel-Superior-Res.-4967-19-CGE-y-0555-20-CGE1.pdf\" target=\"_blank\" rel=\"noopener\"><img decoding=\"async\" class=\"alignnone\" title=\"Icono Descargar PDF\" src=\"https:\/\/itsmariagrande-ers.infd.edu.ar\/sitio\/wp-content\/uploads\/2018\/07\/Descargar_PDF.jpg\" alt=\"Icono Descargar PDF\" width=\"50%\" border=\"0\"><\/a><\/td><\/tr><tr><td><a href=\"https:\/\/itsmariagrande-ers.infd.edu.ar\/sitio\/wp-content\/uploads\/2021\/03\/2021-0758-CGE-Modifica-transitoriamente-el-R\u00e9gimen-Acad\u00e9mico-Marco-1.pdf\" target=\"_blank\" rel=\"noopener\"><span style=\"font-family: verdana, geneva, sans-serif; font-size: 1rem;\">2021-0758<\/span><\/a><\/td><td><a href=\"https:\/\/itsmariagrande-ers.infd.edu.ar\/sitio\/wp-content\/uploads\/2021\/03\/2021-0758-CGE-Modifica-transitoriamente-el-R\u00e9gimen-Acad\u00e9mico-Marco-1.pdf\" target=\"_blank\" rel=\"noopener\"><span style=\"font-size: 1rem; font-family: verdana, geneva, sans-serif;\">Modificaciones Transitorias del R\u00e9gimen Acad\u00e9mico Marco para&nbsp; Institutos de Educ. Superior <strong><span style=\"font-size: 0.75rem;\">(S\u00f3lo para el ciclo lectivo 2021)<\/span><\/strong><\/span><\/a><\/td><td><span style=\"font-family: verdana, geneva, sans-serif; font-size: 1rem;\"><a href=\"https:\/\/itsmariagrande-ers.infd.edu.ar\/sitio\/wp-content\/uploads\/2021\/03\/2021-0758-CGE-Modifica-transitoriamente-el-R\u00e9gimen-Acad\u00e9mico-Marco-1.pdf\" target=\"_blank\" rel=\"noopener\"><img decoding=\"async\" class=\"alignnone\" title=\"Icono Descargar PDF\" src=\"https:\/\/itsmariagrande-ers.infd.edu.ar\/sitio\/wp-content\/uploads\/2018\/07\/Descargar_PDF.jpg\" alt=\"Icono Descargar PDF\" width=\"50%\" border=\"0\"><\/a><\/span><\/td><\/tr><tr><td colspan=\"3\"><span style=\"font-family: verdana, geneva, sans-serif; font-size: 1rem;\"><strong>Reglamento Org\u00e1nico Marco<\/strong><\/span><\/td><\/tr><tr><td><span style=\"font-family: verdana, geneva, sans-serif; font-size: 1rem;\"><a title=\"2015-4789 - Amplia y modifica ROM\" href=\"upload\/2015-4789_-_Res._CGE_-_ROM_Ampliacion_y_modificacion_del_Reglamento_Organico_Marco.pdf\" target=\"_blank\" rel=\"noopener\">2015-4789<\/a><\/span><\/td><td><span style=\"font-family: verdana, geneva, sans-serif; font-size: 1rem;\"><a href=\"upload\/2015-4789_-_Res._CGE_-_ROM_Ampliacion_y_modificacion_del_Reglamento_Organico_Marco.pdf\" target=\"_blank\" rel=\"noopener\">Ampliaci\u00f3n y modificaci\u00f3n del Reglamento Org\u00e1nico Marco<\/a><\/span><\/td><td><span style=\"font-family: verdana, geneva, sans-serif; font-size: 1rem;\"><a href=\"upload\/2015-4789_-_Res._CGE_-_ROM_Ampliacion_y_modificacion_del_Reglamento_Organico_Marco.pdf\" target=\"_blank\" rel=\"noopener\"><img decoding=\"async\" title=\"Icono Descargar PDF\" src=\"https:\/\/itsmariagrande-ers.infd.edu.ar\/sitio\/wp-content\/uploads\/2018\/07\/Descargar_PDF.jpg\" alt=\"Icono Descargar PDF\" width=\"50%\" border=\"0\"><\/a><\/span><\/td><\/tr><tr><td colspan=\"3\"><span style=\"font-family: verdana, geneva, sans-serif; font-size: 1rem;\"><strong>Concursales<\/strong><\/span><\/td><\/tr><tr><td><span style=\"font-family: verdana, geneva, sans-serif; font-size: 1rem;\"><a title=\"12-2300 - Res. CGE CONCURSOS\" href=\"upload\/2012-2300-_Res._CGE_-_Reglamento_Concursal_Nivel_Superior.pdf\" target=\"_blank\" rel=\"noopener\">2012-2300<\/a><\/span><\/td><td><span style=\"font-family: verdana, geneva, sans-serif; font-size: 1rem;\"><a href=\"upload\/2012-2300-_Res._CGE_-_Reglamento_Concursal_Nivel_Superior.pdf\" target=\"_blank\" rel=\"noopener\">Res. CGE &#8211; Reglamento Concursal Nivel Superior<\/a><\/span><\/td><td><span style=\"font-family: verdana, geneva, sans-serif; font-size: 1rem;\"><a href=\"upload\/2012-2300-_Res._CGE_-_Reglamento_Concursal_Nivel_Superior.pdf\" target=\"_blank\" rel=\"noopener\"><img decoding=\"async\" title=\"Icono Descargar PDF\" src=\"https:\/\/itsmariagrande-ers.infd.edu.ar\/sitio\/wp-content\/uploads\/2018\/07\/Descargar_PDF.jpg\" alt=\"Icono Descargar PDF\" width=\"50%\" border=\"0\"><\/a><\/span><\/td><\/tr><tr><td><span style=\"font-family: verdana, geneva, sans-serif; font-size: 1rem;\"><a title=\"1471-16 - Res.CGE - Reglamento Concursal\" href=\"upload\/2016-1471_-_Res.CGE_-_Reglamento_Concursal._Modifica_Res._2300.pdf\" target=\"_blank\" rel=\"noopener\">2016-1471<\/a><\/span><\/td><td><span style=\"font-family: verdana, geneva, sans-serif; font-size: 1rem;\"><a href=\"upload\/2016-1471_-_Res.CGE_-_Reglamento_Concursal._Modifica_Res._2300.pdf\" target=\"_blank\" rel=\"noopener\">Res.CGE &#8211; Reglamento Concursal. Modifica Res. 2300<\/a><\/span><\/td><td><span style=\"font-family: verdana, geneva, sans-serif; font-size: 1rem;\"><a href=\"upload\/2016-1471_-_Res.CGE_-_Reglamento_Concursal._Modifica_Res._2300.pdf\" target=\"_blank\" rel=\"noopener\"><img decoding=\"async\" title=\"Icono Descargar PDF\" src=\"https:\/\/itsmariagrande-ers.infd.edu.ar\/sitio\/wp-content\/uploads\/2018\/07\/Descargar_PDF.jpg\" alt=\"Icono Descargar PDF\" width=\"50%\" border=\"0\"><\/a><\/span><\/td><\/tr><tr><td><span style=\"font-family: verdana, geneva, sans-serif; font-size: 1rem;\"><a title=\"2017-0836 - Registro de Titulos\" href=\"upload\/2017-0836_-_Res._CGE_-_Sobre_Registro_de_Titulos.pdf\" target=\"_blank\" rel=\"noopener\">2017-0836<\/a><\/span><\/td><td><span style=\"font-family: verdana, geneva, sans-serif; font-size: 1rem;\"><a href=\"upload\/2017-0836_-_Res._CGE_-_Sobre_Registro_de_Titulos.pdf\" target=\"_blank\" rel=\"noopener\">Res. CGE &#8211; Sobre Registro de T\u00edtulos<\/a><\/span><\/td><td><span style=\"font-family: verdana, geneva, sans-serif; font-size: 1rem;\"><a href=\"upload\/2017-0836_-_Res._CGE_-_Sobre_Registro_de_Titulos.pdf\" target=\"_blank\" rel=\"noopener\"><img decoding=\"async\" title=\"Icono Descargar PDF\" src=\"https:\/\/itsmariagrande-ers.infd.edu.ar\/sitio\/wp-content\/uploads\/2018\/07\/Descargar_PDF.jpg\" alt=\"Icono Descargar PDF\" width=\"50%\" border=\"0\"><\/a><\/span><\/td><\/tr><tr><td><span style=\"font-family: verdana, geneva, sans-serif; font-size: 1rem;\"><a title=\"0111-2018 - Res. JC - Concursos Nivel Superior\" href=\"upload\/2018-0111_-_Res._JC_-_Sobre_presentacion_a_concursos_Nivel_Superior.pdf\" target=\"_blank\" rel=\"noopener\">2018-0111<\/a><\/span><\/td><td><span style=\"font-family: verdana, geneva, sans-serif; font-size: 1rem;\"><a href=\"upload\/2018-0111_-_Res._JC_-_Sobre_presentacion_a_concursos_Nivel_Superior.pdf\" target=\"_blank\" rel=\"noopener\">Res. JC del CGE &#8211; Sobre presentaci\u00f3n a concursos Nivel Superior<\/a><\/span><\/td><td><span style=\"font-family: verdana, geneva, sans-serif; font-size: 1rem;\"><a href=\"upload\/2018-0111_-_Res._JC_-_Sobre_presentacion_a_concursos_Nivel_Superior.pdf\" target=\"_blank\" rel=\"noopener\"><img decoding=\"async\" title=\"Icono Descargar PDF\" src=\"https:\/\/itsmariagrande-ers.infd.edu.ar\/sitio\/wp-content\/uploads\/2018\/07\/Descargar_PDF.jpg\" alt=\"Icono Descargar PDF\" width=\"50%\" border=\"0\"><\/a><\/span><\/td><\/tr><tr><td colspan=\"3\"><span style=\"font-family: verdana, geneva, sans-serif; font-size: 1rem;\"><strong>Otras<\/strong><\/span><\/td><\/tr><tr><td><span style=\"font-family: verdana, geneva, sans-serif; font-size: 1rem;\"><a href=\"upload\/2000-5923_-_MGJE_-_Decreto._Regimen_unificado_de_Licencias.pdf\" target=\"_blank\" rel=\"noopener\">2000-5923<\/a><\/span><\/td><td><span style=\"font-family: verdana, geneva, sans-serif; font-size: 1rem;\"><a href=\"upload\/2000-5923_-_MGJE_-_Decreto._Regimen_unificado_de_Licencias.pdf\" target=\"_blank\" rel=\"noopener\">Decreto 5923\/2000 &#8211; MGJE &#8211; R\u00e9gimen unificado de Licencias<\/a><\/span><\/td><td><span style=\"font-family: verdana, geneva, sans-serif; font-size: 1rem;\"><a href=\"upload\/2000-5923_-_MGJE_-_Decreto._Regimen_unificado_de_Licencias.pdf\" target=\"_blank\" rel=\"noopener\"><img decoding=\"async\" title=\"Icono Descargar PDF\" src=\"https:\/\/itsmariagrande-ers.infd.edu.ar\/sitio\/wp-content\/uploads\/2018\/07\/Descargar_PDF.jpg\" alt=\"Icono Descargar PDF\" width=\"50%\" border=\"0\"><\/a><\/span><\/td><\/tr><tr><td><span style=\"font-family: verdana, geneva, sans-serif; font-size: 1rem;\"><a title=\"2012-3625 - Consejos Evaluadores\" href=\"upload\/2012-3625_-_Res._CGE_-_Consejos_Evaluadores.pdf\" target=\"_blank\" rel=\"noopener\">2012-3625<\/a><\/span><\/td><td><span style=\"font-family: verdana, geneva, sans-serif; font-size: 1rem;\"><a href=\"upload\/2012-3625_-_Res._CGE_-_Consejos_Evaluadores.pdf\" target=\"_blank\" rel=\"noopener\">Consejo Evaluadores<\/a><\/span><\/td><td><span style=\"font-family: verdana, geneva, sans-serif; font-size: 1rem;\"><a href=\"upload\/2012-3625_-_Res._CGE_-_Consejos_Evaluadores.pdf\" target=\"_blank\" rel=\"noopener\"><img decoding=\"async\" title=\"Icono Descargar PDF\" src=\"https:\/\/itsmariagrande-ers.infd.edu.ar\/sitio\/wp-content\/uploads\/2018\/07\/Descargar_PDF.jpg\" alt=\"Icono Descargar PDF\" width=\"50%\" border=\"0\"><\/a><\/span><\/td><\/tr><tr><td><a href=\"https:\/\/itsmariagrande-ers.infd.edu.ar\/sitio\/wp-content\/uploads\/2019\/03\/2007-1888-Res-CGE-Ayudante_de_Catedra.pdf\" target=\"_blank\" rel=\"noopener\"><span style=\"font-family: verdana, geneva, sans-serif; font-size: 1rem;\">2007-1888<\/span><\/a><\/td><td><a href=\"https:\/\/itsmariagrande-ers.infd.edu.ar\/sitio\/wp-content\/uploads\/2019\/03\/2007-1888-Res-CGE-Ayudante_de_Catedra.pdf\" target=\"_blank\" rel=\"noopener\"><span style=\"font-family: verdana, geneva, sans-serif; font-size: 1rem;\">Ayudante de Catedra<\/span><\/a><\/td><td><a href=\"https:\/\/itsmariagrande-ers.infd.edu.ar\/sitio\/wp-content\/uploads\/2019\/03\/2007-1888-Res-CGE-Ayudante_de_Catedra.pdf\" target=\"_blank\" rel=\"noopener\"><span style=\"font-family: verdana, geneva, sans-serif; font-size: 1rem;\"><img decoding=\"async\" title=\"Icono Descargar PDF\" src=\"https:\/\/itsmariagrande-ers.infd.edu.ar\/sitio\/wp-content\/uploads\/2018\/07\/Descargar_PDF.jpg\" alt=\"Icono Descargar PDF\" width=\"50%\" border=\"0\"><\/span><\/a><\/td><\/tr><\/tbody><\/table><\/figure>\n","protected":false},"excerpt":{"rendered":"<p>&nbsp;Documentaci\u00f3n General Estudiantes: &nbsp; &nbsp; &nbsp; Planilla de solicitud de equivalencias (Res. 0249\/24) &nbsp; &nbsp; Docentes: &nbsp; FU &#8211; Formulario \u00fanico &nbsp; Formulario: Solicitud de compensaci\u00f3n por traslado docente &nbsp; Formulario de inscripci\u00f3n a Concursos Docentes (Res. CGE N\u00b0 2300) &nbsp; Formulario de Inscripci\u00f3n. Cargos de Ascenso de Educaci\u00f3n Superior (Res. JC N\u00b0 0351\/17) 2025 &#8230; <a title=\"Normativa y Documentaci\u00f3n General\" class=\"read-more\" href=\"https:\/\/itsmariagrande-ers.infd.edu.ar\/sitio\/normativa-y-documentacion-general\/\" aria-label=\"More on Normativa y Documentaci\u00f3n General\">[+]<\/a><\/p>\n","protected":false},"author":128,"featured_media":0,"parent":0,"menu_order":0,"comment_status":"closed","ping_status":"closed","template":"","meta":[],"acf":[],"_links":{"self":[{"href":"https:\/\/itsmariagrande-ers.infd.edu.ar\/sitio\/wp-json\/wp\/v2\/pages\/1384"}],"collection":[{"href":"https:\/\/itsmariagrande-ers.infd.edu.ar\/sitio\/wp-json\/wp\/v2\/pages"}],"about":[{"href":"https:\/\/itsmariagrande-ers.infd.edu.ar\/sitio\/wp-json\/wp\/v2\/types\/page"}],"author":[{"embeddable":true,"href":"https:\/\/itsmariagrande-ers.infd.edu.ar\/sitio\/wp-json\/wp\/v2\/users\/128"}],"replies":[{"embeddable":true,"href":"https:\/\/itsmariagrande-ers.infd.edu.ar\/sitio\/wp-json\/wp\/v2\/comments?post=1384"}],"version-history":[{"count":12,"href":"https:\/\/itsmariagrande-ers.infd.edu.ar\/sitio\/wp-json\/wp\/v2\/pages\/1384\/revisions"}],"predecessor-version":[{"id":6723,"href":"https:\/\/itsmariagrande-ers.infd.edu.ar\/sitio\/wp-json\/wp\/v2\/pages\/1384\/revisions\/6723"}],"wp:attachment":[{"href":"https:\/\/itsmariagrande-ers.infd.edu.ar\/sitio\/wp-json\/wp\/v2\/media?parent=1384"}],"curies":[{"name":"wp","href":"https:\/\/api.w.org\/{rel}","templated":true}]}}